{"id":2718,"date":"2021-02-04T11:18:34","date_gmt":"2021-02-04T09:18:34","guid":{"rendered":"https:\/\/lavaflow.lt\/?page_id=2718"},"modified":"2021-11-16T22:05:30","modified_gmt":"2021-11-16T20:05:30","slug":"terms-and-conditions","status":"publish","type":"page","link":"https:\/\/lavaflow.lt\/lt\/terms-and-conditions\/","title":{"rendered":"Terms &#038; Conditions"},"content":{"rendered":"<div data-elementor-type=\"wp-post\" data-elementor-id=\"2718\" class=\"elementor elementor-2718\" data-elementor-settings=\"[]\">\n\t\t\t\t\t\t<div class=\"elementor-inner\">\n\t\t\t\t\t\t\t<div class=\"elementor-section-wrap\">\n\t\t\t\t\t\t\t<section class=\"elementor-section elementor-top-section elementor-element elementor-element-811d6f6 elementor-section-boxed elementor-section-height-default elementor-section-height-default\" data-id=\"811d6f6\" data-element_type=\"section\">\n\t\t\t\t\t\t<div class=\"elementor-container elementor-column-gap-default\">\n\t\t\t\t\t\t\t<div class=\"elementor-row\">\n\t\t\t\t\t<div class=\"elementor-column elementor-col-33 elementor-top-column elementor-element elementor-element-284cc9a\" data-id=\"284cc9a\" data-element_type=\"column\">\n\t\t\t<div class=\"elementor-column-wrap\">\n\t\t\t\t\t\t\t<div class=\"elementor-widget-wrap\">\n\t\t\t\t\t\t\t\t<\/div>\n\t\t\t\t\t<\/div>\n\t\t<\/div>\n\t\t\t\t<div class=\"elementor-column elementor-col-33 elementor-top-column elementor-element elementor-element-a79c4e1\" data-id=\"a79c4e1\" data-element_type=\"column\">\n\t\t\t<div class=\"elementor-column-wrap elementor-element-populated\">\n\t\t\t\t\t\t\t<div class=\"elementor-widget-wrap\">\n\t\t\t\t\t\t<div class=\"elementor-element elementor-element-9629d23 elementor-widget elementor-widget-spacer\" data-id=\"9629d23\" data-element_type=\"widget\" data-widget_type=\"spacer.default\">\n\t\t\t\t<div class=\"elementor-widget-container\">\n\t\t\t\t\t<div class=\"elementor-spacer\">\n\t\t\t<div class=\"elementor-spacer-inner\"><\/div>\n\t\t<\/div>\n\t\t\t\t<\/div>\n\t\t\t\t<\/div>\n\t\t\t\t<div class=\"elementor-element elementor-element-405aa4e elementor-widget elementor-widget-text-editor\" data-id=\"405aa4e\" data-element_type=\"widget\" data-widget_type=\"text-editor.default\">\n\t\t\t\t<div class=\"elementor-widget-container\">\n\t\t\t\t\t<div class=\"elementor-text-editor elementor-clearfix\"><p><a href=\"https:\/\/lavaflow.lt\/lt\/shop\/\">\u2190\u00a0 Gr\u012f\u017eti \u012f parduotuv\u0119\u00a0\u00a0<\/a><\/p><\/div>\n\t\t\t\t<\/div>\n\t\t\t\t<\/div>\n\t\t\t\t<div class=\"elementor-element elementor-element-6df1c57 elementor-widget elementor-widget-heading\" data-id=\"6df1c57\" data-element_type=\"widget\" data-widget_type=\"heading.default\">\n\t\t\t\t<div class=\"elementor-widget-container\">\n\t\t\t<h1 class=\"elementor-heading-title elementor-size-default\">APSIPIRKIMO TAISYKL\u0116S<\/h1>\t\t<\/div>\n\t\t\t\t<\/div>\n\t\t\t\t<div class=\"elementor-element elementor-element-ca77e1c elementor-widget elementor-widget-spacer\" data-id=\"ca77e1c\" data-element_type=\"widget\" data-widget_type=\"spacer.default\">\n\t\t\t\t<div class=\"elementor-widget-container\">\n\t\t\t\t\t<div class=\"elementor-spacer\">\n\t\t\t<div class=\"elementor-spacer-inner\"><\/div>\n\t\t<\/div>\n\t\t\t\t<\/div>\n\t\t\t\t<\/div>\n\t\t\t\t\t\t<\/div>\n\t\t\t\t\t<\/div>\n\t\t<\/div>\n\t\t\t\t<div class=\"elementor-column elementor-col-33 elementor-top-column elementor-element elementor-element-3122d72\" data-id=\"3122d72\" data-element_type=\"column\">\n\t\t\t<div class=\"elementor-column-wrap\">\n\t\t\t\t\t\t\t<div class=\"elementor-widget-wrap\">\n\t\t\t\t\t\t\t\t<\/div>\n\t\t\t\t\t<\/div>\n\t\t<\/div>\n\t\t\t\t\t\t\t\t<\/div>\n\t\t\t\t\t<\/div>\n\t\t<\/section>\n\t\t\t\t<section class=\"elementor-section elementor-top-section elementor-element elementor-element-338ea3e elementor-section-full_width elementor-section-height-default elementor-section-height-default\" data-id=\"338ea3e\" data-element_type=\"section\">\n\t\t\t\t\t\t<div class=\"elementor-container elementor-column-gap-default\">\n\t\t\t\t\t\t\t<div class=\"elementor-row\">\n\t\t\t\t\t<div class=\"elementor-column elementor-col-100 elementor-top-column elementor-element elementor-element-f7dcf36\" data-id=\"f7dcf36\" data-element_type=\"column\">\n\t\t\t<div class=\"elementor-column-wrap elementor-element-populated\">\n\t\t\t\t\t\t\t<div class=\"elementor-widget-wrap\">\n\t\t\t\t\t\t<div class=\"elementor-element elementor-element-dcdeb63 elementor-widget-divider--view-line elementor-widget elementor-widget-divider\" data-id=\"dcdeb63\" data-element_type=\"widget\" data-widget_type=\"divider.default\">\n\t\t\t\t<div class=\"elementor-widget-container\">\n\t\t\t\t\t<div class=\"elementor-divider\">\n\t\t\t<span class=\"elementor-divider-separator\">\n\t\t\t\t\t\t<\/span>\n\t\t<\/div>\n\t\t\t\t<\/div>\n\t\t\t\t<\/div>\n\t\t\t\t\t\t<\/div>\n\t\t\t\t\t<\/div>\n\t\t<\/div>\n\t\t\t\t\t\t\t\t<\/div>\n\t\t\t\t\t<\/div>\n\t\t<\/section>\n\t\t\t\t<section class=\"elementor-section elementor-top-section elementor-element elementor-element-1f6e516 elementor-section-boxed elementor-section-height-default elementor-section-height-default\" data-id=\"1f6e516\" data-element_type=\"section\">\n\t\t\t\t\t\t<div class=\"elementor-container elementor-column-gap-default\">\n\t\t\t\t\t\t\t<div class=\"elementor-row\">\n\t\t\t\t\t<div class=\"elementor-column elementor-col-100 elementor-top-column elementor-element elementor-element-dc9cf90\" data-id=\"dc9cf90\" data-element_type=\"column\">\n\t\t\t<div class=\"elementor-column-wrap elementor-element-populated\">\n\t\t\t\t\t\t\t<div class=\"elementor-widget-wrap\">\n\t\t\t\t\t\t<div class=\"elementor-element elementor-element-4fb43b1 elementor-widget elementor-widget-heading\" data-id=\"4fb43b1\" data-element_type=\"widget\" data-widget_type=\"heading.default\">\n\t\t\t\t<div class=\"elementor-widget-container\">\n\t\t\t<h2 class=\"elementor-heading-title elementor-size-default\">Kaip u\u017esisakyti<\/h2>\t\t<\/div>\n\t\t\t\t<\/div>\n\t\t\t\t<div class=\"elementor-element elementor-element-337bbdf elementor-widget elementor-widget-text-editor\" data-id=\"337bbdf\" data-element_type=\"widget\" data-widget_type=\"text-editor.default\">\n\t\t\t\t<div class=\"elementor-widget-container\">\n\t\t\t\t\t<div class=\"elementor-text-editor elementor-clearfix\"><ol><li>Pasirink\u0119 norim\u0105 prek\u0119 paspauskite \u201e\u012ed\u0117ti \u012f krep\u0161el\u012f\u201c (jei norite u\u017esisakyti daugiau preki\u0173, j\u016bs\u0173 jau pasirinktos prek\u0117s i\u0161liks krep\u0161elyje).<\/li><li>Sud\u0117j\u0119 visas norimas prekes, de\u0161iniajame vir\u0161utiniame svetain\u0117s kampe arba de\u0161iniajame apatiniame svetain\u0117s kampe paspauskite krep\u0161elio mygtuk\u0105.<\/li><li>Per\u017ei\u016br\u0117kite savo krep\u0161el\u012f arba eikite tiesiai \u012f apmok\u0117jim\u0105.<\/li><li>Pasirinkite pageidaujam\u0105 pristatymo b\u016bd\u0105 ir \u012fveskite savo asmeninius duomenis (pra\u0161ome \u012fvesti teisingus duomenis, kad kilus nesklandumams su Jumis gal\u0117tume lengvai susisiekti).<\/li><li>B\u016btinai \u012fveskite teising\u0105 pristatymo adres\u0105, ypa\u010d pa\u0161to kod\u0105. (U\u017esakymas nebus pristatytas laiku arba nepasieks j\u016bs\u0173, jei adresas nebus teisingas).<\/li><li>\u012eved\u0119 teisingus duomenis, pasirinkite apmok\u0117jimo b\u016bd\u0105, sutikite su s\u0105lygomis ir spauskite \u201ePateikti u\u017esakym\u0105\u201c.<\/li><li>Pateik\u0119 u\u017esakym\u0105 gausite pirkimo patvirtinim\u0105 J\u016bs\u0173 nurodytu el. pa\u0161tu.<\/li><\/ol><\/div>\n\t\t\t\t<\/div>\n\t\t\t\t<\/div>\n\t\t\t\t<div class=\"elementor-element elementor-element-0bdc8fb elementor-widget elementor-widget-heading\" data-id=\"0bdc8fb\" data-element_type=\"widget\" data-widget_type=\"heading.default\">\n\t\t\t\t<div class=\"elementor-widget-container\">\n\t\t\t<h2 class=\"elementor-heading-title elementor-size-default\">APMOK\u0116JIMO B\u016aDAI<\/h2>\t\t<\/div>\n\t\t\t\t<\/div>\n\t\t\t\t<div class=\"elementor-element elementor-element-087df2b elementor-widget elementor-widget-text-editor\" data-id=\"087df2b\" data-element_type=\"widget\" data-widget_type=\"text-editor.default\">\n\t\t\t\t<div class=\"elementor-widget-container\">\n\t\t\t\t\t<div class=\"elementor-text-editor elementor-clearfix\"><p>Galite pasirinkti patogiausi\u0105 atsiskaitymo b\u016bd\u0105 - elektronin\u0119 bankininkyst\u0119 arba Paypal.<\/p><\/div>\n\t\t\t\t<\/div>\n\t\t\t\t<\/div>\n\t\t\t\t<div class=\"elementor-element elementor-element-8f06822 elementor-widget elementor-widget-heading\" data-id=\"8f06822\" data-element_type=\"widget\" data-widget_type=\"heading.default\">\n\t\t\t\t<div class=\"elementor-widget-container\">\n\t\t\t<h2 class=\"elementor-heading-title elementor-size-default\">NAUDOJIMOSI S\u0104LYGOS<\/h2>\t\t<\/div>\n\t\t\t\t<\/div>\n\t\t\t\t<div class=\"elementor-element elementor-element-8d22def elementor-widget elementor-widget-text-editor\" data-id=\"8d22def\" data-element_type=\"widget\" data-widget_type=\"text-editor.default\">\n\t\t\t\t<div class=\"elementor-widget-container\">\n\t\t\t\t\t<div class=\"elementor-text-editor elementor-clearfix\"><p>M\u016bs\u0173 elektronin\u0117je parduotuv\u0117je www.lavaflow.lt klientai gali apsipirkti kaip individualus arba juridinis asmuo.<\/p><p>Jei norite apsipirkti kaip juridinis asmuo, u\u017epildykite visus duomenis, taip pat prid\u0117kite savo \u012fmon\u0117s rekvizitus u\u017esakymo metu.<\/p><p>Jaunesnis nei 18 met\u0173 klientas apsipirkdamas sutinka, kad gavo t\u0117v\u0173 arba glob\u0117j\u0173 sutikim\u0105 apsipirkti m\u016bs\u0173 parduotuv\u0117je.\u00a0<\/p><p>Klientai atsako u\u017e savo \u012fvestus duomenis:<\/p><ol><li>Klientas, pateikdamas u\u017esakym\u0105, turi \u012fvesti teising\u0105 pristatymo adres\u0105, kurio reikia ne tik pristatymo tikslams, bet ir s\u0105skaitos fakt\u016bros i\u0161ra\u0161ymui.<\/li><li>Pateikiant ir u\u017esakant svarbu \u012fvesti teising\u0105 kliento telefono numer\u012f.<\/li><li>Klientui \u012fvedus neteisingus duomenis, www.lavaflow.lt neatsako u\u017e galimus pristatymo nesklandumus.<\/li><li>M\u016bs\u0173 \u012fmon\u0117 taip pat gali reikalauti apmok\u0117ti papildomus pristatymo mokes\u010dius, jeigu Klientas neteisingai nurod\u0117 duomenis.<\/li><\/ol><p>www.lavaflow.lt turi teis\u0119:<\/p><ol><li>Teikti teisingi duomenis puslapyje: prek\u0117s, preki\u0173 apra\u0161ymai, kainos ir taisykli\u0173 s\u0105lygos. Paskelbus naujas www.lavaflow.lt naudojimosi s\u0105lygas, jos \u012fsigalioja i\u0161 karto.<\/li><li>Paskelbus naujas www.lavaflow.lt naudojimosi s\u0105lygas, jos \u012fsigalioja i\u0161 karto.<\/li><li>Jei klientas nesilaiko naudojimo s\u0105lyg\u0173 mes turime galimyb\u0119 apriboti klient\u0105 naudotis svetaine.<\/li><li>Jei klientas at\u0161aukia jau i\u0161si\u0173st\u0105 u\u017esakym\u0105, \npagal Lietuvos Respublikos civilinio kodekso 6.367 straipsn\u012f, siuntimo i\u0161laidas apmoka klientas.<\/li><\/ol><\/div>\n\t\t\t\t<\/div>\n\t\t\t\t<\/div>\n\t\t\t\t<div class=\"elementor-element elementor-element-2931605 elementor-widget elementor-widget-heading\" data-id=\"2931605\" data-element_type=\"widget\" data-widget_type=\"heading.default\">\n\t\t\t\t<div class=\"elementor-widget-container\">\n\t\t\t<h2 class=\"elementor-heading-title elementor-size-default\">\u012emon\u0117s rekvizitai<\/h2>\t\t<\/div>\n\t\t\t\t<\/div>\n\t\t\t\t<div class=\"elementor-element elementor-element-6d82f2d elementor-widget elementor-widget-text-editor\" data-id=\"6d82f2d\" data-element_type=\"widget\" data-widget_type=\"text-editor.default\">\n\t\t\t\t<div class=\"elementor-widget-container\">\n\t\t\t\t\t<div class=\"elementor-text-editor elementor-clearfix\"><p>Lava Flow prek\u0117s \u017eenklas priklauso MB Lava Flow:<\/p><p><strong>\u012emon\u0117s pavadinimas: MB Lava flow<\/strong><br \/><strong>\u012emon\u0117s kodas: 305681922<\/strong><br \/><strong>Studijos adresas: Gedimino g. 7-1, Marijampol\u0117, Lietuva<\/strong><br \/><strong>+370 638 27860<\/strong><br \/><strong>info@lavaflow.lt<\/strong><\/p><\/div>\n\t\t\t\t<\/div>\n\t\t\t\t<\/div>\n\t\t\t\t<div class=\"elementor-element elementor-element-1a65e7a elementor-widget elementor-widget-text-editor\" data-id=\"1a65e7a\" data-element_type=\"widget\" data-widget_type=\"text-editor.default\">\n\t\t\t\t<div class=\"elementor-widget-container\">\n\t\t\t\t\t<div class=\"elementor-text-editor elementor-clearfix\"><\/div>\n\t\t\t\t<\/div>\n\t\t\t\t<\/div>\n\t\t\t\t\t\t<\/div>\n\t\t\t\t\t<\/div>\n\t\t<\/div>\n\t\t\t\t\t\t\t\t<\/div>\n\t\t\t\t\t<\/div>\n\t\t<\/section>\n\t\t\t\t<section class=\"elementor-section elementor-top-section elementor-element elementor-element-f3ef7f6 elementor-section-boxed elementor-section-height-default elementor-section-height-default\" data-id=\"f3ef7f6\" data-element_type=\"section\">\n\t\t\t\t\t\t<div class=\"elementor-container elementor-column-gap-default\">\n\t\t\t\t\t\t\t<div class=\"elementor-row\">\n\t\t\t\t\t<div class=\"elementor-column elementor-col-100 elementor-top-column elementor-element elementor-element-9001a65\" data-id=\"9001a65\" data-element_type=\"column\">\n\t\t\t<div class=\"elementor-column-wrap elementor-element-populated\">\n\t\t\t\t\t\t\t<div class=\"elementor-widget-wrap\">\n\t\t\t\t\t\t<div class=\"elementor-element elementor-element-e636ef0 elementor-widget elementor-widget-spacer\" data-id=\"e636ef0\" data-element_type=\"widget\" data-widget_type=\"spacer.default\">\n\t\t\t\t<div class=\"elementor-widget-container\">\n\t\t\t\t\t<div class=\"elementor-spacer\">\n\t\t\t<div class=\"elementor-spacer-inner\"><\/div>\n\t\t<\/div>\n\t\t\t\t<\/div>\n\t\t\t\t<\/div>\n\t\t\t\t<div class=\"elementor-element elementor-element-cbfedd7 elementor-widget elementor-widget-text-editor\" data-id=\"cbfedd7\" data-element_type=\"widget\" data-widget_type=\"text-editor.default\">\n\t\t\t\t<div class=\"elementor-widget-container\">\n\t\t\t\t\t<div class=\"elementor-text-editor elementor-clearfix\"><p><a href=\"https:\/\/lavaflow.lt\/lt\/shop\/\">\u2190\u00a0 Gr\u012f\u017eti \u012f parduotuv\u0119\u00a0\u00a0<\/a><\/p><\/div>\n\t\t\t\t<\/div>\n\t\t\t\t<\/div>\n\t\t\t\t<div class=\"elementor-element elementor-element-02dabe5 elementor-widget elementor-widget-spacer\" data-id=\"02dabe5\" data-element_type=\"widget\" data-widget_type=\"spacer.default\">\n\t\t\t\t<div class=\"elementor-widget-container\">\n\t\t\t\t\t<div class=\"elementor-spacer\">\n\t\t\t<div class=\"elementor-spacer-inner\"><\/div>\n\t\t<\/div>\n\t\t\t\t<\/div>\n\t\t\t\t<\/div>\n\t\t\t\t\t\t<\/div>\n\t\t\t\t\t<\/div>\n\t\t<\/div>\n\t\t\t\t\t\t\t\t<\/div>\n\t\t\t\t\t<\/div>\n\t\t<\/section>\n\t\t\t\t\t\t<\/div>\n\t\t\t\t\t\t<\/div>\n\t\t\t\t\t<\/div>","protected":false},"excerpt":{"rendered":"<p>\u2190\u00a0 Back to shop\u00a0\u00a0 TERMS &amp; CONDITIONS How To Order Press \u201eadd to basket\u201c (If You wish to order more products, the products you have already chosen will stay saved in your basket). After you add all wanted products, press the cart button in the right top corner of the website. Next, You can review [&hellip;]<\/p>","protected":false},"author":1,"featured_media":0,"parent":0,"menu_order":0,"comment_status":"closed","ping_status":"closed","template":"elementor_header_footer","meta":{"_monsterinsights_skip_tracking":false,"_monsterinsights_sitenote_active":false,"_monsterinsights_sitenote_note":"","_monsterinsights_sitenote_category":0,"footnotes":""},"class_list":["post-2718","page","type-page","status-publish","hentry","entry","owp-thumbs-layout-horizontal","owp-btn-normal","owp-tabs-layout-horizontal","has-no-thumbnails","has-product-nav"],"acf":[],"_links":{"self":[{"href":"https:\/\/lavaflow.lt\/lt\/wp-json\/wp\/v2\/pages\/2718","targetHints":{"allow":["GET"]}}],"collection":[{"href":"https:\/\/lavaflow.lt\/lt\/wp-json\/wp\/v2\/pages"}],"about":[{"href":"https:\/\/lavaflow.lt\/lt\/wp-json\/wp\/v2\/types\/page"}],"author":[{"embeddable":true,"href":"https:\/\/lavaflow.lt\/lt\/wp-json\/wp\/v2\/users\/1"}],"replies":[{"embeddable":true,"href":"https:\/\/lavaflow.lt\/lt\/wp-json\/wp\/v2\/comments?post=2718"}],"version-history":[{"count":61,"href":"https:\/\/lavaflow.lt\/lt\/wp-json\/wp\/v2\/pages\/2718\/revisions"}],"predecessor-version":[{"id":3837,"href":"https:\/\/lavaflow.lt\/lt\/wp-json\/wp\/v2\/pages\/2718\/revisions\/3837"}],"wp:attachment":[{"href":"https:\/\/lavaflow.lt\/lt\/wp-json\/wp\/v2\/media?parent=2718"}],"curies":[{"name":"wp","href":"https:\/\/api.w.org\/{rel}","templated":true}]}}