{"id":2727,"date":"2021-02-04T11:32:34","date_gmt":"2021-02-04T09:32:34","guid":{"rendered":"https:\/\/lavaflow.lt\/?page_id=2727"},"modified":"2021-02-08T09:07:55","modified_gmt":"2021-02-08T07:07:55","slug":"terms-and-conditions-agreement","status":"publish","type":"page","link":"https:\/\/lavaflow.lt\/lt\/terms-and-conditions-agreement\/","title":{"rendered":"Terms and conditions agreement"},"content":{"rendered":"<div data-elementor-type=\"wp-post\" data-elementor-id=\"2727\" class=\"elementor elementor-2727\" data-elementor-settings=\"[]\">\n\t\t\t\t\t\t<div class=\"elementor-inner\">\n\t\t\t\t\t\t\t<div class=\"elementor-section-wrap\">\n\t\t\t\t\t\t\t<section class=\"elementor-section elementor-top-section elementor-element elementor-element-68e7a5c elementor-section-boxed elementor-section-height-default elementor-section-height-default\" data-id=\"68e7a5c\" data-element_type=\"section\">\n\t\t\t\t\t\t<div class=\"elementor-container elementor-column-gap-default\">\n\t\t\t\t\t\t\t<div class=\"elementor-row\">\n\t\t\t\t\t<div class=\"elementor-column elementor-col-33 elementor-top-column elementor-element elementor-element-42702af\" data-id=\"42702af\" data-element_type=\"column\">\n\t\t\t<div class=\"elementor-column-wrap\">\n\t\t\t\t\t\t\t<div class=\"elementor-widget-wrap\">\n\t\t\t\t\t\t\t\t<\/div>\n\t\t\t\t\t<\/div>\n\t\t<\/div>\n\t\t\t\t<div class=\"elementor-column elementor-col-33 elementor-top-column elementor-element elementor-element-3916d33\" data-id=\"3916d33\" data-element_type=\"column\">\n\t\t\t<div class=\"elementor-column-wrap elementor-element-populated\">\n\t\t\t\t\t\t\t<div class=\"elementor-widget-wrap\">\n\t\t\t\t\t\t<div class=\"elementor-element elementor-element-e7e25fe elementor-widget elementor-widget-heading\" data-id=\"e7e25fe\" data-element_type=\"widget\" data-widget_type=\"heading.default\">\n\t\t\t\t<div class=\"elementor-widget-container\">\n\t\t\t<h1 class=\"elementor-heading-title elementor-size-default\">Apsipirkimo taisykl\u0117s<\/h1>\t\t<\/div>\n\t\t\t\t<\/div>\n\t\t\t\t\t\t<\/div>\n\t\t\t\t\t<\/div>\n\t\t<\/div>\n\t\t\t\t<div class=\"elementor-column elementor-col-33 elementor-top-column elementor-element elementor-element-8cc13c1\" data-id=\"8cc13c1\" data-element_type=\"column\">\n\t\t\t<div class=\"elementor-column-wrap\">\n\t\t\t\t\t\t\t<div class=\"elementor-widget-wrap\">\n\t\t\t\t\t\t\t\t<\/div>\n\t\t\t\t\t<\/div>\n\t\t<\/div>\n\t\t\t\t\t\t\t\t<\/div>\n\t\t\t\t\t<\/div>\n\t\t<\/section>\n\t\t\t\t<section class=\"elementor-section elementor-top-section elementor-element elementor-element-059a2e3 elementor-section-boxed elementor-section-height-default elementor-section-height-default\" data-id=\"059a2e3\" data-element_type=\"section\">\n\t\t\t\t\t\t<div class=\"elementor-container elementor-column-gap-default\">\n\t\t\t\t\t\t\t<div class=\"elementor-row\">\n\t\t\t\t\t<div class=\"elementor-column elementor-col-100 elementor-top-column elementor-element elementor-element-b5c78a6\" data-id=\"b5c78a6\" data-element_type=\"column\">\n\t\t\t<div class=\"elementor-column-wrap elementor-element-populated\">\n\t\t\t\t\t\t\t<div class=\"elementor-widget-wrap\">\n\t\t\t\t\t\t<div class=\"elementor-element elementor-element-0b6d3b4 elementor-widget elementor-widget-text-editor\" data-id=\"0b6d3b4\" data-element_type=\"widget\" data-widget_type=\"text-editor.default\">\n\t\t\t\t<div class=\"elementor-widget-container\">\n\t\t\t\t\t<div class=\"elementor-text-editor elementor-clearfix\"><h2><strong><b>APSIPIRKIMO TAISYKL\u0116S<\/b><\/strong><\/h2><p><strong><b>HOW TO ORDER<\/b><\/strong><\/p><ol><li>Press \u201eadd to basket\u201c (<span style=\"font-size: 14px;\">If You wish to order more products, the products you have already chosen will stay saved in your basket).<\/span><\/li><li><span style=\"font-size: 14px;\">Sud\u0117j\u0119 visas norimas prekes, de\u0161iniajame vir\u0161utiniame svetain\u0117s kampe arba de\u0161iniajame apatiniame svetain\u0117s kampe paspauskite krep\u0161elio mygtuk\u0105.\u00a0<\/span><\/li><li><span style=\"font-size: 14px;\">Per\u017ei\u016br\u0117kite savo krep\u0161el\u012f arba eikite tiesiai \u012f apmok\u0117jim\u0105.<\/span><\/li><li>Choose delivery method you prefer and enter your personal data (please,<span style=\"font-size: 14px;\">\u00a0enter correct data as we would need to contact you for unexpected problems).<\/span><\/li><li><span style=\"font-size: 14px;\">Be sure to enter correct delivery address especially post code. (The order won\u2018t be delivered on time or will fail to reach you unless<\/span><span style=\"font-family: 'Source Code Pro'; font-size: 14px; font-style: normal; font-variant-caps: normal;\">\u00a0your address is correct)<\/span><\/li><li><span style=\"font-size: 14px;\">\u012eved\u0119 teisingus duomenis, pasirinkite apmok\u0117jimo b\u016bd\u0105, sutikite su s\u0105lygomis ir spauskite \u201ePateikti u\u017esakym\u0105\u201c.<\/span><\/li><\/ol><p><strong><b>PAYMENT METHODS<\/b><\/strong><\/p><p>You can choose the most convenient way to pay:<\/p><ol><li>Paysera banklink systems<\/li><li>Paypal<\/li><li>Visa or Mastercard.<\/li><\/ol><p><strong><b>ORDER CONFIRMATION<\/b><\/strong><\/p><p>Pateik\u0119 u\u017esakym\u0105 gausite pirkimo patvirtinim\u0105 J\u016bs\u0173 nurodytu el. pa\u0161tu.<\/p><p><strong><b>TERMS OF USE<\/b><\/strong><\/p><p>M\u016bs\u0173 elektronin\u0117je parduotuv\u0117je www.lavaflow.lt klientai gali apsipirkti kaip individualus arba juridinis asmuo.<\/p><p>Jei norite apsipirkti kaip juridinis asmuo, u\u017epildykite visus duomenis, taip pat prid\u0117kite savo \u012fmon\u0117s rekvizitus u\u017esakymo metu.<\/p><p>Jaunesnis nei 18 met\u0173 klientas apsipirkdamas sutinka, kad gavo t\u0117v\u0173 arba glob\u0117j\u0173 sutikim\u0105 apsipirkti m\u016bs\u0173 parduotuv\u0117je.<\/p><p><span style=\"text-decoration: underline;\">Customers are responsible for their entered data:<\/span><\/p><ol><li>Klientas, pateikdamas u\u017esakym\u0105, turi \u012fvesti teising\u0105 pristatymo adres\u0105, kurio reikia ne tik pristatymo tikslams, bet ir s\u0105skaitos fakt\u016bros i\u0161ra\u0161ymui.<\/li><li>Pateikiant ir u\u017esakant svarbu \u012fvesti teising\u0105 kliento telefono numer\u012f.<\/li><li>Klientui \u012fvedus neteisingus duomenis, www.lavaflow.lt neatsako u\u017e galimus pristatymo nesklandumus.<\/li><li>Please always enter correct post code of delivery address<\/li><li>M\u016bs\u0173 \u012fmon\u0117 taip pat gali reikalauti apmok\u0117ti papildomus pristatymo mokes\u010dius, jeigu Klientas neteisingai nurod\u0117 duomenis.<\/li><\/ol><p><span style=\"text-decoration: underline;\">www.lavaflow.lt turi teis\u0119:<\/span><\/p><ol><li>Teikti teisingi duomenis puslapyje: prek\u0117s, preki\u0173 apra\u0161ymai, kainos ir taisykli\u0173 s\u0105lygos. Paskelbus naujas www.lavaflow.lt naudojimosi s\u0105lygas, jos \u012fsigalioja i\u0161 karto.<\/li><li>Paskelbus naujas www.lavaflow.lt naudojimosi s\u0105lygas, jos \u012fsigalioja i\u0161 karto.<\/li><li>Jei klientas nesilaiko naudojimo s\u0105lyg\u0173 mes turime galimyb\u0119 apriboti klient\u0105 naudotis svetaine.<\/li><li>Jei klientas at\u0161aukia jau i\u0161si\u0173st\u0105 u\u017esakym\u0105, \npagal Lietuvos Respublikos civilinio kodekso 6.367 straipsn\u012f, siuntimo i\u0161laidas apmoka klientas.<\/li><\/ol><p><span style=\"caret-color: #333745; color: #333745; font-family: Helvetica, Arial, sans-serif; font-size: 13px; font-style: normal; font-variant-caps: normal;\">\u00a0<\/span><\/p><h2><strong><b>SHIPPING &amp; RETURNS<\/b><\/strong><\/h2><p><b>PRISTATYMAS<\/b><\/p><p><span style=\"font-size: 10.5pt;\">Savo gaminius siun\u010diame \u012f visas pasaulio \u0161alis . Siuntimo kaina priklauso nuo regiono, kuriame gyvenate:<\/span><\/p><p><span style=\"font-family: 'Source Code Pro'; font-size: 14px; font-style: normal; font-variant-caps: normal;\"><u>Siuntimas Lietuvoje:<\/u><\/span><\/p><ul><li style=\"font-size: 14px;\"><span style=\"font-variant-caps: normal; font-family: 'Source Code Pro'; font-size: 14px; font-style: normal;\">Free shiping with LpExpress self-service terminal.<\/span><\/li><li><span style=\"font-family: 'Source Code Pro'; font-size: 14px; font-style: normal; font-variant-caps: normal;\">Shipping with Omniva self-service parcel terminal cost 3 euros.<\/span><\/li><li><span style=\"font-family: 'Source Code Pro'; font-size: 14px; font-style: normal; font-variant-caps: normal;\">Shiping with\u00a0<\/span>courier 4 euros.<\/li><\/ul><p><u style=\"font-size: 14px;\">Kitos \u0161alys:<\/u><\/p><ul><li><span style=\"font-family: 'Source Code Pro'; font-size: 14px; font-style: normal; font-variant-caps: normal;\">Shipping to European Union countries costs 10 Eur, to other countries &#8211; 15 Eur.\u00a0<\/span><span style=\"font-family: 'Source Code Pro'; font-size: 14px; font-style: normal; font-variant-caps: normal;\">It takes up to 14 business days to ship to EU countries and up to 30 business days for non-EU countries (Shipping through the post office).<\/span><\/li><li><span style=\"font-family: 'Source Code Pro'; font-size: 14px; font-style: normal; font-variant-caps: normal;\">D\u0117l kit\u0173 pristatymo galimybi\u0173 kreipkit\u0117s <a href=\"https:\/\/lavaflow.lt\/lt\/contact-us\/\">\u010cIA<\/a>.<\/span><\/li><li><span style=\"font-family: 'Source Code Pro'; font-size: 14px; font-style: normal; font-variant-caps: normal;\">Atkreipkite d\u0117mes\u012f, kad \u0161ventiniai laikotarpiai (ypa\u010d Kal\u0117d\u0173) yra labai u\u017eimti siunt\u0173 pristatymo \u012fmon\u0117ms, tod\u0117l negarantuojame, kad siunta Jus pasieks laiku.\u00a0<\/span><\/li><\/ul><p><b>GR\u0104\u017dINIMAS<\/b><\/p><p><span style=\"font-size: 14px;\">M\u016bs\u0173 internetin\u0117je parduotuv\u0117je \u012fsigytos prek\u0117s (i\u0161skyrus individualius u\u017esakymus) gali b\u016bti gr\u0105\u017einamos per 14 darbo dien\u0173 nuo preki\u0173 gavimo datos. Gr\u0105\u017einimo prie\u017easties nurodyti neb\u016btina. Kad gr\u0105\u017einimas b\u016bt\u0173 priimtas, prek\u0117s turi b\u016bti nenaudotos ir su originaliomis etiket\u0117mis bei \u012fpakavimu. Gr\u0105\u017einamus produktus pra\u0161ome supakuoti tinkamai. Gav\u0119 prekes, pinigus pervedame per 14 dien\u0173 \u012f t\u0105 pa\u010di\u0105 s\u0105skait\u0105 i\u0161 kurios buvo apmok\u0117ta. Jei norite gr\u0105\u017einti prek\u0119, spauskite <\/span><a style=\"font-size: 14px;\" href=\"https:\/\/lavaflow.lt\/lt\/contact-us\/\">\u010cIA<\/a><span style=\"font-size: 14px;\">, or write and email to info@lavaflow.lt\u00a0<\/span><\/p><p><b>PROPS<\/b><\/p><p><span lang=\"EN-GB\" style=\"font-size: 10.5pt; font-family: 'Source Code Pro', serif;\">Seller: MB Lava flow<\/span><\/p><p><span style=\"font-family: 'Source Code Pro', serif; font-size: 10.5pt;\">Email: info@lavaflow.lt<\/span><\/p><p><span style=\"font-family: 'Source Code Pro', serif; font-size: 10.5pt;\">Address: Gedimino g. 7-1, Marijampol\u0117, LT-68307, Lithuania<\/span><\/p><p><span style=\"font-family: 'Source Code Pro', serif; font-size: 10.5pt;\">Phone: +370 638 27860<\/span><\/p><p><span style=\"color: #454545; font-family: 'Adobe Hebrew', serif; font-size: 11.5pt;\">\u00a0<\/span><\/p><h2><strong><b>PRIVACY AND COOKIES POLICY<\/b><\/strong><\/h2><p><strong><b>GENERAL INFORMATION<\/b><\/strong><\/p><p>MB Lava flow, \u012fmon\u0117 registruota \u0160altinio g. 3-15, Marijampol\u0117, LT-68174, Lietuvoje. valdanti svetain\u0119 https:\/\/lavaflow.lt . \u0160iame puslapyje pateikiama informacija apie m\u016bs\u0173 politik\u0105, susijusi\u0105 su asmens duomen\u0173 rinkimu, naudojimu ir atskleidimu, kai naudojat\u0117s m\u016bs\u0173 paslauga, ir su tais duomenimis susietus pasirinkimus. J\u016bs\u0173 duomenis naudojame paslaugai teikti ir tobulinti. Naudodamiesi paslauga sutinkate su informacijos rinkimu ir naudojimu pagal \u0161i\u0105 politik\u0105. Jei \u0161ioje privatumo politikoje nenurodyta kitaip, \u0161ioje privatumo politikoje vartojamos s\u0105vokos turi tokias pa\u010dias reik\u0161mes kaip ir m\u016bs\u0173 <a href=\"https:\/\/lavaflow.lt\/lt\/terms-and-conditions\/\">APSIPIRKIMO TAISYKL\u0116SE<\/a>.<\/p><p><strong><b>INFORMATION COLLECTION AND USE<\/b><\/strong><\/p><p>Mes renkame keli\u0173 skirting\u0173 tip\u0173 informacij\u0105 \u012fvairiems tikslams, kad gal\u0117tume teikti ir tobulinti savo paslaugas Jums.<\/p><p><strong><b>TYPES OF DATA COLLECTED<\/b><\/strong><\/p><p>Naudodamiesi m\u016bs\u0173 paslauga, galime papra\u0161yti j\u016bs\u0173 pateikti tam tikr\u0105 asmen\u012f identifikuojan\u010di\u0105 informacij\u0105, kuri\u0105 b\u016bt\u0173 galima naudoti norint susisiekti su jumis arba nustatyti j\u016bs\u0173 tapatyb\u0119 (\u201eAsmens duomenys\u201c). Asmen\u012f identifikuojanti informacija gali b\u016bti: el. pa\u0161to adresas, vardas ir pavard\u0117, telefono numeris, adresas, valstija, provincija, pa\u0161to kodas, miestas, \u0161alis.<\/p><p><b>SLAPUKAI IR NAUDOJAMI DUOMENYS<\/b><\/p><p><span style=\"text-decoration: underline;\">Naudojami duomenys<\/span><\/p><p>Taip pat galime rinkti informacij\u0105, kaip pasiekiama Paslauga ir kaip ji naudojama (\"Naudojimo duomenys\"). \u0160ie naudojimo duomenys gali apimti toki\u0105 informacij\u0105 kaip j\u016bs\u0173 kompiuterio interneto protokolo adresas (pvz., IP adresas), nar\u0161ykl\u0117s tipas, nar\u0161ykl\u0117s versija, m\u016bs\u0173 Paslaugos puslapiai, kuriuose lankot\u0117s, j\u016bs\u0173 apsilankymo laikas ir data, laikas, praleistas tuose puslapiuose, unikalus \u012frengini\u0173 identifikatoriai ir kiti diagnostikos duomenys.<\/p><p><span style=\"text-decoration: underline;\">Sekimo ir slapuk\u0173 duomenys<\/span><\/p><p>Naudojame slapukus ir pana\u0161ias sekimo technologijas, kad gal\u0117tume sekti veikl\u0105 m\u016bs\u0173 Paslaugoje ir saugoti tam tikr\u0105 informacij\u0105. Slapukai yra failai su nedideliu duomen\u0173 kiekiu, kurie gali tur\u0117ti anonimin\u012f unikal\u0173 identifikatori\u0173. Slapukai siun\u010diami \u012f j\u016bs\u0173 nar\u0161ykl\u0119 i\u0161 svetain\u0117s ir i\u0161saugomi j\u016bs\u0173 \u012frenginyje. Taip pat naudojamos sekimo technologijos yra \u0161vyturiai, \u017eymos ir scenarijai, skirti rinkti ir sekti informacij\u0105 bei tobulinti ir analizuoti m\u016bs\u0173 paslaug\u0105. Galite nurodyti savo nar\u0161yklei atsisakyti vis\u0173 slapuk\u0173 arba nurodyti, kada slapukas siun\u010diamas. Ta\u010diau jei nepriimsite slapuk\u0173, galb\u016bt negal\u0117site naudotis kai kuriomis m\u016bs\u0173 Paslaugos dalimis.<\/p><p><span style=\"text-decoration: underline;\">M\u016bs\u0173 naudojam\u0173 slapuk\u0173 pavyzd\u017eiai:<\/span><\/p><ol><li><strong>Seanso slapukai.<\/strong> Paslaugai teikti naudojame seanso slapukus.<\/li><li><strong>Nustatym\u0173 slapukai.<\/strong> Naudojame nustatym\u0173 slapukus, kad prisimintume j\u016bs\u0173 nuostatas ir \u012fvairius nustatymus.<\/li><li><strong>Saugumo slapukai.<\/strong> Saugumo tikslais naudojame saugos slapukus.<\/li><\/ol><p><span style=\"text-decoration: underline;\">Duomen\u0173 naudojimas<\/span><\/p><ol><li>\u201eLava flow\u201c naudoja surinktus duomenis \u012fvairiais tikslais:<\/li><li>Teikti ir pri\u017ei\u016br\u0117ti Paslaug\u0105<\/li><li>Nor\u0117dami prane\u0161ti apie m\u016bs\u0173 Paslaugos pakeitimus<\/li><li>Kad gal\u0117tum\u0117te naudotis interaktyviomis m\u016bs\u0173 Paslaugos funkcijomis, kai pasirenkate tai daryti<\/li><li>Teikti klient\u0173 aptarnavim\u0105 ir palaikym\u0105<\/li><li>Pateikti analiz\u0119 ar verting\u0105 informacij\u0105, kad gal\u0117tume pagerinti Paslaug\u0105<\/li><li>Steb\u0117ti Paslaugos naudojim\u0105<\/li><li>Aptikti, u\u017ekirsti keli\u0105 ir spr\u0119sti technines problemas<\/li><\/ol><p><strong><b>TRANSFER OF DATA<\/b><\/strong><\/p><p>J\u016bs\u0173 informacija, \u012fskaitant asmeninius duomenis, gali b\u016bti perduota ir saugoma kompiuteriuose, esan\u010diuose u\u017e j\u016bs\u0173 valstijos, provincijos, \u0161alies ar kitos vyriausybin\u0117s jurisdikcijos rib\u0173, kur duomen\u0173 apsaugos \u012fstatymai gali skirtis nuo j\u016bs\u0173 \u0161alyje galiojan\u010dio \u012fstatym\u0173. Jeigu esate ne Lietuvoje ir pasirenkate teikti mums informacij\u0105, atkreipkite d\u0117mes\u012f, kad duomenis, \u012fskaitant Asmens duomenis, perduodame \u012f Lietuv\u0105 ir ten tvarkome. J\u016bs\u0173 sutikimas su \u0161ia privatumo politika ir tokios informacijos pateikimas rei\u0161kia j\u016bs\u0173 sutikim\u0105 su tokiu perdavimu. \u201eLava flow\u201c imsis vis\u0173 pagr\u012fstai reikaling\u0173 veiksm\u0173, kad u\u017etikrint\u0173, jog j\u016bs\u0173 duomenys b\u016bt\u0173 tvarkomi saugiai ir laikantis \u0161ios privatumo politikos, o j\u016bs\u0173 asmens duomenys nebus perduoti organizacijai ar \u0161aliai, nebent bus taikomos tinkamos kontrol\u0117s priemon\u0117s, \u012fskaitant J\u016bs\u0173 duomen\u0173 ir kitos asmenin\u0117s informacijos saugum\u0105.<\/p><p><strong><b>DISCLOSURE OF DATA<\/b><\/strong><\/p><p>\u201eLava flow\u201c gali atskleisti j\u016bs\u0173 Asmens duomenis, s\u0105\u017einingai manydamas, kad toks veiksmas yra b\u016btinas norint:<\/p><ol><li>Vykdyti teisin\u0119 prievol\u0119<\/li><li>Apsaugoti ir ginti \u201eLava flow\u201c teises ar nuosavyb\u0119<\/li><li>Siekiant u\u017ekirsti keli\u0105 galimiems su Paslauga susijusiems pa\u017eeidimams arba juos i\u0161tirti<\/li><li>Siekiant apsaugoti asmenin\u012f Paslaugos vartotoj\u0173 ar visuomen\u0117s saugum\u0105<\/li><li>Apsaugoti nuo teisin\u0117s atsakomyb\u0117s<\/li><\/ol><p><strong><b>SECURITY OF DATA<\/b><\/strong><\/p><p>Mums svarbus J\u016bs\u0173 duomen\u0173 saugumas, ta\u010diau atminkite, kad joks perdavimo internetu b\u016bdas ar elektroninio saugojimo b\u016bdas n\u0117ra 100% saugus. Nors stengiam\u0117s naudoti komerci\u0161kai priimtinas priemones j\u016bs\u0173 asmens duomenims apsaugoti, negalime garantuoti visi\u0161ko j\u0173 saugumo.<\/p><p><strong><b>SERVICE PROVIDERS<\/b><\/strong><\/p><p>Mes galime \u012fdarbinti tre\u010di\u0173j\u0173 \u0161ali\u0173 \u012fmones ir asmenis, kad palengvintume m\u016bs\u0173 paslaug\u0173 teikim\u0105 (\u201ePaslaug\u0173 teik\u0117jai\u201c), kad m\u016bs\u0173 vardu teikt\u0173 Paslaug\u0105, kad atliktume su paslauga susijusias paslaugas arba pad\u0117t\u0173 mums analizuoti, kaip naudojama m\u016bs\u0173 paslauga. \u0160ios tre\u010diosios \u0161alys turi prieig\u0105 prie j\u016bs\u0173 Asmens duomen\u0173 tik tam, kad atlikt\u0173 \u0161ias u\u017eduotis m\u016bs\u0173 vardu, ir yra \u012fpareigotos j\u0173 neatskleisti ir nenaudoti jokiais kitais tikslais.<\/p><p><strong><b>ANALYTICS<\/b><\/strong><\/p><p>Mes galime pasitelkti tre\u010di\u0173j\u0173 \u0161ali\u0173 paslaug\u0173 teik\u0117jus, kad gal\u0117tume steb\u0117ti ir analizuoti m\u016bs\u0173 Paslaugos naudojim\u0105.<\/p><p><span style=\"text-decoration: underline;\">Google analiz\u0117<\/span><\/p><p>\u201eGoogle Analytics\u201c yra \u201eGoogle\u201c si\u016bloma \u017einiatinklio analiz\u0117s paslauga, kuri stebi ir teikia ataskaitas apie svetain\u0117s sraut\u0105. \u201eGoogle\u201c naudoja surinktus duomenis m\u016bs\u0173 Paslaugos naudojimui steb\u0117ti ir steb\u0117ti. \u0160ie duomenys bendrinami su kitomis \u201eGoogle\u201c paslaugomis. \u201eGoogle\u201c gali naudoti surinktus duomenis kontekstualizuoti ir suasmeninti savo reklamos tinklo skelbimus. \u012edieg\u0119 Google Analytics atsisakymo nar\u0161ykl\u0117s pried\u0105, galite atsisakyti, kad j\u016bs\u0173 veikla Paslaugoje b\u016bt\u0173 prieinama Google Analytics. Priedas neleid\u017eia \u201eGoogle Analytics JavaScript\u201c (ga.js, analytics.js ir dc.js) dalytis informacija apie apsilankym\u0173 veikl\u0105 su \u201eGoogle Analytics\u201c. Nor\u0117dami gauti daugiau informacijos apie \u201eGoogle\u201c privatumo praktik\u0105, apsilankykite \u201eGoogle\u201c privatumo ir s\u0105lyg\u0173 tinklalapyje: https:\/\/policies.google.com\/privacy?hl=lt<\/p><p><strong><b>LINKS TO OTHER SITES<\/b><\/strong><\/p><p>M\u016bs\u0173 Paslaugoje gali b\u016bti nuorod\u0173 \u012f kitas svetaines, kuri\u0173 mes nevaldome. Jei spustel\u0117site tre\u010diosios \u0161alies nuorod\u0105, b\u016bsite nukreipti \u012f tos tre\u010diosios \u0161alies svetain\u0119. Primygtinai rekomenduojame per\u017ei\u016br\u0117ti kiekvienos lankomos svetain\u0117s privatumo politik\u0105. Mes nekontroliuojame ir neprisiimame atsakomyb\u0117s u\u017e bet koki\u0173 tre\u010di\u0173j\u0173 \u0161ali\u0173 svetaini\u0173 ar paslaug\u0173 turin\u012f, privatumo politik\u0105 ar praktik\u0105.<\/p><p><strong><b>CHILDREN&#8217;S PRIVACY<\/b><\/strong><\/p><p>M\u016bs\u0173 paslauga n\u0117ra skirta niekam iki 18 met\u0173 (\u201eVaikams\u201c). S\u0105moningai nerenkame asmen\u012f identifikuojan\u010dios informacijos i\u0161 jaunesni\u0173 nei 18 met\u0173 asmen\u0173. Jei esate vienas i\u0161 t\u0117v\u0173 arba glob\u0117j\u0173 ir \u017einote, kad J\u016bs\u0173 Vaikai mums pateik\u0117 Asmens duomenis, susisiekite su mumis. Jei su\u017einome, kad surinkome Asmens duomenis i\u0161 vaik\u0173 nepatvirtindami t\u0117v\u0173 sutikimo, imam\u0117s veiksm\u0173, kad pa\u0161alintume \u0161i\u0105 informacij\u0105 i\u0161 savo serveri\u0173.<\/p><p><strong><b>CHANGES TO THIS PRIVACY POLICY<\/b><\/strong><\/p><p>Retkar\u010diais galime atnaujinti savo privatumo politik\u0105. Apie bet kokius pakeitimus prane\u0161ime \u0161iame puslapyje paskelbdami nauj\u0105 privatumo politik\u0105. Rekomenduojame periodi\u0161kai per\u017ei\u016br\u0117ti \u0161i\u0105 Privatumo politik\u0105 d\u0117l bet koki\u0173 pakeitim\u0173. \u0160ios privatumo politikos pakeitimai \u012fsigalioja, kai jie paskelbiami \u0161iame puslapyje.<\/p><p><strong><b>susisiekite su mumis<\/b><\/strong><\/p><p>Susisiekite su mumis\nJei turite klausim\u0173 d\u0117l \u0161ios Privatumo politikos el. pa\u0161tu info@lavaflow.lt arba <a href=\"https:\/\/lavaflow.lt\/lt\/contact-us\/\">\u010cIA<\/a>.<\/p><p><span style=\"caret-color: #333745; color: #333745; font-family: Helvetica, Arial, sans-serif; font-size: 13px; font-style: normal; font-variant-caps: normal;\">\u00a0<\/span><\/p><p style=\"margin: 0cm 0cm 0.0001pt; font-size: medium; font-family: 'Times New Roman', serif; font-style: normal; font-variant-caps: normal;\">\u00a0<\/p><\/div>\n\t\t\t\t<\/div>\n\t\t\t\t<\/div>\n\t\t\t\t\t\t<\/div>\n\t\t\t\t\t<\/div>\n\t\t<\/div>\n\t\t\t\t\t\t\t\t<\/div>\n\t\t\t\t\t<\/div>\n\t\t<\/section>\n\t\t\t\t\t\t<\/div>\n\t\t\t\t\t\t<\/div>\n\t\t\t\t\t<\/div>","protected":false},"excerpt":{"rendered":"<p>Terms &amp; conditions TERMS &amp; CONDITIONS HOW TO ORDER Press \u201eadd to basket\u201c (If You wish to order more products, the products you have already chosen will stay saved in your basket). After you add all wanted products, press the cart button in the right top corner of the website.\u00a0 Next, You can review Your [&hellip;]<\/p>","protected":false},"author":1,"featured_media":0,"parent":0,"menu_order":0,"comment_status":"closed","ping_status":"closed","template":"elementor_header_footer","meta":{"_monsterinsights_skip_tracking":false,"_monsterinsights_sitenote_active":false,"_monsterinsights_sitenote_note":"","_monsterinsights_sitenote_category":0,"footnotes":""},"class_list":["post-2727","page","type-page","status-publish","hentry","entry","owp-thumbs-layout-horizontal","owp-btn-normal","owp-tabs-layout-horizontal","has-no-thumbnails","has-product-nav"],"acf":[],"_links":{"self":[{"href":"https:\/\/lavaflow.lt\/lt\/wp-json\/wp\/v2\/pages\/2727","targetHints":{"allow":["GET"]}}],"collection":[{"href":"https:\/\/lavaflow.lt\/lt\/wp-json\/wp\/v2\/pages"}],"about":[{"href":"https:\/\/lavaflow.lt\/lt\/wp-json\/wp\/v2\/types\/page"}],"author":[{"embeddable":true,"href":"https:\/\/lavaflow.lt\/lt\/wp-json\/wp\/v2\/users\/1"}],"replies":[{"embeddable":true,"href":"https:\/\/lavaflow.lt\/lt\/wp-json\/wp\/v2\/comments?post=2727"}],"version-history":[{"count":13,"href":"https:\/\/lavaflow.lt\/lt\/wp-json\/wp\/v2\/pages\/2727\/revisions"}],"predecessor-version":[{"id":2869,"href":"https:\/\/lavaflow.lt\/lt\/wp-json\/wp\/v2\/pages\/2727\/revisions\/2869"}],"wp:attachment":[{"href":"https:\/\/lavaflow.lt\/lt\/wp-json\/wp\/v2\/media?parent=2727"}],"curies":[{"name":"wp","href":"https:\/\/api.w.org\/{rel}","templated":true}]}}