{"id":377,"date":"2018-10-07T14:22:51","date_gmt":"2018-10-07T14:22:51","guid":{"rendered":"https:\/\/lavaflow.lt\/?page_id=377"},"modified":"2022-04-01T12:25:32","modified_gmt":"2022-04-01T09:25:32","slug":"privacy-policy","status":"publish","type":"page","link":"https:\/\/lavaflow.lt\/lt\/privacy-policy\/","title":{"rendered":"Privatumo politika"},"content":{"rendered":"<div data-elementor-type=\"wp-post\" data-elementor-id=\"377\" class=\"elementor elementor-377\" data-elementor-settings=\"[]\">\n\t\t\t\t\t\t<div class=\"elementor-inner\">\n\t\t\t\t\t\t\t<div class=\"elementor-section-wrap\">\n\t\t\t\t\t\t\t<section class=\"elementor-section elementor-top-section elementor-element elementor-element-67e67d1 elementor-section-boxed elementor-section-height-default elementor-section-height-default\" data-id=\"67e67d1\" data-element_type=\"section\">\n\t\t\t\t\t\t<div class=\"elementor-container elementor-column-gap-default\">\n\t\t\t\t\t\t\t<div class=\"elementor-row\">\n\t\t\t\t\t<div class=\"elementor-column elementor-col-33 elementor-top-column elementor-element elementor-element-781fa7c\" data-id=\"781fa7c\" data-element_type=\"column\">\n\t\t\t<div class=\"elementor-column-wrap\">\n\t\t\t\t\t\t\t<div class=\"elementor-widget-wrap\">\n\t\t\t\t\t\t\t\t<\/div>\n\t\t\t\t\t<\/div>\n\t\t<\/div>\n\t\t\t\t<div class=\"elementor-column elementor-col-33 elementor-top-column elementor-element elementor-element-e840bde\" data-id=\"e840bde\" data-element_type=\"column\">\n\t\t\t<div class=\"elementor-column-wrap elementor-element-populated\">\n\t\t\t\t\t\t\t<div class=\"elementor-widget-wrap\">\n\t\t\t\t\t\t<div class=\"elementor-element elementor-element-7bec0dd elementor-widget elementor-widget-spacer\" data-id=\"7bec0dd\" data-element_type=\"widget\" data-widget_type=\"spacer.default\">\n\t\t\t\t<div class=\"elementor-widget-container\">\n\t\t\t\t\t<div class=\"elementor-spacer\">\n\t\t\t<div class=\"elementor-spacer-inner\"><\/div>\n\t\t<\/div>\n\t\t\t\t<\/div>\n\t\t\t\t<\/div>\n\t\t\t\t<div class=\"elementor-element elementor-element-3808f35 elementor-widget elementor-widget-text-editor\" data-id=\"3808f35\" data-element_type=\"widget\" data-widget_type=\"text-editor.default\">\n\t\t\t\t<div class=\"elementor-widget-container\">\n\t\t\t\t\t<div class=\"elementor-text-editor elementor-clearfix\"><p><a href=\"https:\/\/lavaflow.lt\/lt\/shop\/\">\u2190\u00a0 Gr\u012f\u017eti \u012f parduotuv\u0119\u00a0\u00a0<\/a><\/p><\/div>\n\t\t\t\t<\/div>\n\t\t\t\t<\/div>\n\t\t\t\t<div class=\"elementor-element elementor-element-e4320b4 elementor-widget elementor-widget-heading\" data-id=\"e4320b4\" data-element_type=\"widget\" data-widget_type=\"heading.default\">\n\t\t\t\t<div class=\"elementor-widget-container\">\n\t\t\t<h1 class=\"elementor-heading-title elementor-size-default\">Privatumo politika<\/h1>\t\t<\/div>\n\t\t\t\t<\/div>\n\t\t\t\t<div class=\"elementor-element elementor-element-a8cfc6e elementor-widget elementor-widget-spacer\" data-id=\"a8cfc6e\" data-element_type=\"widget\" data-widget_type=\"spacer.default\">\n\t\t\t\t<div class=\"elementor-widget-container\">\n\t\t\t\t\t<div class=\"elementor-spacer\">\n\t\t\t<div class=\"elementor-spacer-inner\"><\/div>\n\t\t<\/div>\n\t\t\t\t<\/div>\n\t\t\t\t<\/div>\n\t\t\t\t\t\t<\/div>\n\t\t\t\t\t<\/div>\n\t\t<\/div>\n\t\t\t\t<div class=\"elementor-column elementor-col-33 elementor-top-column elementor-element elementor-element-f850eb6\" data-id=\"f850eb6\" data-element_type=\"column\">\n\t\t\t<div class=\"elementor-column-wrap\">\n\t\t\t\t\t\t\t<div class=\"elementor-widget-wrap\">\n\t\t\t\t\t\t\t\t<\/div>\n\t\t\t\t\t<\/div>\n\t\t<\/div>\n\t\t\t\t\t\t\t\t<\/div>\n\t\t\t\t\t<\/div>\n\t\t<\/section>\n\t\t\t\t<section class=\"elementor-section elementor-top-section elementor-element elementor-element-1f6e516 elementor-section-boxed elementor-section-height-default elementor-section-height-default\" data-id=\"1f6e516\" data-element_type=\"section\">\n\t\t\t\t\t\t<div class=\"elementor-container elementor-column-gap-default\">\n\t\t\t\t\t\t\t<div class=\"elementor-row\">\n\t\t\t\t\t<div class=\"elementor-column elementor-col-100 elementor-top-column elementor-element elementor-element-dc9cf90\" data-id=\"dc9cf90\" data-element_type=\"column\">\n\t\t\t<div class=\"elementor-column-wrap elementor-element-populated\">\n\t\t\t\t\t\t\t<div class=\"elementor-widget-wrap\">\n\t\t\t\t\t\t<div class=\"elementor-element elementor-element-c99778f elementor-widget elementor-widget-text-editor\" data-id=\"c99778f\" data-element_type=\"widget\" data-widget_type=\"text-editor.default\">\n\t\t\t\t<div class=\"elementor-widget-container\">\n\t\t\t\t\t<div class=\"elementor-text-editor elementor-clearfix\"><p>MB Lava flow, \u012fmon\u0117 registruota \u0160altinio g. 3-15, Marijampol\u0117, LT-68174, Lietuvoje. valdanti svetain\u0119 https:\/\/lavaflow.lt . \u0160iame puslapyje pateikiama informacija apie m\u016bs\u0173 politik\u0105, susijusi\u0105 su asmens duomen\u0173 rinkimu, naudojimu ir atskleidimu, kai naudojat\u0117s m\u016bs\u0173 paslauga, ir su tais duomenimis susietus pasirinkimus. J\u016bs\u0173 duomenis naudojame paslaugai teikti ir tobulinti. Naudodamiesi paslauga sutinkate su informacijos rinkimu ir naudojimu pagal \u0161i\u0105 politik\u0105. Jei \u0161ioje privatumo politikoje nenurodyta kitaip, \u0161ioje privatumo politikoje vartojamos s\u0105vokos turi tokias pa\u010dias reik\u0161mes kaip ir m\u016bs\u0173 <a href=\"https:\/\/lavaflow.lt\/lt\/terms-and-conditions\/\">APSIPIRKIMO TAISYKL\u0116SE<\/a>.<\/p><p><strong><b>Informacijos rinkimas ir naudojimas<\/b><\/strong><\/p><p>Mes renkame keli\u0173 skirting\u0173 tip\u0173 informacij\u0105 \u012fvairiems tikslams, kad gal\u0117tume teikti ir tobulinti savo paslaugas Jums.<\/p><p><strong><b>Renkam\u0173 duomen\u0173 tipai<\/b><\/strong><\/p><p>Naudodamiesi m\u016bs\u0173 paslauga, galime papra\u0161yti j\u016bs\u0173 pateikti tam tikr\u0105 asmen\u012f identifikuojan\u010di\u0105 informacij\u0105, kuri\u0105 b\u016bt\u0173 galima naudoti norint susisiekti su jumis arba nustatyti j\u016bs\u0173 tapatyb\u0119 (\u201eAsmens duomenys\u201c). Asmen\u012f identifikuojanti informacija gali b\u016bti: el. pa\u0161to adresas, vardas ir pavard\u0117, telefono numeris, adresas, valstija, provincija, pa\u0161to kodas, miestas, \u0161alis.<\/p><p><b>Slapukai ir naudojimo duomenys<\/b><\/p><p><span style=\"text-decoration: underline;\">Naudojami duomenys<\/span><\/p><p>Taip pat galime rinkti informacij\u0105, kaip pasiekiama Paslauga ir kaip ji naudojama (\"Naudojimo duomenys\"). \u0160ie naudojimo duomenys gali apimti toki\u0105 informacij\u0105 kaip j\u016bs\u0173 kompiuterio interneto protokolo adresas (pvz., IP adresas), nar\u0161ykl\u0117s tipas, nar\u0161ykl\u0117s versija, m\u016bs\u0173 Paslaugos puslapiai, kuriuose lankot\u0117s, j\u016bs\u0173 apsilankymo laikas ir data, laikas, praleistas tuose puslapiuose, unikalus \u012frengini\u0173 identifikatoriai ir kiti diagnostikos duomenys.<\/p><p><span style=\"text-decoration: underline;\">Sekimo ir slapuk\u0173 duomenys<\/span><\/p><p>Naudojame slapukus ir pana\u0161ias sekimo technologijas, kad gal\u0117tume sekti veikl\u0105 m\u016bs\u0173 Paslaugoje ir saugoti tam tikr\u0105 informacij\u0105. Slapukai yra failai su nedideliu duomen\u0173 kiekiu, kurie gali tur\u0117ti anonimin\u012f unikal\u0173 identifikatori\u0173. Slapukai siun\u010diami \u012f j\u016bs\u0173 nar\u0161ykl\u0119 i\u0161 svetain\u0117s ir i\u0161saugomi j\u016bs\u0173 \u012frenginyje. Taip pat naudojamos sekimo technologijos yra \u0161vyturiai, \u017eymos ir scenarijai, skirti rinkti ir sekti informacij\u0105 bei tobulinti ir analizuoti m\u016bs\u0173 paslaug\u0105. Galite nurodyti savo nar\u0161yklei atsisakyti vis\u0173 slapuk\u0173 arba nurodyti, kada slapukas siun\u010diamas. Ta\u010diau jei nepriimsite slapuk\u0173, galb\u016bt negal\u0117site naudotis kai kuriomis m\u016bs\u0173 Paslaugos dalimis.<\/p><p><span style=\"text-decoration: underline;\">M\u016bs\u0173 naudojam\u0173 slapuk\u0173 pavyzd\u017eiai:<\/span><\/p><ol><li><strong>Seanso slapukai.<\/strong> Paslaugai teikti naudojame seanso slapukus.<\/li><li><strong>Nustatym\u0173 slapukai.<\/strong> Naudojame nustatym\u0173 slapukus, kad prisimintume j\u016bs\u0173 nuostatas ir \u012fvairius nustatymus.<\/li><li><strong>Saugumo slapukai.<\/strong> Saugumo tikslais naudojame saugos slapukus.<\/li><\/ol><p><span style=\"text-decoration: underline;\">Duomen\u0173 naudojimas<\/span><\/p><p><span style=\"font-size: 16px;\">\u201eLava flow\u201c naudoja surinktus duomenis \u012fvairiais tikslais:<\/span><\/p><ol><li>Teikti ir pri\u017ei\u016br\u0117ti Paslaug\u0105<\/li><li>Nor\u0117dami prane\u0161ti apie m\u016bs\u0173 Paslaugos pakeitimus<\/li><li>Kad gal\u0117tum\u0117te naudotis interaktyviomis m\u016bs\u0173 Paslaugos funkcijomis, kai pasirenkate tai daryti<\/li><li>Teikti klient\u0173 aptarnavim\u0105 ir palaikym\u0105<\/li><li>Pateikti analiz\u0119 ar verting\u0105 informacij\u0105, kad gal\u0117tume pagerinti Paslaug\u0105<\/li><li>Steb\u0117ti Paslaugos naudojim\u0105<\/li><li>Aptikti, u\u017ekirsti keli\u0105 ir spr\u0119sti technines problemas<\/li><\/ol><p><strong><b>Duomen\u0173 perdavimas<\/b><\/strong><\/p><p>J\u016bs\u0173 informacija, \u012fskaitant asmeninius duomenis, gali b\u016bti perduota ir saugoma kompiuteriuose, esan\u010diuose u\u017e j\u016bs\u0173 valstijos, provincijos, \u0161alies ar kitos vyriausybin\u0117s jurisdikcijos rib\u0173, kur duomen\u0173 apsaugos \u012fstatymai gali skirtis nuo j\u016bs\u0173 \u0161alyje galiojan\u010dio \u012fstatym\u0173. Jeigu esate ne Lietuvoje ir pasirenkate teikti mums informacij\u0105, atkreipkite d\u0117mes\u012f, kad duomenis, \u012fskaitant Asmens duomenis, perduodame \u012f Lietuv\u0105 ir ten tvarkome. J\u016bs\u0173 sutikimas su \u0161ia privatumo politika ir tokios informacijos pateikimas rei\u0161kia j\u016bs\u0173 sutikim\u0105 su tokiu perdavimu. \u201eLava flow\u201c imsis vis\u0173 pagr\u012fstai reikaling\u0173 veiksm\u0173, kad u\u017etikrint\u0173, jog j\u016bs\u0173 duomenys b\u016bt\u0173 tvarkomi saugiai ir laikantis \u0161ios privatumo politikos, o j\u016bs\u0173 asmens duomenys nebus perduoti organizacijai ar \u0161aliai, nebent bus taikomos tinkamos kontrol\u0117s priemon\u0117s, \u012fskaitant J\u016bs\u0173 duomen\u0173 ir kitos asmenin\u0117s informacijos saugum\u0105.<\/p><p><strong><b>Duomen\u0173 atskleidimas<\/b><\/strong><\/p><p>\u201eLava flow\u201c gali atskleisti j\u016bs\u0173 Asmens duomenis, s\u0105\u017einingai manydamas, kad toks veiksmas yra b\u016btinas norint:<\/p><ol><li>Vykdyti teisin\u0119 prievol\u0119<\/li><li>Apsaugoti ir ginti \u201eLava flow\u201c teises ar nuosavyb\u0119<\/li><li>Siekiant u\u017ekirsti keli\u0105 galimiems su Paslauga susijusiems pa\u017eeidimams arba juos i\u0161tirti<\/li><li>Siekiant apsaugoti asmenin\u012f Paslaugos vartotoj\u0173 ar visuomen\u0117s saugum\u0105<\/li><li>Apsaugoti nuo teisin\u0117s atsakomyb\u0117s<\/li><\/ol><p><strong><b>Duomen\u0173 saugumas<\/b><\/strong><\/p><p>Mums svarbus J\u016bs\u0173 duomen\u0173 saugumas, ta\u010diau atminkite, kad joks perdavimo internetu b\u016bdas ar elektroninio saugojimo b\u016bdas n\u0117ra 100% saugus. Nors stengiam\u0117s naudoti komerci\u0161kai priimtinas priemones j\u016bs\u0173 asmens duomenims apsaugoti, negalime garantuoti visi\u0161ko j\u0173 saugumo.<\/p><p><strong><b>Paslaug\u0173 tiek\u0117jai<\/b><\/strong><\/p><p>Mes galime \u012fdarbinti tre\u010di\u0173j\u0173 \u0161ali\u0173 \u012fmones ir asmenis, kad palengvintume m\u016bs\u0173 paslaug\u0173 teikim\u0105 (\u201ePaslaug\u0173 teik\u0117jai\u201c), kad m\u016bs\u0173 vardu teikt\u0173 Paslaug\u0105, kad atliktume su paslauga susijusias paslaugas arba pad\u0117t\u0173 mums analizuoti, kaip naudojama m\u016bs\u0173 paslauga. \u0160ios tre\u010diosios \u0161alys turi prieig\u0105 prie j\u016bs\u0173 Asmens duomen\u0173 tik tam, kad atlikt\u0173 \u0161ias u\u017eduotis m\u016bs\u0173 vardu, ir yra \u012fpareigotos j\u0173 neatskleisti ir nenaudoti jokiais kitais tikslais.<\/p><p><strong><b>Analiz\u0117<\/b><\/strong><\/p><p>Mes galime pasitelkti tre\u010di\u0173j\u0173 \u0161ali\u0173 paslaug\u0173 teik\u0117jus, kad gal\u0117tume steb\u0117ti ir analizuoti m\u016bs\u0173 Paslaugos naudojim\u0105.<\/p><p><span style=\"text-decoration: underline;\">Google analiz\u0117<\/span><\/p><p>\u201eGoogle Analytics\u201c yra \u201eGoogle\u201c si\u016bloma \u017einiatinklio analiz\u0117s paslauga, kuri stebi ir teikia ataskaitas apie svetain\u0117s sraut\u0105. \u201eGoogle\u201c naudoja surinktus duomenis m\u016bs\u0173 Paslaugos naudojimui steb\u0117ti ir steb\u0117ti. \u0160ie duomenys bendrinami su kitomis \u201eGoogle\u201c paslaugomis. \u201eGoogle\u201c gali naudoti surinktus duomenis kontekstualizuoti ir suasmeninti savo reklamos tinklo skelbimus. \u012edieg\u0119 Google Analytics atsisakymo nar\u0161ykl\u0117s pried\u0105, galite atsisakyti, kad j\u016bs\u0173 veikla Paslaugoje b\u016bt\u0173 prieinama Google Analytics. Priedas neleid\u017eia \u201eGoogle Analytics JavaScript\u201c (ga.js, analytics.js ir dc.js) dalytis informacija apie apsilankym\u0173 veikl\u0105 su \u201eGoogle Analytics\u201c. Nor\u0117dami gauti daugiau informacijos apie \u201eGoogle\u201c privatumo praktik\u0105, apsilankykite \u201eGoogle\u201c privatumo ir s\u0105lyg\u0173 tinklalapyje: https:\/\/policies.google.com\/privacy?hl=lt<\/p><p><strong><b>Nuorodos \u012f kitas svetaines<\/b><\/strong><\/p><p>M\u016bs\u0173 Paslaugoje gali b\u016bti nuorod\u0173 \u012f kitas svetaines, kuri\u0173 mes nevaldome. Jei spustel\u0117site tre\u010diosios \u0161alies nuorod\u0105, b\u016bsite nukreipti \u012f tos tre\u010diosios \u0161alies svetain\u0119. Primygtinai rekomenduojame per\u017ei\u016br\u0117ti kiekvienos lankomos svetain\u0117s privatumo politik\u0105. Mes nekontroliuojame ir neprisiimame atsakomyb\u0117s u\u017e bet koki\u0173 tre\u010di\u0173j\u0173 \u0161ali\u0173 svetaini\u0173 ar paslaug\u0173 turin\u012f, privatumo politik\u0105 ar praktik\u0105.<\/p><p><strong><b>Vaik\u0173 privatumas<\/b><\/strong><\/p><p>M\u016bs\u0173 paslauga n\u0117ra skirta niekam iki 18 met\u0173 (\u201eVaikams\u201c). S\u0105moningai nerenkame asmen\u012f identifikuojan\u010dios informacijos i\u0161 jaunesni\u0173 nei 18 met\u0173 asmen\u0173. Jei esate vienas i\u0161 t\u0117v\u0173 arba glob\u0117j\u0173 ir \u017einote, kad J\u016bs\u0173 Vaikai mums pateik\u0117 Asmens duomenis, susisiekite su mumis. Jei su\u017einome, kad surinkome Asmens duomenis i\u0161 vaik\u0173 nepatvirtindami t\u0117v\u0173 sutikimo, imam\u0117s veiksm\u0173, kad pa\u0161alintume \u0161i\u0105 informacij\u0105 i\u0161 savo serveri\u0173.<\/p><p><strong><b>\u0160ios privatumo politikos pakeitimai<\/b><\/strong><\/p><p>Retkar\u010diais galime atnaujinti savo privatumo politik\u0105. Apie bet kokius pakeitimus prane\u0161ime \u0161iame puslapyje paskelbdami nauj\u0105 privatumo politik\u0105. Rekomenduojame periodi\u0161kai per\u017ei\u016br\u0117ti \u0161i\u0105 Privatumo politik\u0105 d\u0117l bet koki\u0173 pakeitim\u0173. \u0160ios privatumo politikos pakeitimai \u012fsigalioja, kai jie paskelbiami \u0161iame puslapyje.<\/p><p><strong>Naujienlai\u0161kis<br \/><br \/><\/strong>If you subscribe to our newsletter, then we will use the data necessary for this purpose or date provided to us separately by you for the purpose of regularly sending our newsletter by electronic means based on your consent.<br \/>You can unsubscribe from receiving the newsletter at any time by sending us a message with relevant information or by using the appropriate link in the newsletter. Once you demand to not receive the newsletter, we will delete your e-mail address, unless you expressly agree to continue using your data for other purposes or we entitled to continue using the data in the legally permitted cases.<\/p><p><strong><b>Susisiekite su mumis<\/b><\/strong><\/p><p>Susisiekite su mumis\nJei turite klausim\u0173 d\u0117l \u0161ios Privatumo politikos el. pa\u0161tu info@lavaflow.lt arba <a href=\"https:\/\/lavaflow.lt\/lt\/contact-us\/\">\u010cIA<\/a>.<\/p><p><span style=\"caret-color: #333745; color: #333745; font-family: Helvetica, Arial, sans-serif; font-size: 13px; font-style: normal; font-variant-caps: normal;\">\u00a0<\/span><\/p><\/div>\n\t\t\t\t<\/div>\n\t\t\t\t<\/div>\n\t\t\t\t<div class=\"elementor-element elementor-element-1a65e7a elementor-widget elementor-widget-text-editor\" data-id=\"1a65e7a\" data-element_type=\"widget\" data-widget_type=\"text-editor.default\">\n\t\t\t\t<div class=\"elementor-widget-container\">\n\t\t\t\t\t<div class=\"elementor-text-editor elementor-clearfix\"><\/div>\n\t\t\t\t<\/div>\n\t\t\t\t<\/div>\n\t\t\t\t\t\t<\/div>\n\t\t\t\t\t<\/div>\n\t\t<\/div>\n\t\t\t\t\t\t\t\t<\/div>\n\t\t\t\t\t<\/div>\n\t\t<\/section>\n\t\t\t\t<section class=\"elementor-section elementor-top-section elementor-element elementor-element-941f4ee elementor-section-boxed elementor-section-height-default elementor-section-height-default\" data-id=\"941f4ee\" data-element_type=\"section\">\n\t\t\t\t\t\t<div class=\"elementor-container elementor-column-gap-default\">\n\t\t\t\t\t\t\t<div class=\"elementor-row\">\n\t\t\t\t\t<div class=\"elementor-column elementor-col-100 elementor-top-column elementor-element elementor-element-c373f29\" data-id=\"c373f29\" data-element_type=\"column\">\n\t\t\t<div class=\"elementor-column-wrap elementor-element-populated\">\n\t\t\t\t\t\t\t<div class=\"elementor-widget-wrap\">\n\t\t\t\t\t\t<div class=\"elementor-element elementor-element-60783a6 elementor-widget elementor-widget-spacer\" data-id=\"60783a6\" data-element_type=\"widget\" data-widget_type=\"spacer.default\">\n\t\t\t\t<div class=\"elementor-widget-container\">\n\t\t\t\t\t<div class=\"elementor-spacer\">\n\t\t\t<div class=\"elementor-spacer-inner\"><\/div>\n\t\t<\/div>\n\t\t\t\t<\/div>\n\t\t\t\t<\/div>\n\t\t\t\t<div class=\"elementor-element elementor-element-bebba63 elementor-widget elementor-widget-text-editor\" data-id=\"bebba63\" data-element_type=\"widget\" data-widget_type=\"text-editor.default\">\n\t\t\t\t<div class=\"elementor-widget-container\">\n\t\t\t\t\t<div class=\"elementor-text-editor elementor-clearfix\"><p><a href=\"https:\/\/lavaflow.lt\/lt\/shop\/\">\u2190\u00a0 Gr\u012f\u017eti \u012f parduotuv\u0119\u00a0\u00a0<\/a><\/p><\/div>\n\t\t\t\t<\/div>\n\t\t\t\t<\/div>\n\t\t\t\t<div class=\"elementor-element elementor-element-3273d3d elementor-widget elementor-widget-spacer\" data-id=\"3273d3d\" data-element_type=\"widget\" data-widget_type=\"spacer.default\">\n\t\t\t\t<div class=\"elementor-widget-container\">\n\t\t\t\t\t<div class=\"elementor-spacer\">\n\t\t\t<div class=\"elementor-spacer-inner\"><\/div>\n\t\t<\/div>\n\t\t\t\t<\/div>\n\t\t\t\t<\/div>\n\t\t\t\t\t\t<\/div>\n\t\t\t\t\t<\/div>\n\t\t<\/div>\n\t\t\t\t\t\t\t\t<\/div>\n\t\t\t\t\t<\/div>\n\t\t<\/section>\n\t\t\t\t\t\t<\/div>\n\t\t\t\t\t\t<\/div>\n\t\t\t\t\t<\/div>","protected":false},"excerpt":{"rendered":"<p>\u2190\u00a0 Back to shop\u00a0\u00a0 Privacy policy MB Lava flow, company registered in \u0160altinio g. 3-15, Marijampol\u0117, LT-68174, Lithuania (\u201cus\u201d, \u201cwe\u201d, or \u201cour\u201d) operates the website https:\/\/lavaflow.lt (the \u201cService\u201d). This page informs you of our policies regarding the collection, use, and disclosure of personal data when you use our Service and the choices you have associated [&hellip;]<\/p>","protected":false},"author":1,"featured_media":0,"parent":0,"menu_order":0,"comment_status":"closed","ping_status":"closed","template":"elementor_header_footer","meta":{"_monsterinsights_skip_tracking":false,"_monsterinsights_sitenote_active":false,"_monsterinsights_sitenote_note":"","_monsterinsights_sitenote_category":0,"footnotes":""},"class_list":["post-377","page","type-page","status-publish","hentry","entry","owp-thumbs-layout-horizontal","owp-btn-normal","owp-tabs-layout-horizontal","has-no-thumbnails","has-product-nav"],"acf":[],"_links":{"self":[{"href":"https:\/\/lavaflow.lt\/lt\/wp-json\/wp\/v2\/pages\/377","targetHints":{"allow":["GET"]}}],"collection":[{"href":"https:\/\/lavaflow.lt\/lt\/wp-json\/wp\/v2\/pages"}],"about":[{"href":"https:\/\/lavaflow.lt\/lt\/wp-json\/wp\/v2\/types\/page"}],"author":[{"embeddable":true,"href":"https:\/\/lavaflow.lt\/lt\/wp-json\/wp\/v2\/users\/1"}],"replies":[{"embeddable":true,"href":"https:\/\/lavaflow.lt\/lt\/wp-json\/wp\/v2\/comments?post=377"}],"version-history":[{"count":49,"href":"https:\/\/lavaflow.lt\/lt\/wp-json\/wp\/v2\/pages\/377\/revisions"}],"predecessor-version":[{"id":4571,"href":"https:\/\/lavaflow.lt\/lt\/wp-json\/wp\/v2\/pages\/377\/revisions\/4571"}],"wp:attachment":[{"href":"https:\/\/lavaflow.lt\/lt\/wp-json\/wp\/v2\/media?parent=377"}],"curies":[{"name":"wp","href":"https:\/\/api.w.org\/{rel}","templated":true}]}}