{"id":4441,"date":"2022-02-17T20:47:51","date_gmt":"2022-02-17T18:47:51","guid":{"rendered":"https:\/\/lavaflow.lt\/?page_id=4441"},"modified":"2024-04-02T21:51:39","modified_gmt":"2024-04-02T18:51:39","slug":"lavaflow-is-getting-bigger","status":"publish","type":"page","link":"https:\/\/lavaflow.lt\/lt\/lavaflow-is-getting-bigger\/","title":{"rendered":"Lava flow ple\u010diasi"},"content":{"rendered":"<div data-elementor-type=\"wp-post\" data-elementor-id=\"4441\" class=\"elementor elementor-4441\" data-elementor-settings=\"[]\">\n\t\t\t\t\t\t<div class=\"elementor-inner\">\n\t\t\t\t\t\t\t<div class=\"elementor-section-wrap\">\n\t\t\t\t\t\t\t<section class=\"elementor-section elementor-top-section elementor-element elementor-element-034ea98 elementor-section-boxed elementor-section-height-default elementor-section-height-default\" data-id=\"034ea98\" data-element_type=\"section\">\n\t\t\t\t\t\t<div class=\"elementor-container elementor-column-gap-default\">\n\t\t\t\t\t\t\t<div class=\"elementor-row\">\n\t\t\t\t\t<div class=\"elementor-column elementor-col-33 elementor-top-column elementor-element elementor-element-f75dc4c\" data-id=\"f75dc4c\" data-element_type=\"column\">\n\t\t\t<div class=\"elementor-column-wrap\">\n\t\t\t\t\t\t\t<div class=\"elementor-widget-wrap\">\n\t\t\t\t\t\t\t\t<\/div>\n\t\t\t\t\t<\/div>\n\t\t<\/div>\n\t\t\t\t<div class=\"elementor-column elementor-col-33 elementor-top-column elementor-element elementor-element-d9021c5\" data-id=\"d9021c5\" data-element_type=\"column\">\n\t\t\t<div class=\"elementor-column-wrap elementor-element-populated\">\n\t\t\t\t\t\t\t<div class=\"elementor-widget-wrap\">\n\t\t\t\t\t\t<div class=\"elementor-element elementor-element-b684493 elementor-widget elementor-widget-spacer\" data-id=\"b684493\" data-element_type=\"widget\" data-widget_type=\"spacer.default\">\n\t\t\t\t<div class=\"elementor-widget-container\">\n\t\t\t\t\t<div class=\"elementor-spacer\">\n\t\t\t<div class=\"elementor-spacer-inner\"><\/div>\n\t\t<\/div>\n\t\t\t\t<\/div>\n\t\t\t\t<\/div>\n\t\t\t\t<div class=\"elementor-element elementor-element-9451e93 elementor-widget elementor-widget-heading\" data-id=\"9451e93\" data-element_type=\"widget\" data-widget_type=\"heading.default\">\n\t\t\t\t<div class=\"elementor-widget-container\">\n\t\t\t<h1 class=\"elementor-heading-title elementor-size-default\">Lava flow ple\u010diasi<\/h1>\t\t<\/div>\n\t\t\t\t<\/div>\n\t\t\t\t<div class=\"elementor-element elementor-element-196145c elementor-widget elementor-widget-spacer\" data-id=\"196145c\" data-element_type=\"widget\" data-widget_type=\"spacer.default\">\n\t\t\t\t<div class=\"elementor-widget-container\">\n\t\t\t\t\t<div class=\"elementor-spacer\">\n\t\t\t<div class=\"elementor-spacer-inner\"><\/div>\n\t\t<\/div>\n\t\t\t\t<\/div>\n\t\t\t\t<\/div>\n\t\t\t\t\t\t<\/div>\n\t\t\t\t\t<\/div>\n\t\t<\/div>\n\t\t\t\t<div class=\"elementor-column elementor-col-33 elementor-top-column elementor-element elementor-element-7ef9c29\" data-id=\"7ef9c29\" data-element_type=\"column\">\n\t\t\t<div class=\"elementor-column-wrap\">\n\t\t\t\t\t\t\t<div class=\"elementor-widget-wrap\">\n\t\t\t\t\t\t\t\t<\/div>\n\t\t\t\t\t<\/div>\n\t\t<\/div>\n\t\t\t\t\t\t\t\t<\/div>\n\t\t\t\t\t<\/div>\n\t\t<\/section>\n\t\t\t\t<section class=\"elementor-section elementor-top-section elementor-element elementor-element-ec58903 elementor-section-content-middle elementor-section-boxed elementor-section-height-default elementor-section-height-default\" data-id=\"ec58903\" data-element_type=\"section\" data-settings=\"{&quot;background_background&quot;:&quot;classic&quot;}\">\n\t\t\t\t\t\t\t<div class=\"elementor-background-overlay\"><\/div>\n\t\t\t\t\t\t\t<div class=\"elementor-container elementor-column-gap-default\">\n\t\t\t\t\t\t\t<div class=\"elementor-row\">\n\t\t\t\t\t<div class=\"elementor-column elementor-col-100 elementor-top-column elementor-element elementor-element-510481c\" data-id=\"510481c\" data-element_type=\"column\">\n\t\t\t<div class=\"elementor-column-wrap elementor-element-populated\">\n\t\t\t\t\t\t\t<div class=\"elementor-widget-wrap\">\n\t\t\t\t\t\t<div class=\"elementor-element elementor-element-62c6033 elementor-widget elementor-widget-text-editor\" data-id=\"62c6033\" data-element_type=\"widget\" data-widget_type=\"text-editor.default\">\n\t\t\t\t<div class=\"elementor-widget-container\">\n\t\t\t\t\t<div class=\"elementor-text-editor elementor-clearfix\"><\/div>\n\t\t\t\t<\/div>\n\t\t\t\t<\/div>\n\t\t\t\t\t\t<\/div>\n\t\t\t\t\t<\/div>\n\t\t<\/div>\n\t\t\t\t\t\t\t\t<\/div>\n\t\t\t\t\t<\/div>\n\t\t<\/section>\n\t\t\t\t<section class=\"elementor-section elementor-top-section elementor-element elementor-element-059a2e3 elementor-section-boxed elementor-section-height-default elementor-section-height-default\" data-id=\"059a2e3\" data-element_type=\"section\">\n\t\t\t\t\t\t<div class=\"elementor-container elementor-column-gap-default\">\n\t\t\t\t\t\t\t<div class=\"elementor-row\">\n\t\t\t\t\t<div class=\"elementor-column elementor-col-100 elementor-top-column elementor-element elementor-element-b5c78a6\" data-id=\"b5c78a6\" data-element_type=\"column\">\n\t\t\t<div class=\"elementor-column-wrap elementor-element-populated\">\n\t\t\t\t\t\t\t<div class=\"elementor-widget-wrap\">\n\t\t\t\t\t\t<div class=\"elementor-element elementor-element-e4cfefe elementor-widget elementor-widget-text-editor\" data-id=\"e4cfefe\" data-element_type=\"widget\" data-widget_type=\"text-editor.default\">\n\t\t\t\t<div class=\"elementor-widget-container\">\n\t\t\t\t\t<div class=\"elementor-text-editor elementor-clearfix\"><p>Lava flow versl\u0105 prad\u0117jau kurti nuo prie\u0161 \u0161e\u0161erius metus sau pasi\u016btos rankin\u0117s. \u0160iandien\u0105 turiu svajon\u0119 pl\u0117stis ir ma\u017eais \u017eingsneliais \u012feiti \u012f kaimyn\u0117s Lenkijos rink\u0105. Prie\u0161 kelerius metus susipa\u017einau su Alicija, prekinio \u017eenklo Lenkijoje \u201eAlana\u201c, veikusio net devynerius metus, \u012fk\u016br\u0117ja. U\u017emezg\u0117me draugyst\u0119, dalinom\u0117s patirtimi. O \u0161iandien Alana virsta bendru prekiniu \u017eenklu Lava flow.<\/p><\/div>\n\t\t\t\t<\/div>\n\t\t\t\t<\/div>\n\t\t\t\t<div class=\"elementor-element elementor-element-c31df17 elementor-widget elementor-widget-heading\" data-id=\"c31df17\" data-element_type=\"widget\" data-widget_type=\"heading.default\">\n\t\t\t\t<div class=\"elementor-widget-container\">\n\t\t\t<h2 class=\"elementor-heading-title elementor-size-default\">Did\u017eiulis i\u0161\u0161\u016bkis<\/h2>\t\t<\/div>\n\t\t\t\t<\/div>\n\t\t\t\t<div class=\"elementor-element elementor-element-033dbc9 elementor-widget elementor-widget-text-editor\" data-id=\"033dbc9\" data-element_type=\"widget\" data-widget_type=\"text-editor.default\">\n\t\t\t\t<div class=\"elementor-widget-container\">\n\t\t\t\t\t<div class=\"elementor-text-editor elementor-clearfix\"><p>Apie susijungim\u0105 kalb\u0117jome jau kur\u012f laik\u0105, o tam \u012fgyvendinti tinkamas metas at\u0117jo dabar, kai Alicija nusprend\u0117 sukti kitu \u2013 interjero dizainer\u0117s keliu.\u00a0<\/p><p>\u0160is susijungimas man yra didelis ir labai lauktas \u017eingsnis pirmyn. Jau kur\u012f laik\u0105 jau\u010diausi lyg b\u016b\u010diau sustojusi viename ta\u0161ke, kai netobul\u0117ju, kai viskas sukasi tame pa\u010diame rate. Lava Flow auginu viena ir visk\u0105 \u010dia darau pati, tai n\u0117ra lengva, o pl\u0117timasis kitoje rinkoje apskritai yra did\u017eiulis i\u0161\u0161\u016bkis ir ne\u017einia, ta\u010diau neabejotinai tai bus ir Lava Flow, ir mano pa\u010dios augimo kelias.<\/p><\/div>\n\t\t\t\t<\/div>\n\t\t\t\t<\/div>\n\t\t\t\t\t\t<\/div>\n\t\t\t\t\t<\/div>\n\t\t<\/div>\n\t\t\t\t\t\t\t\t<\/div>\n\t\t\t\t\t<\/div>\n\t\t<\/section>\n\t\t\t\t<section class=\"elementor-section elementor-top-section elementor-element elementor-element-b2fdbdf elementor-section-boxed elementor-section-height-default elementor-section-height-default\" data-id=\"b2fdbdf\" data-element_type=\"section\">\n\t\t\t\t\t\t<div class=\"elementor-container elementor-column-gap-default\">\n\t\t\t\t\t\t\t<div class=\"elementor-row\">\n\t\t\t\t\t<div class=\"elementor-column elementor-col-33 elementor-top-column elementor-element elementor-element-b77c94d\" data-id=\"b77c94d\" data-element_type=\"column\">\n\t\t\t<div class=\"elementor-column-wrap elementor-element-populated\">\n\t\t\t\t\t\t\t<div class=\"elementor-widget-wrap\">\n\t\t\t\t\t\t<div class=\"elementor-element elementor-element-e356e5b elementor-widget-divider--view-line elementor-widget elementor-widget-divider\" data-id=\"e356e5b\" data-element_type=\"widget\" data-widget_type=\"divider.default\">\n\t\t\t\t<div class=\"elementor-widget-container\">\n\t\t\t\t\t<div class=\"elementor-divider\">\n\t\t\t<span class=\"elementor-divider-separator\">\n\t\t\t\t\t\t<\/span>\n\t\t<\/div>\n\t\t\t\t<\/div>\n\t\t\t\t<\/div>\n\t\t\t\t\t\t<\/div>\n\t\t\t\t\t<\/div>\n\t\t<\/div>\n\t\t\t\t<div class=\"elementor-column elementor-col-33 elementor-top-column elementor-element elementor-element-890af71\" data-id=\"890af71\" data-element_type=\"column\">\n\t\t\t<div class=\"elementor-column-wrap elementor-element-populated\">\n\t\t\t\t\t\t\t<div class=\"elementor-widget-wrap\">\n\t\t\t\t\t\t<div class=\"elementor-element elementor-element-3370dca elementor-widget elementor-widget-heading\" data-id=\"3370dca\" data-element_type=\"widget\" data-widget_type=\"heading.default\">\n\t\t\t\t<div class=\"elementor-widget-container\">\n\t\t\t<h2 class=\"elementor-heading-title elementor-size-default\">VERTYB\u0116S NESIKEI\u010cIA<\/h2>\t\t<\/div>\n\t\t\t\t<\/div>\n\t\t\t\t\t\t<\/div>\n\t\t\t\t\t<\/div>\n\t\t<\/div>\n\t\t\t\t<div class=\"elementor-column elementor-col-33 elementor-top-column elementor-element elementor-element-3ce0260\" data-id=\"3ce0260\" data-element_type=\"column\">\n\t\t\t<div class=\"elementor-column-wrap elementor-element-populated\">\n\t\t\t\t\t\t\t<div class=\"elementor-widget-wrap\">\n\t\t\t\t\t\t<div class=\"elementor-element elementor-element-e3fc3a6 elementor-widget-divider--view-line elementor-widget elementor-widget-divider\" data-id=\"e3fc3a6\" data-element_type=\"widget\" data-widget_type=\"divider.default\">\n\t\t\t\t<div class=\"elementor-widget-container\">\n\t\t\t\t\t<div class=\"elementor-divider\">\n\t\t\t<span class=\"elementor-divider-separator\">\n\t\t\t\t\t\t<\/span>\n\t\t<\/div>\n\t\t\t\t<\/div>\n\t\t\t\t<\/div>\n\t\t\t\t\t\t<\/div>\n\t\t\t\t\t<\/div>\n\t\t<\/div>\n\t\t\t\t\t\t\t\t<\/div>\n\t\t\t\t\t<\/div>\n\t\t<\/section>\n\t\t\t\t<section class=\"elementor-section elementor-top-section elementor-element elementor-element-ca1a538 elementor-section-content-middle elementor-section-boxed elementor-section-height-default elementor-section-height-default\" data-id=\"ca1a538\" data-element_type=\"section\">\n\t\t\t\t\t\t<div class=\"elementor-container elementor-column-gap-default\">\n\t\t\t\t\t\t\t<div class=\"elementor-row\">\n\t\t\t\t\t<div class=\"elementor-column elementor-col-50 elementor-top-column elementor-element elementor-element-98964c6\" data-id=\"98964c6\" data-element_type=\"column\">\n\t\t\t<div class=\"elementor-column-wrap elementor-element-populated\">\n\t\t\t\t\t\t\t<div class=\"elementor-widget-wrap\">\n\t\t\t\t\t\t<div class=\"elementor-element elementor-element-4a428c3 elementor-widget elementor-widget-image\" data-id=\"4a428c3\" data-element_type=\"widget\" data-widget_type=\"image.default\">\n\t\t\t\t<div class=\"elementor-widget-container\">\n\t\t\t\t\t<div class=\"elementor-image\">\n\t\t\t\t\t\t\t\t\t\t<img decoding=\"async\" src=\"https:\/\/lavaflow.lt\/wp-content\/uploads\/elementor\/thumbs\/800_1475-2-1-r5ii19etav3ed6v6mi1z8jrhmxs8tei45d2r4fgikw.jpg\" title=\"800_1475-2\" alt=\"800_1475-2\" \/>\t\t\t\t\t\t\t\t\t\t\t<\/div>\n\t\t\t\t<\/div>\n\t\t\t\t<\/div>\n\t\t\t\t\t\t<\/div>\n\t\t\t\t\t<\/div>\n\t\t<\/div>\n\t\t\t\t<div class=\"elementor-column elementor-col-50 elementor-top-column elementor-element elementor-element-a64e527\" data-id=\"a64e527\" data-element_type=\"column\">\n\t\t\t<div class=\"elementor-column-wrap elementor-element-populated\">\n\t\t\t\t\t\t\t<div class=\"elementor-widget-wrap\">\n\t\t\t\t\t\t<div class=\"elementor-element elementor-element-89aac5b elementor-widget elementor-widget-text-editor\" data-id=\"89aac5b\" data-element_type=\"widget\" data-widget_type=\"text-editor.default\">\n\t\t\t\t<div class=\"elementor-widget-container\">\n\t\t\t\t\t<div class=\"elementor-text-editor elementor-clearfix\"><p>Pirkti ma\u017eiau, rinktis kokybi\u0161kiau, leisti daiktui tarnauti ilgiau \u2013 vertybinis \u0161\u016bkis, ant kurio pastatytas mano prek\u0117s \u017eenklas.<\/p><p>Niekada nesivaikiau greitos mados tendencij\u0173. Man svarbiausia \u2013 tvar\u016bs ir laikui patvar\u016bs produktai, kurie, su tinkama prie\u017ei\u016bra, d\u017eiugins ne vien\u0105 de\u0161imtmet\u012f. Tvarumas, kokyb\u0117, ilgaam\u017ei\u0161kumas \u2013 prioritetai, be kuri\u0173, Lava Flow neb\u016bt\u0173 Lava Flow. Tai atsispindi ir mano kuriamuose gaminiuose \u2013 minimalizmas, klasikiniai modeliai, ne \u201er\u0117kian\u010dios\u201c, o \u017eemi\u0161kos, universalios prie visko tinkan\u010dios spalvos.<\/p><\/div>\n\t\t\t\t<\/div>\n\t\t\t\t<\/div>\n\t\t\t\t\t\t<\/div>\n\t\t\t\t\t<\/div>\n\t\t<\/div>\n\t\t\t\t\t\t\t\t<\/div>\n\t\t\t\t\t<\/div>\n\t\t<\/section>\n\t\t\t\t<section class=\"elementor-section elementor-top-section elementor-element elementor-element-392aa2f elementor-section-content-middle elementor-section-full_width elementor-section-height-default elementor-section-height-default\" data-id=\"392aa2f\" data-element_type=\"section\">\n\t\t\t\t\t\t<div class=\"elementor-container elementor-column-gap-default\">\n\t\t\t\t\t\t\t<div class=\"elementor-row\">\n\t\t\t\t\t<div class=\"elementor-column elementor-col-100 elementor-top-column elementor-element elementor-element-f2bffe9\" data-id=\"f2bffe9\" data-element_type=\"column\">\n\t\t\t<div class=\"elementor-column-wrap elementor-element-populated\">\n\t\t\t\t\t\t\t<div class=\"elementor-widget-wrap\">\n\t\t\t\t\t\t<div class=\"elementor-element elementor-element-ca416f0 elementor-widget elementor-widget-text-editor\" data-id=\"ca416f0\" data-element_type=\"widget\" data-widget_type=\"text-editor.default\">\n\t\t\t\t<div class=\"elementor-widget-container\">\n\t\t\t\t\t<div class=\"elementor-text-editor elementor-clearfix\"><p>\u0160ie vertybiniai pagrindai galioja ne tik mano kuriamiems produktams, bet ir tiek\u0117jams, partneriams, su kuriais renkuosi dirbti. Pati nuolat ie\u0161kau id\u0117j\u0173, kaip tausoti gamt\u0105, prisid\u0117ti prie klimato kaitos ma\u017einimo, tad ir dirbti renkuosi tik su tais, su kuriais sutampa m\u016bs\u0173 vertybiniai pagrindai, Alicija yra viena j\u0173. Na, o koki\u0173 naujien\u0173 galima tik\u0117tis artimoje ateityje, i\u0161duodu, kad jau kur\u012f laik\u0105 tobulinu rank\u0173 darbo bat\u0173 gamybos technik\u0105 ir tikiuosi, jog jau greitai kokyb\u0119 ir tvarum\u0105 vertinantiems savo klientams gal\u0117siu pasi\u016blyti ne tik rankines, bet ir batus.<\/p><\/div>\n\t\t\t\t<\/div>\n\t\t\t\t<\/div>\n\t\t\t\t<div class=\"elementor-element elementor-element-a17a764 elementor-widget elementor-widget-text-editor\" data-id=\"a17a764\" data-element_type=\"widget\" data-widget_type=\"text-editor.default\">\n\t\t\t\t<div class=\"elementor-widget-container\">\n\t\t\t\t\t<div class=\"elementor-text-editor elementor-clearfix\"><p>Link\u0117jimai,<\/p><p>Ugn\u0117<\/p><\/div>\n\t\t\t\t<\/div>\n\t\t\t\t<\/div>\n\t\t\t\t\t\t<\/div>\n\t\t\t\t\t<\/div>\n\t\t<\/div>\n\t\t\t\t\t\t\t\t<\/div>\n\t\t\t\t\t<\/div>\n\t\t<\/section>\n\t\t\t\t\t\t<\/div>\n\t\t\t\t\t\t<\/div>\n\t\t\t\t\t<\/div>","protected":false},"excerpt":{"rendered":"<p>Lava Flow is getting bigger The start of Lava Flow business began from a handbag I sewed for myself six years ago. Today, my dream is to expand my business and enter the market to our neighbor Poland. A few years ago, I met Alicja, the founder of Alana brand which has been operating for [&hellip;]<\/p>","protected":false},"author":1,"featured_media":0,"parent":0,"menu_order":0,"comment_status":"closed","ping_status":"closed","template":"elementor_header_footer","meta":{"_monsterinsights_skip_tracking":false,"_monsterinsights_sitenote_active":false,"_monsterinsights_sitenote_note":"","_monsterinsights_sitenote_category":0,"footnotes":""},"class_list":["post-4441","page","type-page","status-publish","hentry","entry","owp-thumbs-layout-horizontal","owp-btn-normal","owp-tabs-layout-horizontal","has-no-thumbnails","has-product-nav"],"acf":[],"_links":{"self":[{"href":"https:\/\/lavaflow.lt\/lt\/wp-json\/wp\/v2\/pages\/4441","targetHints":{"allow":["GET"]}}],"collection":[{"href":"https:\/\/lavaflow.lt\/lt\/wp-json\/wp\/v2\/pages"}],"about":[{"href":"https:\/\/lavaflow.lt\/lt\/wp-json\/wp\/v2\/types\/page"}],"author":[{"embeddable":true,"href":"https:\/\/lavaflow.lt\/lt\/wp-json\/wp\/v2\/users\/1"}],"replies":[{"embeddable":true,"href":"https:\/\/lavaflow.lt\/lt\/wp-json\/wp\/v2\/comments?post=4441"}],"version-history":[{"count":5,"href":"https:\/\/lavaflow.lt\/lt\/wp-json\/wp\/v2\/pages\/4441\/revisions"}],"predecessor-version":[{"id":6696,"href":"https:\/\/lavaflow.lt\/lt\/wp-json\/wp\/v2\/pages\/4441\/revisions\/6696"}],"wp:attachment":[{"href":"https:\/\/lavaflow.lt\/lt\/wp-json\/wp\/v2\/media?parent=4441"}],"curies":[{"name":"wp","href":"https:\/\/api.w.org\/{rel}","templated":true}]}}