{"id":583,"date":"2018-10-10T16:23:36","date_gmt":"2018-10-10T16:23:36","guid":{"rendered":"https:\/\/lavaflow.lt\/?page_id=583"},"modified":"2024-11-21T16:17:46","modified_gmt":"2024-11-21T14:17:46","slug":"shipping-returns","status":"publish","type":"page","link":"https:\/\/lavaflow.lt\/lt\/shipping-returns\/","title":{"rendered":"Shipping &#038; Returns"},"content":{"rendered":"<div data-elementor-type=\"wp-post\" data-elementor-id=\"583\" class=\"elementor elementor-583\" data-elementor-settings=\"[]\">\n\t\t\t\t\t\t<div class=\"elementor-inner\">\n\t\t\t\t\t\t\t<div class=\"elementor-section-wrap\">\n\t\t\t\t\t\t\t<section class=\"elementor-section elementor-top-section elementor-element elementor-element-50adf39 elementor-section-boxed elementor-section-height-default elementor-section-height-default\" data-id=\"50adf39\" data-element_type=\"section\">\n\t\t\t\t\t\t<div class=\"elementor-container elementor-column-gap-default\">\n\t\t\t\t\t\t\t<div class=\"elementor-row\">\n\t\t\t\t\t<div class=\"elementor-column elementor-col-33 elementor-top-column elementor-element elementor-element-b0fe2da\" data-id=\"b0fe2da\" data-element_type=\"column\">\n\t\t\t<div class=\"elementor-column-wrap\">\n\t\t\t\t\t\t\t<div class=\"elementor-widget-wrap\">\n\t\t\t\t\t\t\t\t<\/div>\n\t\t\t\t\t<\/div>\n\t\t<\/div>\n\t\t\t\t<div class=\"elementor-column elementor-col-33 elementor-top-column elementor-element elementor-element-2079038\" data-id=\"2079038\" data-element_type=\"column\">\n\t\t\t<div class=\"elementor-column-wrap elementor-element-populated\">\n\t\t\t\t\t\t\t<div class=\"elementor-widget-wrap\">\n\t\t\t\t\t\t<div class=\"elementor-element elementor-element-cf643cb elementor-widget elementor-widget-spacer\" data-id=\"cf643cb\" data-element_type=\"widget\" data-widget_type=\"spacer.default\">\n\t\t\t\t<div class=\"elementor-widget-container\">\n\t\t\t\t\t<div class=\"elementor-spacer\">\n\t\t\t<div class=\"elementor-spacer-inner\"><\/div>\n\t\t<\/div>\n\t\t\t\t<\/div>\n\t\t\t\t<\/div>\n\t\t\t\t<div class=\"elementor-element elementor-element-8c8d98c elementor-widget elementor-widget-text-editor\" data-id=\"8c8d98c\" data-element_type=\"widget\" data-widget_type=\"text-editor.default\">\n\t\t\t\t<div class=\"elementor-widget-container\">\n\t\t\t\t\t<div class=\"elementor-text-editor elementor-clearfix\"><p><a href=\"https:\/\/lavaflow.lt\/lt\/shop\/\">\u2190\u00a0 Gr\u012f\u017eti \u012f parduotuv\u0119\u00a0\u00a0<\/a><\/p><\/div>\n\t\t\t\t<\/div>\n\t\t\t\t<\/div>\n\t\t\t\t<div class=\"elementor-element elementor-element-b63957e elementor-widget elementor-widget-heading\" data-id=\"b63957e\" data-element_type=\"widget\" data-widget_type=\"heading.default\">\n\t\t\t\t<div class=\"elementor-widget-container\">\n\t\t\t<h1 class=\"elementor-heading-title elementor-size-default\">Pristatymas ir gr\u0105\u017einimas<\/h1>\t\t<\/div>\n\t\t\t\t<\/div>\n\t\t\t\t<div class=\"elementor-element elementor-element-05e6ec7 elementor-widget elementor-widget-spacer\" data-id=\"05e6ec7\" data-element_type=\"widget\" data-widget_type=\"spacer.default\">\n\t\t\t\t<div class=\"elementor-widget-container\">\n\t\t\t\t\t<div class=\"elementor-spacer\">\n\t\t\t<div class=\"elementor-spacer-inner\"><\/div>\n\t\t<\/div>\n\t\t\t\t<\/div>\n\t\t\t\t<\/div>\n\t\t\t\t\t\t<\/div>\n\t\t\t\t\t<\/div>\n\t\t<\/div>\n\t\t\t\t<div class=\"elementor-column elementor-col-33 elementor-top-column elementor-element elementor-element-08eacd7\" data-id=\"08eacd7\" data-element_type=\"column\">\n\t\t\t<div class=\"elementor-column-wrap\">\n\t\t\t\t\t\t\t<div class=\"elementor-widget-wrap\">\n\t\t\t\t\t\t\t\t<\/div>\n\t\t\t\t\t<\/div>\n\t\t<\/div>\n\t\t\t\t\t\t\t\t<\/div>\n\t\t\t\t\t<\/div>\n\t\t<\/section>\n\t\t\t\t<section class=\"elementor-section elementor-top-section elementor-element elementor-element-6dfcf34 elementor-section-full_width elementor-section-height-default elementor-section-height-default\" data-id=\"6dfcf34\" data-element_type=\"section\">\n\t\t\t\t\t\t<div class=\"elementor-container elementor-column-gap-default\">\n\t\t\t\t\t\t\t<div class=\"elementor-row\">\n\t\t\t\t\t<div class=\"elementor-column elementor-col-100 elementor-top-column elementor-element elementor-element-194499d\" data-id=\"194499d\" data-element_type=\"column\">\n\t\t\t<div class=\"elementor-column-wrap elementor-element-populated\">\n\t\t\t\t\t\t\t<div class=\"elementor-widget-wrap\">\n\t\t\t\t\t\t<div class=\"elementor-element elementor-element-a7f1a1a elementor-widget-divider--view-line elementor-widget elementor-widget-divider\" data-id=\"a7f1a1a\" data-element_type=\"widget\" data-widget_type=\"divider.default\">\n\t\t\t\t<div class=\"elementor-widget-container\">\n\t\t\t\t\t<div class=\"elementor-divider\">\n\t\t\t<span class=\"elementor-divider-separator\">\n\t\t\t\t\t\t<\/span>\n\t\t<\/div>\n\t\t\t\t<\/div>\n\t\t\t\t<\/div>\n\t\t\t\t\t\t<\/div>\n\t\t\t\t\t<\/div>\n\t\t<\/div>\n\t\t\t\t\t\t\t\t<\/div>\n\t\t\t\t\t<\/div>\n\t\t<\/section>\n\t\t\t\t<section class=\"elementor-section elementor-top-section elementor-element elementor-element-ff1529c elementor-section-boxed elementor-section-height-default elementor-section-height-default\" data-id=\"ff1529c\" data-element_type=\"section\">\n\t\t\t\t\t\t<div class=\"elementor-container elementor-column-gap-default\">\n\t\t\t\t\t\t\t<div class=\"elementor-row\">\n\t\t\t\t\t<div class=\"elementor-column elementor-col-100 elementor-top-column elementor-element elementor-element-f2bb66f\" data-id=\"f2bb66f\" data-element_type=\"column\">\n\t\t\t<div class=\"elementor-column-wrap elementor-element-populated\">\n\t\t\t\t\t\t\t<div class=\"elementor-widget-wrap\">\n\t\t\t\t\t\t<div class=\"elementor-element elementor-element-32ba727 elementor-widget elementor-widget-heading\" data-id=\"32ba727\" data-element_type=\"widget\" data-widget_type=\"heading.default\">\n\t\t\t\t<div class=\"elementor-widget-container\">\n\t\t\t<h2 class=\"elementor-heading-title elementor-size-default\">PRISTATYMAS<\/h2>\t\t<\/div>\n\t\t\t\t<\/div>\n\t\t\t\t<div class=\"elementor-element elementor-element-27ca75c elementor-widget elementor-widget-text-editor\" data-id=\"27ca75c\" data-element_type=\"widget\" data-widget_type=\"text-editor.default\">\n\t\t\t\t<div class=\"elementor-widget-container\">\n\t\t\t\t\t<div class=\"elementor-text-editor elementor-clearfix\"><p>Siun\u010diame visame pasaulyje! I\u0161siuntimo terminas gali trukti 3-5 darbo dienas nuo u\u017esakymo. Kai kurie m\u016bs\u0173 produktai gaminami tik po u\u017esakymo (detalesn\u0119 info apie gamyb\u0105 rasite kiekvieno produkto apra\u0161yme). Siuntimo kaina priklauso nuo pristatymo regiono:<\/p>\n<p>Siuntimas Lietuvoje:<\/p>\n<ul>\n<li>Nemokamas pristatymas u\u017esakymams nuo 50 eur\u0173 siun\u010diant LpExpress arba Omniva pa\u0161tomatais, kitu atveju siuntimo kaina 3 eurai.<\/li>\n<li>Siuntimas kurjeriu 4 eurai.<\/li>\n<\/ul>\n<p>Kitos \u0161alys:<\/p>\n<ul>\n<li>Siuntimas \u012f Europos S\u0105jungos \u0161alis kainuoja 10 Eur, \u012f kitas pasaulio \u0161alis \u2013 15 Eur. Pristatymas \u012f ES \u0161alis u\u017etrunka iki 14 darbo dien\u0173, o ne ES \u0161alyse \u2013 iki 30 darbo dien\u0173 (siuntos \u012f ne ES \u0161alis pristatomos per Lietuvos pa\u0161t\u0105).<\/li>\n<li>D\u0117l kit\u0173 pristatymo galimybi\u0173 kreipkit\u0117s <a href=\"https:\/\/lavaflow.lt\/lt\/contact-us\/\">\u010cIA<\/a>.<\/li>\n<\/ul>\n<p><strong>Atkreipkite d\u0117mes\u012f, kad \u0161ventiniai laikotarpiai (ypa\u010d Kal\u0117d\u0173) yra labai u\u017eimti siunt\u0173 pristatymo \u012fmon\u0117ms, tod\u0117l negarantuojame, kad siunta Jus pasieks laiku.<\/strong><\/p><\/div>\n\t\t\t\t<\/div>\n\t\t\t\t<\/div>\n\t\t\t\t<div class=\"elementor-element elementor-element-b17d394 elementor-widget elementor-widget-heading\" data-id=\"b17d394\" data-element_type=\"widget\" data-widget_type=\"heading.default\">\n\t\t\t\t<div class=\"elementor-widget-container\">\n\t\t\t<h2 class=\"elementor-heading-title elementor-size-default\">GR\u0104\u017dINIMAS<\/h2>\t\t<\/div>\n\t\t\t\t<\/div>\n\t\t\t\t<div class=\"elementor-element elementor-element-76c0e9c elementor-widget elementor-widget-text-editor\" data-id=\"76c0e9c\" data-element_type=\"widget\" data-widget_type=\"text-editor.default\">\n\t\t\t\t<div class=\"elementor-widget-container\">\n\t\t\t\t\t<div class=\"elementor-text-editor elementor-clearfix\"><p>M\u016bs\u0173 internetin\u0117je parduotuv\u0117je \u012fsigytos prek\u0117s (i\u0161skyrus individualius u\u017esakymus) gali b\u016bti gr\u0105\u017einamos per 14 darbo dien\u0173 nuo preki\u0173 gavimo datos. Gr\u0105\u017einimo prie\u017easties nurodyti neb\u016btina. Kad gr\u0105\u017einimas b\u016bt\u0173 priimtas, prek\u0117s turi b\u016bti nenaudotos ir su originaliomis etiket\u0117mis bei \u012fpakavimu. Gr\u0105\u017einamus produktus pra\u0161ome supakuoti tinkamai. Gav\u0119 prekes, pinigus pervedame per 14 dien\u0173 \u012f t\u0105 pa\u010di\u0105 s\u0105skait\u0105 i\u0161 kurios buvo apmok\u0117ta. Jei norite gr\u0105\u017einti prek\u0119, spauskite <a href=\"https:\/\/lavaflow.lt\/lt\/contact-us\/\">\u010cIA<\/a>arba para\u0161ykite mums el. lai\u0161k\u0105 adresu info@lavaflow.lt . Pirk\u0117jas apmoka pristatymo i\u0161laidas.<\/p><\/div>\n\t\t\t\t<\/div>\n\t\t\t\t<\/div>\n\t\t\t\t<div class=\"elementor-element elementor-element-d2b3617 elementor-widget elementor-widget-heading\" data-id=\"d2b3617\" data-element_type=\"widget\" data-widget_type=\"heading.default\">\n\t\t\t\t<div class=\"elementor-widget-container\">\n\t\t\t<h2 class=\"elementor-heading-title elementor-size-default\">\u012emon\u0117s rekvizitai<\/h2>\t\t<\/div>\n\t\t\t\t<\/div>\n\t\t\t\t<div class=\"elementor-element elementor-element-92c19f3 elementor-widget elementor-widget-text-editor\" data-id=\"92c19f3\" data-element_type=\"widget\" data-widget_type=\"text-editor.default\">\n\t\t\t\t<div class=\"elementor-widget-container\">\n\t\t\t\t\t<div class=\"elementor-text-editor elementor-clearfix\"><p>Lava Flow prek\u0117s \u017eenklas priklauso MB Lava Flow:<\/p><p><strong>\u012emon\u0117s pavadinimas: MB Lava flow<\/strong><br \/><strong>\u012emon\u0117s kodas: 305681922<\/strong><br \/><strong>Studijos adresas: Gedimino g. 7-1, Marijampol\u0117, Lietuva<\/strong><br \/><strong>+370 638 27860<\/strong><br \/><strong>info@lavaflow.lt<\/strong><\/p><\/div>\n\t\t\t\t<\/div>\n\t\t\t\t<\/div>\n\t\t\t\t<div class=\"elementor-element elementor-element-d0c1332 elementor-widget elementor-widget-text-editor\" data-id=\"d0c1332\" data-element_type=\"widget\" data-widget_type=\"text-editor.default\">\n\t\t\t\t<div class=\"elementor-widget-container\">\n\t\t\t\t\t<div class=\"elementor-text-editor elementor-clearfix\"><\/div>\n\t\t\t\t<\/div>\n\t\t\t\t<\/div>\n\t\t\t\t\t\t<\/div>\n\t\t\t\t\t<\/div>\n\t\t<\/div>\n\t\t\t\t\t\t\t\t<\/div>\n\t\t\t\t\t<\/div>\n\t\t<\/section>\n\t\t\t\t<section class=\"elementor-section elementor-top-section elementor-element elementor-element-8517633 elementor-section-boxed elementor-section-height-default elementor-section-height-default\" data-id=\"8517633\" data-element_type=\"section\">\n\t\t\t\t\t\t<div class=\"elementor-container elementor-column-gap-default\">\n\t\t\t\t\t\t\t<div class=\"elementor-row\">\n\t\t\t\t\t<div class=\"elementor-column elementor-col-100 elementor-top-column elementor-element elementor-element-d19dba8\" data-id=\"d19dba8\" data-element_type=\"column\">\n\t\t\t<div class=\"elementor-column-wrap elementor-element-populated\">\n\t\t\t\t\t\t\t<div class=\"elementor-widget-wrap\">\n\t\t\t\t\t\t<div class=\"elementor-element elementor-element-f578c54 elementor-widget elementor-widget-spacer\" data-id=\"f578c54\" data-element_type=\"widget\" data-widget_type=\"spacer.default\">\n\t\t\t\t<div class=\"elementor-widget-container\">\n\t\t\t\t\t<div class=\"elementor-spacer\">\n\t\t\t<div class=\"elementor-spacer-inner\"><\/div>\n\t\t<\/div>\n\t\t\t\t<\/div>\n\t\t\t\t<\/div>\n\t\t\t\t<div class=\"elementor-element elementor-element-c079bdc elementor-widget elementor-widget-text-editor\" data-id=\"c079bdc\" data-element_type=\"widget\" data-widget_type=\"text-editor.default\">\n\t\t\t\t<div class=\"elementor-widget-container\">\n\t\t\t\t\t<div class=\"elementor-text-editor elementor-clearfix\"><p><a href=\"https:\/\/lavaflow.lt\/lt\/shop\/\">\u2190\u00a0 Gr\u012f\u017eti \u012f parduotuv\u0119\u00a0\u00a0<\/a><\/p><\/div>\n\t\t\t\t<\/div>\n\t\t\t\t<\/div>\n\t\t\t\t<div class=\"elementor-element elementor-element-d807fdd elementor-widget elementor-widget-spacer\" data-id=\"d807fdd\" data-element_type=\"widget\" data-widget_type=\"spacer.default\">\n\t\t\t\t<div class=\"elementor-widget-container\">\n\t\t\t\t\t<div class=\"elementor-spacer\">\n\t\t\t<div class=\"elementor-spacer-inner\"><\/div>\n\t\t<\/div>\n\t\t\t\t<\/div>\n\t\t\t\t<\/div>\n\t\t\t\t\t\t<\/div>\n\t\t\t\t\t<\/div>\n\t\t<\/div>\n\t\t\t\t\t\t\t\t<\/div>\n\t\t\t\t\t<\/div>\n\t\t<\/section>\n\t\t\t\t\t\t<\/div>\n\t\t\t\t\t\t<\/div>\n\t\t\t\t\t<\/div>","protected":false},"excerpt":{"rendered":"<p>\u2190\u00a0 Back to shop\u00a0\u00a0 Shipping &amp; Returns SHIPPING We ship worldwide. Please note that it takes 3-5 business days to process Your order. Some of our products are made to order and it can take up to 12 business days to make it (You will find a note about the processing time in the product [&hellip;]<\/p>","protected":false},"author":1,"featured_media":0,"parent":0,"menu_order":0,"comment_status":"closed","ping_status":"closed","template":"elementor_header_footer","meta":{"_monsterinsights_skip_tracking":false,"_monsterinsights_sitenote_active":false,"_monsterinsights_sitenote_note":"","_monsterinsights_sitenote_category":0,"footnotes":""},"class_list":["post-583","page","type-page","status-publish","hentry","entry","owp-thumbs-layout-horizontal","owp-btn-normal","owp-tabs-layout-horizontal","has-no-thumbnails","has-product-nav"],"acf":[],"_links":{"self":[{"href":"https:\/\/lavaflow.lt\/lt\/wp-json\/wp\/v2\/pages\/583","targetHints":{"allow":["GET"]}}],"collection":[{"href":"https:\/\/lavaflow.lt\/lt\/wp-json\/wp\/v2\/pages"}],"about":[{"href":"https:\/\/lavaflow.lt\/lt\/wp-json\/wp\/v2\/types\/page"}],"author":[{"embeddable":true,"href":"https:\/\/lavaflow.lt\/lt\/wp-json\/wp\/v2\/users\/1"}],"replies":[{"embeddable":true,"href":"https:\/\/lavaflow.lt\/lt\/wp-json\/wp\/v2\/comments?post=583"}],"version-history":[{"count":5,"href":"https:\/\/lavaflow.lt\/lt\/wp-json\/wp\/v2\/pages\/583\/revisions"}],"predecessor-version":[{"id":7432,"href":"https:\/\/lavaflow.lt\/lt\/wp-json\/wp\/v2\/pages\/583\/revisions\/7432"}],"wp:attachment":[{"href":"https:\/\/lavaflow.lt\/lt\/wp-json\/wp\/v2\/media?parent=583"}],"curies":[{"name":"wp","href":"https:\/\/api.w.org\/{rel}","templated":true}]}}