{"id":772,"date":"2018-10-17T09:00:28","date_gmt":"2018-10-17T06:00:28","guid":{"rendered":"https:\/\/lavaflow.lt\/?page_id=772"},"modified":"2025-10-08T22:17:53","modified_gmt":"2025-10-08T19:17:53","slug":"about-us","status":"publish","type":"page","link":"https:\/\/lavaflow.lt\/lt\/about-us\/","title":{"rendered":"Apie mus"},"content":{"rendered":"<div data-elementor-type=\"wp-post\" data-elementor-id=\"772\" class=\"elementor elementor-772\" data-elementor-settings=\"[]\">\n\t\t\t\t\t\t<div class=\"elementor-inner\">\n\t\t\t\t\t\t\t<div class=\"elementor-section-wrap\">\n\t\t\t\t\t\t\t<section class=\"elementor-section elementor-top-section elementor-element elementor-element-7c3562a elementor-section-content-middle elementor-section-full_width elementor-section-height-min-height elementor-section-height-default elementor-section-items-middle\" data-id=\"7c3562a\" data-element_type=\"section\" data-settings=\"{&quot;background_background&quot;:&quot;classic&quot;}\">\n\t\t\t\t\t\t\t<div class=\"elementor-background-overlay\"><\/div>\n\t\t\t\t\t\t\t<div class=\"elementor-container elementor-column-gap-default\">\n\t\t\t\t\t\t\t<div class=\"elementor-row\">\n\t\t\t\t\t<div class=\"elementor-column elementor-col-100 elementor-top-column elementor-element elementor-element-3ef174c\" data-id=\"3ef174c\" data-element_type=\"column\">\n\t\t\t<div class=\"elementor-column-wrap elementor-element-populated\">\n\t\t\t\t\t\t\t<div class=\"elementor-widget-wrap\">\n\t\t\t\t\t\t<div class=\"elementor-element elementor-element-44290a0 elementor-widget elementor-widget-heading\" data-id=\"44290a0\" data-element_type=\"widget\" data-widget_type=\"heading.default\">\n\t\t\t\t<div class=\"elementor-widget-container\">\n\t\t\t<h1 class=\"elementor-heading-title elementor-size-default\">Apie mus<\/h1>\t\t<\/div>\n\t\t\t\t<\/div>\n\t\t\t\t\t\t<\/div>\n\t\t\t\t\t<\/div>\n\t\t<\/div>\n\t\t\t\t\t\t\t\t<\/div>\n\t\t\t\t\t<\/div>\n\t\t<\/section>\n\t\t\t\t<section class=\"elementor-section elementor-top-section elementor-element elementor-element-eb81301 elementor-section-boxed elementor-section-height-default elementor-section-height-default\" data-id=\"eb81301\" data-element_type=\"section\">\n\t\t\t\t\t\t<div class=\"elementor-container elementor-column-gap-default\">\n\t\t\t\t\t\t\t<div class=\"elementor-row\">\n\t\t\t\t\t<div class=\"elementor-column elementor-col-100 elementor-top-column elementor-element elementor-element-f37e912\" data-id=\"f37e912\" data-element_type=\"column\">\n\t\t\t<div class=\"elementor-column-wrap elementor-element-populated\">\n\t\t\t\t\t\t\t<div class=\"elementor-widget-wrap\">\n\t\t\t\t\t\t<div class=\"elementor-element elementor-element-4997cca elementor-widget elementor-widget-heading\" data-id=\"4997cca\" data-element_type=\"widget\" data-widget_type=\"heading.default\">\n\t\t\t\t<div class=\"elementor-widget-container\">\n\t\t\t<h2 class=\"elementor-heading-title elementor-size-default\">It all started from a dream<\/h2>\t\t<\/div>\n\t\t\t\t<\/div>\n\t\t\t\t<div class=\"elementor-element elementor-element-2f71992 elementor-widget elementor-widget-text-editor\" data-id=\"2f71992\" data-element_type=\"widget\" data-widget_type=\"text-editor.default\">\n\t\t\t\t<div class=\"elementor-widget-container\">\n\t\t\t\t\t<div class=\"elementor-text-editor elementor-clearfix\"><p style=\"font-weight: 400;\"><span lang=\"EN-GB\">Lava flow \u2013 tai k\u016brybin\u0117 kelion\u0117, \u012fkv\u0117pta prisiminim\u0173 ir nutr\u016bktgalvi\u0161k\u0173 id\u0117j\u0173. Tai aistra k\u016brybai, virtusi \u0161iuolaikiniais rank\u0173 darbo aksesuarais pagamintais i\u0161 auk\u0161\u010diausios kokyb\u0117s itali\u0161kos augalinio rauginimo odos (daugiau apie od\u0105 <\/span><strong><em><a href=\"https:\/\/lavaflow.lt\/lt\/leather-care\/\">\u010dia<\/a><\/em><\/strong>), kur ypatingas d\u0117mesys skiriamas universalumui bei esteti\u0161koms detal\u0117ms.<\/p><\/div>\n\t\t\t\t<\/div>\n\t\t\t\t<\/div>\n\t\t\t\t\t\t<\/div>\n\t\t\t\t\t<\/div>\n\t\t<\/div>\n\t\t\t\t\t\t\t\t<\/div>\n\t\t\t\t\t<\/div>\n\t\t<\/section>\n\t\t\t\t<section class=\"elementor-section elementor-top-section elementor-element elementor-element-09e066b elementor-section-content-middle elementor-section-full_width elementor-section-height-default elementor-section-height-default\" data-id=\"09e066b\" data-element_type=\"section\" data-settings=\"{&quot;background_background&quot;:&quot;classic&quot;}\">\n\t\t\t\t\t\t<div class=\"elementor-container elementor-column-gap-default\">\n\t\t\t\t\t\t\t<div class=\"elementor-row\">\n\t\t\t\t\t<div class=\"elementor-column elementor-col-50 elementor-top-column elementor-element elementor-element-5cab2d3\" data-id=\"5cab2d3\" data-element_type=\"column\">\n\t\t\t<div class=\"elementor-column-wrap elementor-element-populated\">\n\t\t\t\t\t\t\t<div class=\"elementor-widget-wrap\">\n\t\t\t\t\t\t<div class=\"elementor-element elementor-element-e7ce876 elementor-widget elementor-widget-image\" data-id=\"e7ce876\" data-element_type=\"widget\" data-widget_type=\"image.default\">\n\t\t\t\t<div class=\"elementor-widget-container\">\n\t\t\t\t\t<div class=\"elementor-image\">\n\t\t\t\t\t\t\t\t\t\t<img decoding=\"async\" src=\"https:\/\/lavaflow.lt\/wp-content\/uploads\/elementor\/thumbs\/166152429_482058509651237_6224464584458903374_n-r5ii7jxx1xq2jt2f7sniykfl6n7wmcglxzslt2nlyw.jpeg\" title=\"166152429_482058509651237_6224464584458903374_n\" alt=\"166152429_482058509651237_6224464584458903374_n\" \/>\t\t\t\t\t\t\t\t\t\t\t<\/div>\n\t\t\t\t<\/div>\n\t\t\t\t<\/div>\n\t\t\t\t\t\t<\/div>\n\t\t\t\t\t<\/div>\n\t\t<\/div>\n\t\t\t\t<div class=\"elementor-column elementor-col-50 elementor-top-column elementor-element elementor-element-23bb4ce\" data-id=\"23bb4ce\" data-element_type=\"column\">\n\t\t\t<div class=\"elementor-column-wrap elementor-element-populated\">\n\t\t\t\t\t\t\t<div class=\"elementor-widget-wrap\">\n\t\t\t\t\t\t<div class=\"elementor-element elementor-element-bec491e elementor-widget elementor-widget-heading\" data-id=\"bec491e\" data-element_type=\"widget\" data-widget_type=\"heading.default\">\n\t\t\t\t<div class=\"elementor-widget-container\">\n\t\t\t<h2 class=\"elementor-heading-title elementor-size-default\">My story<\/h2>\t\t<\/div>\n\t\t\t\t<\/div>\n\t\t\t\t<div class=\"elementor-element elementor-element-97fe1ed elementor-widget elementor-widget-text-editor\" data-id=\"97fe1ed\" data-element_type=\"widget\" data-widget_type=\"text-editor.default\">\n\t\t\t\t<div class=\"elementor-widget-container\">\n\t\t\t\t\t<div class=\"elementor-text-editor elementor-clearfix\"><p style=\"font-weight: 400;\">Vaikyst\u0117je mo\u010diut\u0117 sakydavo ,,Kam pirkti, jei gali pasigaminti?\u201d Tai, kaip burta\u017eodis, \u012fskiepyj\u0119s manyje siuvimo amat\u0105. Nuo ma\u017e\u0173 dien\u0173, stebint mo\u010diut\u0117s aistr\u0105 siuvimui,  pama\u017eu per\u0117miau \u0161\u012f amat\u0105 ir a\u0161.<\/p><p style=\"font-weight: 400;\">Laikui b\u0117gant tro\u0161kimas i\u0161bandyti ka\u017ek\u0105 naujo atved\u0117 prie odos amato kai 2016 m. nusprend\u017eiau sau pasigaminti pirm\u0105j\u0105 rankin\u0119. Rankin\u0117 buvo greitai pasteb\u0117ta tarp draugi\u0173 ir taip \u201ei\u0161 l\u016bp\u0173 \u012f l\u016bpas\u201c prad\u0117jo sklisti \u017einia apie mano gaminamus aksesuarus. Daug\u0117jant u\u017esakym\u0173, nusprend\u017eiau savo prek\u0117s \u017eenkl\u0105 pavadinti Lava flow vardu. <em>LAVA<\/em> \u2013 ugnies forma, kuri atspindi mano vard\u0105, o FLOW \u2013 k\u016brybinis prover\u017eis, tek\u0117jimas. Kartu tai \u2013 ugnikalnio i\u0161siver\u017eimas, stipryb\u0117, autenti\u0161kumas ir galia kurti. Neatsitiktinai visiems gaminiams suteikiu ugnikalni\u0173 pavadinimus.<\/p><\/div>\n\t\t\t\t<\/div>\n\t\t\t\t<\/div>\n\t\t\t\t\t\t<\/div>\n\t\t\t\t\t<\/div>\n\t\t<\/div>\n\t\t\t\t\t\t\t\t<\/div>\n\t\t\t\t\t<\/div>\n\t\t<\/section>\n\t\t\t\t<section class=\"elementor-section elementor-top-section elementor-element elementor-element-f7c6f9f elementor-section-content-middle elementor-section-full_width elementor-section-height-default elementor-section-height-default\" data-id=\"f7c6f9f\" data-element_type=\"section\">\n\t\t\t\t\t\t<div class=\"elementor-container elementor-column-gap-default\">\n\t\t\t\t\t\t\t<div class=\"elementor-row\">\n\t\t\t\t\t<div class=\"elementor-column elementor-col-50 elementor-top-column elementor-element elementor-element-794ec29\" data-id=\"794ec29\" data-element_type=\"column\">\n\t\t\t<div class=\"elementor-column-wrap elementor-element-populated\">\n\t\t\t\t\t\t\t<div class=\"elementor-widget-wrap\">\n\t\t\t\t\t\t<div class=\"elementor-element elementor-element-344710e elementor-widget elementor-widget-heading\" data-id=\"344710e\" data-element_type=\"widget\" data-widget_type=\"heading.default\">\n\t\t\t\t<div class=\"elementor-widget-container\">\n\t\t\t<h2 class=\"elementor-heading-title elementor-size-default\">Products<\/h2>\t\t<\/div>\n\t\t\t\t<\/div>\n\t\t\t\t<div class=\"elementor-element elementor-element-1098941 elementor-widget elementor-widget-text-editor\" data-id=\"1098941\" data-element_type=\"widget\" data-widget_type=\"text-editor.default\">\n\t\t\t\t<div class=\"elementor-widget-container\">\n\t\t\t\t\t<div class=\"elementor-text-editor elementor-clearfix\"><p style=\"font-weight: 400;\">Lava Flow gaminiai sukurti nuotyki\u0173 ie\u0161kotojams, vertinantiems kokyb\u0119 bei patogum\u0105. Pasi\u017eymintys unikaliu dizainu, minimalistine estetika ir paprastumu. Kokyb\u0117 yra vienas i\u0161 svarbiausi\u0173 aspekt\u0173, tod\u0117l visi produktai gaminami i\u0161 auk\u0161\u010diausios kokyb\u0117s itali\u0161k\u0173 med\u017eiag\u0173.<\/p><\/div>\n\t\t\t\t<\/div>\n\t\t\t\t<\/div>\n\t\t\t\t\t\t<\/div>\n\t\t\t\t\t<\/div>\n\t\t<\/div>\n\t\t\t\t<div class=\"elementor-column elementor-col-50 elementor-top-column elementor-element elementor-element-eead408\" data-id=\"eead408\" data-element_type=\"column\">\n\t\t\t<div class=\"elementor-column-wrap elementor-element-populated\">\n\t\t\t\t\t\t\t<div class=\"elementor-widget-wrap\">\n\t\t\t\t\t\t<div class=\"elementor-element elementor-element-f1f36d9 elementor-widget elementor-widget-image\" data-id=\"f1f36d9\" data-element_type=\"widget\" data-widget_type=\"image.default\">\n\t\t\t\t<div class=\"elementor-widget-container\">\n\t\t\t\t\t<div class=\"elementor-image\">\n\t\t\t\t\t\t\t\t\t\t<img decoding=\"async\" src=\"https:\/\/lavaflow.lt\/wp-content\/uploads\/elementor\/thumbs\/svedkauske-60-of-230-scaled-r5ii7pky6xxshgu8av3adj0cqyg3wj2zyrpioqf8xk.jpg\" title=\"svedkauske (60 of 230)\" alt=\"svedkauske (60 of 230)\" \/>\t\t\t\t\t\t\t\t\t\t\t<\/div>\n\t\t\t\t<\/div>\n\t\t\t\t<\/div>\n\t\t\t\t\t\t<\/div>\n\t\t\t\t\t<\/div>\n\t\t<\/div>\n\t\t\t\t\t\t\t\t<\/div>\n\t\t\t\t\t<\/div>\n\t\t<\/section>\n\t\t\t\t<section class=\"elementor-section elementor-top-section elementor-element elementor-element-1cb76d9 elementor-section-content-middle elementor-section-full_width elementor-section-height-default elementor-section-height-default\" data-id=\"1cb76d9\" data-element_type=\"section\" data-settings=\"{&quot;background_background&quot;:&quot;classic&quot;}\">\n\t\t\t\t\t\t<div class=\"elementor-container elementor-column-gap-default\">\n\t\t\t\t\t\t\t<div class=\"elementor-row\">\n\t\t\t\t\t<div class=\"elementor-column elementor-col-50 elementor-top-column elementor-element elementor-element-839001f\" data-id=\"839001f\" data-element_type=\"column\">\n\t\t\t<div class=\"elementor-column-wrap elementor-element-populated\">\n\t\t\t\t\t\t\t<div class=\"elementor-widget-wrap\">\n\t\t\t\t\t\t<div class=\"elementor-element elementor-element-8cad102 elementor-widget elementor-widget-image\" data-id=\"8cad102\" data-element_type=\"widget\" data-widget_type=\"image.default\">\n\t\t\t\t<div class=\"elementor-widget-container\">\n\t\t\t\t\t<div class=\"elementor-image\">\n\t\t\t\t\t\t\t\t\t\t<img decoding=\"async\" src=\"https:\/\/lavaflow.lt\/wp-content\/uploads\/elementor\/thumbs\/244486830_1502905113397785_5151243257869223377_n-r5ihxnp33q6eblfw00nx7kbw1lzsl26c90jkx7bth4.jpeg\" title=\"244486830_1502905113397785_5151243257869223377_n\" alt=\"244486830_1502905113397785_5151243257869223377_n\" \/>\t\t\t\t\t\t\t\t\t\t\t<\/div>\n\t\t\t\t<\/div>\n\t\t\t\t<\/div>\n\t\t\t\t\t\t<\/div>\n\t\t\t\t\t<\/div>\n\t\t<\/div>\n\t\t\t\t<div class=\"elementor-column elementor-col-50 elementor-top-column elementor-element elementor-element-c0f184f\" data-id=\"c0f184f\" data-element_type=\"column\" data-settings=\"{&quot;background_background&quot;:&quot;classic&quot;}\">\n\t\t\t<div class=\"elementor-column-wrap elementor-element-populated\">\n\t\t\t\t\t\t\t<div class=\"elementor-widget-wrap\">\n\t\t\t\t\t\t<div class=\"elementor-element elementor-element-3eb5bd9 elementor-widget elementor-widget-heading\" data-id=\"3eb5bd9\" data-element_type=\"widget\" data-widget_type=\"heading.default\">\n\t\t\t\t<div class=\"elementor-widget-container\">\n\t\t\t<h2 class=\"elementor-heading-title elementor-size-default\">Sustainability<\/h2>\t\t<\/div>\n\t\t\t\t<\/div>\n\t\t\t\t<div class=\"elementor-element elementor-element-e061683 elementor-widget elementor-widget-text-editor\" data-id=\"e061683\" data-element_type=\"widget\" data-widget_type=\"text-editor.default\">\n\t\t\t\t<div class=\"elementor-widget-container\">\n\t\t\t\t\t<div class=\"elementor-text-editor elementor-clearfix\"><p style=\"font-weight: 400;\">Nuo\u0161ird\u017eiai stengiuosi kurti tvar\u0173 prek\u0117s \u017eenkl\u0105. Savo gaminiams, pakuot\u0117ms naudoju tik kruop\u0161\u010diai atrinktas med\u017eiagas i\u0161 tiek\u0117j\u0173, kuriems taip pat aktuali tvarumo tema. Nesivaikau sezonini\u0173 mados tendencij\u0173. Kuriu ilgaam\u017eius produktus, kurie tinkamai pri\u017ei\u016brimi, gali tarnauti net ir 100 met\u0173. Nuolat ie\u0161kau id\u0117j\u0173 kaip tausoti gamt\u0105 ir prisid\u0117ti prie klimato kaitos ma\u017einimo. Tikiu, kad ir Lava Flow klientai renkasi s\u0105moning\u0105 ir atsaking\u0105 vartojim\u0105.<\/p><\/div>\n\t\t\t\t<\/div>\n\t\t\t\t<\/div>\n\t\t\t\t\t\t<\/div>\n\t\t\t\t\t<\/div>\n\t\t<\/div>\n\t\t\t\t\t\t\t\t<\/div>\n\t\t\t\t\t<\/div>\n\t\t<\/section>\n\t\t\t\t<section class=\"elementor-section elementor-top-section elementor-element elementor-element-aa6c50a elementor-section-full_width elementor-section-height-default elementor-section-height-default\" data-id=\"aa6c50a\" data-element_type=\"section\">\n\t\t\t\t\t\t<div class=\"elementor-container elementor-column-gap-default\">\n\t\t\t\t\t\t\t<div class=\"elementor-row\">\n\t\t\t\t\t<div class=\"elementor-column elementor-col-100 elementor-top-column elementor-element elementor-element-066a69b\" data-id=\"066a69b\" data-element_type=\"column\">\n\t\t\t<div class=\"elementor-column-wrap elementor-element-populated\">\n\t\t\t\t\t\t\t<div class=\"elementor-widget-wrap\">\n\t\t\t\t\t\t<div class=\"elementor-element elementor-element-143371e elementor-widget elementor-widget-text-editor\" data-id=\"143371e\" data-element_type=\"widget\" data-widget_type=\"text-editor.default\">\n\t\t\t\t<div class=\"elementor-widget-container\">\n\t\t\t\t\t<div class=\"elementor-text-editor elementor-clearfix\"><p>The A Team<\/p><\/div>\n\t\t\t\t<\/div>\n\t\t\t\t<\/div>\n\t\t\t\t\t\t<\/div>\n\t\t\t\t\t<\/div>\n\t\t<\/div>\n\t\t\t\t\t\t\t\t<\/div>\n\t\t\t\t\t<\/div>\n\t\t<\/section>\n\t\t\t\t<section class=\"elementor-section elementor-top-section elementor-element elementor-element-fa4edbf elementor-section-content-middle elementor-section-full_width elementor-section-height-default elementor-section-height-default\" data-id=\"fa4edbf\" data-element_type=\"section\">\n\t\t\t\t\t\t<div class=\"elementor-container elementor-column-gap-default\">\n\t\t\t\t\t\t\t<div class=\"elementor-row\">\n\t\t\t\t\t<div class=\"elementor-column elementor-col-33 elementor-top-column elementor-element elementor-element-6757946\" data-id=\"6757946\" data-element_type=\"column\">\n\t\t\t<div class=\"elementor-column-wrap elementor-element-populated\">\n\t\t\t\t\t\t\t<div class=\"elementor-widget-wrap\">\n\t\t\t\t\t\t<div class=\"elementor-element elementor-element-422ed8d elementor-widget elementor-widget-heading\" data-id=\"422ed8d\" data-element_type=\"widget\" data-widget_type=\"heading.default\">\n\t\t\t\t<div class=\"elementor-widget-container\">\n\t\t\t<h2 class=\"elementor-heading-title elementor-size-default\">Ugn\u0117<\/h2>\t\t<\/div>\n\t\t\t\t<\/div>\n\t\t\t\t<div class=\"elementor-element elementor-element-023a8be elementor-widget elementor-widget-text-editor\" data-id=\"023a8be\" data-element_type=\"widget\" data-widget_type=\"text-editor.default\">\n\t\t\t\t<div class=\"elementor-widget-container\">\n\t\t\t\t\t<div class=\"elementor-text-editor elementor-clearfix\"><div><span lang=\"EN-GB\">Founder<\/span><\/div><div><span lang=\"EN-GB\">The Volcano<\/span><\/div><\/div>\n\t\t\t\t<\/div>\n\t\t\t\t<\/div>\n\t\t\t\t<div class=\"elementor-element elementor-element-68fe29f elementor-widget elementor-widget-image\" data-id=\"68fe29f\" data-element_type=\"widget\" data-widget_type=\"image.default\">\n\t\t\t\t<div class=\"elementor-widget-container\">\n\t\t\t\t\t<div class=\"elementor-image\">\n\t\t\t\t\t\t\t\t\t\t<img loading=\"lazy\" decoding=\"async\" width=\"1400\" height=\"1400\" src=\"https:\/\/lavaflow.lt\/wp-content\/uploads\/2024\/04\/Ugne.jpg\" class=\"attachment-full size-full\" alt=\"\" srcset=\"https:\/\/lavaflow.lt\/wp-content\/uploads\/2024\/04\/Ugne.jpg 1400w, https:\/\/lavaflow.lt\/wp-content\/uploads\/2024\/04\/Ugne-300x300.jpg 300w, https:\/\/lavaflow.lt\/wp-content\/uploads\/2024\/04\/Ugne-1024x1024.jpg 1024w, https:\/\/lavaflow.lt\/wp-content\/uploads\/2024\/04\/Ugne-150x150.jpg 150w, https:\/\/lavaflow.lt\/wp-content\/uploads\/2024\/04\/Ugne-768x768.jpg 768w, https:\/\/lavaflow.lt\/wp-content\/uploads\/2024\/04\/Ugne-12x12.jpg 12w, https:\/\/lavaflow.lt\/wp-content\/uploads\/2024\/04\/Ugne-1200x1200.jpg 1200w, https:\/\/lavaflow.lt\/wp-content\/uploads\/2024\/04\/Ugne-100x100.jpg 100w\" sizes=\"auto, (max-width: 1400px) 100vw, 1400px\" \/>\t\t\t\t\t\t\t\t\t\t\t<\/div>\n\t\t\t\t<\/div>\n\t\t\t\t<\/div>\n\t\t\t\t\t\t<\/div>\n\t\t\t\t\t<\/div>\n\t\t<\/div>\n\t\t\t\t<div class=\"elementor-column elementor-col-33 elementor-top-column elementor-element elementor-element-dcfd829\" data-id=\"dcfd829\" data-element_type=\"column\">\n\t\t\t<div class=\"elementor-column-wrap elementor-element-populated\">\n\t\t\t\t\t\t\t<div class=\"elementor-widget-wrap\">\n\t\t\t\t\t\t<div class=\"elementor-element elementor-element-f184b47 elementor-widget elementor-widget-heading\" data-id=\"f184b47\" data-element_type=\"widget\" data-widget_type=\"heading.default\">\n\t\t\t\t<div class=\"elementor-widget-container\">\n\t\t\t<h2 class=\"elementor-heading-title elementor-size-default\">Onut\u0117<\/h2>\t\t<\/div>\n\t\t\t\t<\/div>\n\t\t\t\t<div class=\"elementor-element elementor-element-d8fc9e2 elementor-widget elementor-widget-text-editor\" data-id=\"d8fc9e2\" data-element_type=\"widget\" data-widget_type=\"text-editor.default\">\n\t\t\t\t<div class=\"elementor-widget-container\">\n\t\t\t\t\t<div class=\"elementor-text-editor elementor-clearfix\"><div><span lang=\"EN-GB\">Seamstress<\/span><\/div><div><span lang=\"EN-GB\">The Golden hands<\/span><\/div><\/div>\n\t\t\t\t<\/div>\n\t\t\t\t<\/div>\n\t\t\t\t<div class=\"elementor-element elementor-element-a6a0afc elementor-widget elementor-widget-image\" data-id=\"a6a0afc\" data-element_type=\"widget\" data-widget_type=\"image.default\">\n\t\t\t\t<div class=\"elementor-widget-container\">\n\t\t\t\t\t<div class=\"elementor-image\">\n\t\t\t\t\t\t\t\t\t\t<img loading=\"lazy\" decoding=\"async\" width=\"916\" height=\"916\" src=\"https:\/\/lavaflow.lt\/wp-content\/uploads\/2024\/04\/Onute.jpeg\" class=\"attachment-full size-full\" alt=\"\" srcset=\"https:\/\/lavaflow.lt\/wp-content\/uploads\/2024\/04\/Onute.jpeg 916w, https:\/\/lavaflow.lt\/wp-content\/uploads\/2024\/04\/Onute-300x300.jpeg 300w, https:\/\/lavaflow.lt\/wp-content\/uploads\/2024\/04\/Onute-150x150.jpeg 150w, https:\/\/lavaflow.lt\/wp-content\/uploads\/2024\/04\/Onute-768x768.jpeg 768w, https:\/\/lavaflow.lt\/wp-content\/uploads\/2024\/04\/Onute-12x12.jpeg 12w, https:\/\/lavaflow.lt\/wp-content\/uploads\/2024\/04\/Onute-100x100.jpeg 100w\" sizes=\"auto, (max-width: 916px) 100vw, 916px\" \/>\t\t\t\t\t\t\t\t\t\t\t<\/div>\n\t\t\t\t<\/div>\n\t\t\t\t<\/div>\n\t\t\t\t\t\t<\/div>\n\t\t\t\t\t<\/div>\n\t\t<\/div>\n\t\t\t\t<div class=\"elementor-column elementor-col-33 elementor-top-column elementor-element elementor-element-f19bf09\" data-id=\"f19bf09\" data-element_type=\"column\">\n\t\t\t<div class=\"elementor-column-wrap elementor-element-populated\">\n\t\t\t\t\t\t\t<div class=\"elementor-widget-wrap\">\n\t\t\t\t\t\t<div class=\"elementor-element elementor-element-5d093b2 elementor-widget elementor-widget-heading\" data-id=\"5d093b2\" data-element_type=\"widget\" data-widget_type=\"heading.default\">\n\t\t\t\t<div class=\"elementor-widget-container\">\n\t\t\t<h2 class=\"elementor-heading-title elementor-size-default\">Egl\u0117<\/h2>\t\t<\/div>\n\t\t\t\t<\/div>\n\t\t\t\t<div class=\"elementor-element elementor-element-36d1535 elementor-widget elementor-widget-text-editor\" data-id=\"36d1535\" data-element_type=\"widget\" data-widget_type=\"text-editor.default\">\n\t\t\t\t<div class=\"elementor-widget-container\">\n\t\t\t\t\t<div class=\"elementor-text-editor elementor-clearfix\"><div><span lang=\"EN-GB\">Marketing<\/span><\/div><div><span lang=\"EN-GB\">The Agent<\/span><\/div><\/div>\n\t\t\t\t<\/div>\n\t\t\t\t<\/div>\n\t\t\t\t<div class=\"elementor-element elementor-element-4325fb2 elementor-widget elementor-widget-image\" data-id=\"4325fb2\" data-element_type=\"widget\" data-widget_type=\"image.default\">\n\t\t\t\t<div class=\"elementor-widget-container\">\n\t\t\t\t\t<div class=\"elementor-image\">\n\t\t\t\t\t\t\t\t\t\t<img loading=\"lazy\" decoding=\"async\" width=\"1215\" height=\"1216\" src=\"https:\/\/lavaflow.lt\/wp-content\/uploads\/2024\/04\/Egle.jpeg\" class=\"attachment-full size-full\" alt=\"\" srcset=\"https:\/\/lavaflow.lt\/wp-content\/uploads\/2024\/04\/Egle.jpeg 1215w, https:\/\/lavaflow.lt\/wp-content\/uploads\/2024\/04\/Egle-300x300.jpeg 300w, https:\/\/lavaflow.lt\/wp-content\/uploads\/2024\/04\/Egle-1024x1024.jpeg 1024w, https:\/\/lavaflow.lt\/wp-content\/uploads\/2024\/04\/Egle-150x150.jpeg 150w, https:\/\/lavaflow.lt\/wp-content\/uploads\/2024\/04\/Egle-768x769.jpeg 768w, https:\/\/lavaflow.lt\/wp-content\/uploads\/2024\/04\/Egle-12x12.jpeg 12w, https:\/\/lavaflow.lt\/wp-content\/uploads\/2024\/04\/Egle-1200x1201.jpeg 1200w, https:\/\/lavaflow.lt\/wp-content\/uploads\/2024\/04\/Egle-100x100.jpeg 100w\" sizes=\"auto, (max-width: 1215px) 100vw, 1215px\" \/>\t\t\t\t\t\t\t\t\t\t\t<\/div>\n\t\t\t\t<\/div>\n\t\t\t\t<\/div>\n\t\t\t\t\t\t<\/div>\n\t\t\t\t\t<\/div>\n\t\t<\/div>\n\t\t\t\t\t\t\t\t<\/div>\n\t\t\t\t\t<\/div>\n\t\t<\/section>\n\t\t\t\t\t\t<\/div>\n\t\t\t\t\t\t<\/div>\n\t\t\t\t\t<\/div>","protected":false},"excerpt":{"rendered":"<p>About It all started from a dream Lava flow is my journey \u2013 a collection of memories and ideas turned into style, and passionately creating classically contemporary accessories by handcrafting the highest quality of Italian vegetable-tanned leather (more about it here), with an exceptional attention to both versatile and aesthetic details. My story My grandmother [&hellip;]<\/p>","protected":false},"author":1,"featured_media":0,"parent":0,"menu_order":0,"comment_status":"closed","ping_status":"closed","template":"elementor_header_footer","meta":{"_monsterinsights_skip_tracking":false,"_monsterinsights_sitenote_active":false,"_monsterinsights_sitenote_note":"","_monsterinsights_sitenote_category":0,"footnotes":""},"class_list":["post-772","page","type-page","status-publish","hentry","entry","owp-thumbs-layout-horizontal","owp-btn-normal","owp-tabs-layout-horizontal","has-no-thumbnails","has-product-nav"],"acf":[],"_links":{"self":[{"href":"https:\/\/lavaflow.lt\/lt\/wp-json\/wp\/v2\/pages\/772","targetHints":{"allow":["GET"]}}],"collection":[{"href":"https:\/\/lavaflow.lt\/lt\/wp-json\/wp\/v2\/pages"}],"about":[{"href":"https:\/\/lavaflow.lt\/lt\/wp-json\/wp\/v2\/types\/page"}],"author":[{"embeddable":true,"href":"https:\/\/lavaflow.lt\/lt\/wp-json\/wp\/v2\/users\/1"}],"replies":[{"embeddable":true,"href":"https:\/\/lavaflow.lt\/lt\/wp-json\/wp\/v2\/comments?post=772"}],"version-history":[{"count":5,"href":"https:\/\/lavaflow.lt\/lt\/wp-json\/wp\/v2\/pages\/772\/revisions"}],"predecessor-version":[{"id":8718,"href":"https:\/\/lavaflow.lt\/lt\/wp-json\/wp\/v2\/pages\/772\/revisions\/8718"}],"wp:attachment":[{"href":"https:\/\/lavaflow.lt\/lt\/wp-json\/wp\/v2\/media?parent=772"}],"curies":[{"name":"wp","href":"https:\/\/api.w.org\/{rel}","templated":true}]}}