{"id":782,"date":"2018-10-17T09:01:49","date_gmt":"2018-10-17T09:01:49","guid":{"rendered":"https:\/\/lavaflow.lt\/?page_id=782"},"modified":"2025-10-08T21:48:01","modified_gmt":"2025-10-08T18:48:01","slug":"leather-care","status":"publish","type":"page","link":"https:\/\/lavaflow.lt\/lt\/leather-care\/","title":{"rendered":"Prie\u017ei\u016bra"},"content":{"rendered":"<div data-elementor-type=\"wp-post\" data-elementor-id=\"782\" class=\"elementor elementor-782\" data-elementor-settings=\"[]\">\n\t\t\t\t\t\t<div class=\"elementor-inner\">\n\t\t\t\t\t\t\t<div class=\"elementor-section-wrap\">\n\t\t\t\t\t\t\t<section class=\"elementor-section elementor-top-section elementor-element elementor-element-ec58903 elementor-section-content-middle elementor-section-full_width elementor-section-height-min-height elementor-section-height-default elementor-section-items-middle\" data-id=\"ec58903\" data-element_type=\"section\" data-settings=\"{&quot;background_background&quot;:&quot;classic&quot;}\">\n\t\t\t\t\t\t\t<div class=\"elementor-background-overlay\"><\/div>\n\t\t\t\t\t\t\t<div class=\"elementor-container elementor-column-gap-default\">\n\t\t\t\t\t\t\t<div class=\"elementor-row\">\n\t\t\t\t\t<div class=\"elementor-column elementor-col-100 elementor-top-column elementor-element elementor-element-510481c\" data-id=\"510481c\" data-element_type=\"column\">\n\t\t\t<div class=\"elementor-column-wrap elementor-element-populated\">\n\t\t\t\t\t\t\t<div class=\"elementor-widget-wrap\">\n\t\t\t\t\t\t<div class=\"elementor-element elementor-element-4fa7f3b elementor-widget elementor-widget-heading\" data-id=\"4fa7f3b\" data-element_type=\"widget\" data-widget_type=\"heading.default\">\n\t\t\t\t<div class=\"elementor-widget-container\">\n\t\t\t<h1 class=\"elementor-heading-title elementor-size-default\">Prie\u017ei\u016bra<\/h1>\t\t<\/div>\n\t\t\t\t<\/div>\n\t\t\t\t\t\t<\/div>\n\t\t\t\t\t<\/div>\n\t\t<\/div>\n\t\t\t\t\t\t\t\t<\/div>\n\t\t\t\t\t<\/div>\n\t\t<\/section>\n\t\t\t\t<section class=\"elementor-section elementor-top-section elementor-element elementor-element-059a2e3 elementor-section-boxed elementor-section-height-default elementor-section-height-default\" data-id=\"059a2e3\" data-element_type=\"section\">\n\t\t\t\t\t\t<div class=\"elementor-container elementor-column-gap-default\">\n\t\t\t\t\t\t\t<div class=\"elementor-row\">\n\t\t\t\t\t<div class=\"elementor-column elementor-col-100 elementor-top-column elementor-element elementor-element-b5c78a6\" data-id=\"b5c78a6\" data-element_type=\"column\">\n\t\t\t<div class=\"elementor-column-wrap elementor-element-populated\">\n\t\t\t\t\t\t\t<div class=\"elementor-widget-wrap\">\n\t\t\t\t\t\t<div class=\"elementor-element elementor-element-361ef23 elementor-widget elementor-widget-heading\" data-id=\"361ef23\" data-element_type=\"widget\" data-widget_type=\"heading.default\">\n\t\t\t\t<div class=\"elementor-widget-container\">\n\t\t\t<h2 class=\"elementor-heading-title elementor-size-default\">Augalinio rauginimo oda yra nat\u016brali bei organi\u0161ka gamtos med\u017eiaga, pasi\u017eyminti ilgaam\u017ei\u0161kumu.<\/h2>\t\t<\/div>\n\t\t\t\t<\/div>\n\t\t\t\t<div class=\"elementor-element elementor-element-e4cfefe elementor-widget elementor-widget-text-editor\" data-id=\"e4cfefe\" data-element_type=\"widget\" data-widget_type=\"text-editor.default\">\n\t\t\t\t<div class=\"elementor-widget-container\">\n\t\t\t\t\t<div class=\"elementor-text-editor elementor-clearfix\"><p style=\"font-weight: 400;\">You might have heard of \u201cvegetable tanned leather\u201d and wonder what exactly it is. It is a type of leather that is tanned using natural tannins found in trees or plants, instead of chemicals like chrome. Vegetable-tanning is the world\u2019s leather oldest-making tradition, and it is a process that has been perfected over generations in Italy. Compared to synthetically treated leather, vegetable tanned leather is considered qualitative higher, lasts longer and is definitively more environmentally friendly. Because it takes at least 28 times longer to make,vegetable-tanned leather only makes up roughly 10% of all leather available today and is more expensive.<\/p>\n<p style=\"font-weight: 400;\">\u0160iandienin\u0117je aplinkoje tokiu b\u016bdu i\u0161dirbt\u0173 od\u0173 yra ma\u017eiau nei 10% pasaulio od\u0173, kurios yra naudojamos galanterijos pramon\u0117je. Toks i\u0161dirbimas yra atsakingiausias bei brangiausias i\u0161 vis\u0173 odos i\u0161dirbimo b\u016bd\u0173. Augalinio rauginimo oda linkusi gra\u017eiai d\u0117v\u0117tis, tad laikui b\u0117gant ji \u012fgauna dar didesn\u012f \u017eaves\u012f. \u017dinoma, norint, kad oda tarnaut\u0173 kuo ilgiau, b\u016btina j\u0105 pri\u017ei\u016br\u0117ti.<\/p>\n<p style=\"font-weight: 400;\">Svarbu pamin\u0117ti, kad galvijai n\u0117ra veisiami d\u0117l odos \u2013 jie auginami m\u0117sos pramonei, o m\u016bs\u0173 naudojama oda yra tik antrin\u0117 \u017ealiava, kuri kitu atveju b\u016bt\u0173 i\u0161mesta bei savaime be\u012frant daryt\u0173 neigiam\u0105 poveik\u012f aplinkai. Daugiau apie augalinio rauginimo od\u0105 rasite <a href=\"https:\/\/www.youtube.com\/watch?v=HD-EzMbWQTg\"><em>\u010dia<\/em><\/a>.<\/p><\/div>\n\t\t\t\t<\/div>\n\t\t\t\t<\/div>\n\t\t\t\t<div class=\"elementor-element elementor-element-ec941a1 elementor-widget elementor-widget-heading\" data-id=\"ec941a1\" data-element_type=\"widget\" data-widget_type=\"heading.default\">\n\t\t\t\t<div class=\"elementor-widget-container\">\n\t\t\t<h2 class=\"elementor-heading-title elementor-size-default\">Lava flow produktai pagaminti i\u0161 krup\u0161\u010diai atrinktos, sertifikuotos, auk\u0161\u010diausios kokyb\u0117s, tvariai perdirbtos ir i\u0161 eti\u0161kai augint\u0173 galvij\u0173 odos. Kadangi oda yra nat\u016bralus produktas, jis gali keisti savo savybes. \u0160tai kod\u0117l odini\u0173 gamini\u0173 prie\u017ei\u016bra yra labai svarbi, jei norite juo d\u017eiaugtis kuo ilgiau.<\/h2>\t\t<\/div>\n\t\t\t\t<\/div>\n\t\t\t\t\t\t<\/div>\n\t\t\t\t\t<\/div>\n\t\t<\/div>\n\t\t\t\t\t\t\t\t<\/div>\n\t\t\t\t\t<\/div>\n\t\t<\/section>\n\t\t\t\t<section class=\"elementor-section elementor-top-section elementor-element elementor-element-ca1a538 elementor-section-content-middle elementor-section-full_width elementor-section-height-default elementor-section-height-default\" data-id=\"ca1a538\" data-element_type=\"section\">\n\t\t\t\t\t\t<div class=\"elementor-container elementor-column-gap-default\">\n\t\t\t\t\t\t\t<div class=\"elementor-row\">\n\t\t\t\t\t<div class=\"elementor-column elementor-col-50 elementor-top-column elementor-element elementor-element-98964c6\" data-id=\"98964c6\" data-element_type=\"column\">\n\t\t\t<div class=\"elementor-column-wrap elementor-element-populated\">\n\t\t\t\t\t\t\t<div class=\"elementor-widget-wrap\">\n\t\t\t\t\t\t<div class=\"elementor-element elementor-element-4a428c3 elementor-widget elementor-widget-image\" data-id=\"4a428c3\" data-element_type=\"widget\" data-widget_type=\"image.default\">\n\t\t\t\t<div class=\"elementor-widget-container\">\n\t\t\t\t\t<div class=\"elementor-image\">\n\t\t\t\t\t\t\t\t\t\t<img decoding=\"async\" src=\"https:\/\/lavaflow.lt\/wp-content\/uploads\/elementor\/thumbs\/IMG_6834-2-scaled-r5ihy9bdgwwkz2irhbxl49vfeec0urp2f2kqst9x8o.jpg\" title=\"IMG_6834-2\" alt=\"IMG_6834-2\" \/>\t\t\t\t\t\t\t\t\t\t\t<\/div>\n\t\t\t\t<\/div>\n\t\t\t\t<\/div>\n\t\t\t\t<div class=\"elementor-element elementor-element-d721660 elementor-widget elementor-widget-image\" data-id=\"d721660\" data-element_type=\"widget\" data-widget_type=\"image.default\">\n\t\t\t\t<div class=\"elementor-widget-container\">\n\t\t\t\t\t<div class=\"elementor-image\">\n\t\t\t\t\t\t\t\t\t\t<img decoding=\"async\" src=\"https:\/\/lavaflow.lt\/wp-content\/uploads\/elementor\/thumbs\/IMG_6854-2-scaled-r5ihy0utrel02kv1uq9xzu0a1xhpxhrhdwpdhbmgso.jpg\" title=\"IMG_6854-2\" alt=\"IMG_6854-2\" \/>\t\t\t\t\t\t\t\t\t\t\t<\/div>\n\t\t\t\t<\/div>\n\t\t\t\t<\/div>\n\t\t\t\t\t\t<\/div>\n\t\t\t\t\t<\/div>\n\t\t<\/div>\n\t\t\t\t<div class=\"elementor-column elementor-col-50 elementor-top-column elementor-element elementor-element-a64e527\" data-id=\"a64e527\" data-element_type=\"column\">\n\t\t\t<div class=\"elementor-column-wrap elementor-element-populated\">\n\t\t\t\t\t\t\t<div class=\"elementor-widget-wrap\">\n\t\t\t\t\t\t<div class=\"elementor-element elementor-element-53b6292 elementor-widget elementor-widget-heading\" data-id=\"53b6292\" data-element_type=\"widget\" data-widget_type=\"heading.default\">\n\t\t\t\t<div class=\"elementor-widget-container\">\n\t\t\t<h2 class=\"elementor-heading-title elementor-size-default\">Storage<\/h2>\t\t<\/div>\n\t\t\t\t<\/div>\n\t\t\t\t<div class=\"elementor-element elementor-element-89aac5b elementor-widget elementor-widget-text-editor\" data-id=\"89aac5b\" data-element_type=\"widget\" data-widget_type=\"text-editor.default\">\n\t\t\t\t<div class=\"elementor-widget-container\">\n\t\t\t\t\t<div class=\"elementor-text-editor elementor-clearfix\"><p style=\"font-weight: 400;\">Tinkamas odos laikymas yra vienas i\u0161 papras\u010diausi\u0173 b\u016bd\u0173 i\u0161vengti \u017ealos bei palaikyti tinkam\u0105 gaminio b\u016bkl\u0119. Venkite odin\u012f gamin\u012f laikyti po tiesioginiais saul\u0117s spinduliais ar arti \u0161ildytuv\u0173, radiatori\u0173 (nuo to oda gali i\u0161d\u017ei\u016bti bei sutr\u016bkin\u0117ti bei i\u0161blukti). Rankin\u0119 laikykite med\u017eiaginiame mai\u0161elyje, jie leid\u017eia odai kv\u0117puoti, be to apsaugo nuo brai\u017eymosi. Kad rankin\u0117 neprarast\u0173 formos, rekomenduojame j\u0105 pripildyti popieriumi (senais laikra\u0161\u010diais ar kitais popieriaus liku\u010diais).<\/p><\/div>\n\t\t\t\t<\/div>\n\t\t\t\t<\/div>\n\t\t\t\t\t\t<\/div>\n\t\t\t\t\t<\/div>\n\t\t<\/div>\n\t\t\t\t\t\t\t\t<\/div>\n\t\t\t\t\t<\/div>\n\t\t<\/section>\n\t\t\t\t<section class=\"elementor-section elementor-top-section elementor-element elementor-element-392aa2f elementor-section-content-middle elementor-section-full_width elementor-section-height-default elementor-section-height-default\" data-id=\"392aa2f\" data-element_type=\"section\">\n\t\t\t\t\t\t<div class=\"elementor-container elementor-column-gap-default\">\n\t\t\t\t\t\t\t<div class=\"elementor-row\">\n\t\t\t\t\t<div class=\"elementor-column elementor-col-50 elementor-top-column elementor-element elementor-element-f2bffe9\" data-id=\"f2bffe9\" data-element_type=\"column\">\n\t\t\t<div class=\"elementor-column-wrap elementor-element-populated\">\n\t\t\t\t\t\t\t<div class=\"elementor-widget-wrap\">\n\t\t\t\t\t\t<div class=\"elementor-element elementor-element-bf918ee elementor-widget elementor-widget-heading\" data-id=\"bf918ee\" data-element_type=\"widget\" data-widget_type=\"heading.default\">\n\t\t\t\t<div class=\"elementor-widget-container\">\n\t\t\t<h2 class=\"elementor-heading-title elementor-size-default\">Leather Care<\/h2>\t\t<\/div>\n\t\t\t\t<\/div>\n\t\t\t\t<div class=\"elementor-element elementor-element-ca416f0 elementor-widget elementor-widget-text-editor\" data-id=\"ca416f0\" data-element_type=\"widget\" data-widget_type=\"text-editor.default\">\n\t\t\t\t<div class=\"elementor-widget-container\">\n\t\t\t\t\t<div class=\"elementor-text-editor elementor-clearfix\"><div class=\"translation-block\">Laikydamiesi vos keli\u0173 paprast\u0173 taisykli\u0173, apsaugosite savo gamin\u012f nuo bereikalingo d\u0117v\u0117jimosi bei leisite jam tarnauti ilgiau<\/div><p>Norint pa\u0161alinti ne\u0161varumus, geriausia tai daryti dr\u0117gna \u0161luoste \u2013 pirmiausia rekomenduojame pavalyti ma\u017eiau matomoje rankin\u0117s vietoje patikrinant, ar dr\u0117gm\u0117 nepalieka p\u0117dsak\u0173. \u0160luostei rekomenduojame medvilnin\u012f skudur\u0117l\u012f ar tiesiog sen\u0105 vilnon\u0119 kojin\u0119.<\/p><p>Oda laikui b\u0117gant gali i\u0161d\u017ei\u016bti. Taigi labai svarbu j\u0105 dr\u0117kinti. Nor\u0117dami i\u0161vengti i\u0161saus\u0117jimo ir susirauk\u0161l\u0117jimo, u\u017etepkite \u0161iek tiek odos tepalo ant mink\u0161to skudur\u0117lio ir \u0161velniai j\u012f \u012ftrinkite.<\/p><p>Vienas i\u0161 m\u016bs\u0173 m\u0117gstamiausi\u0173 odos tepal\u0173 yra PALC, kur\u012f galite \u012fsigyti m\u016bs\u0173 parduotuv\u0117je <a href=\"https:\/\/lavaflow.lt\/lt\/shop\/leather-graese\/\">\u010cIA<\/a>. Nat\u016bralios \u0161io balzamo savyb\u0117s pamaitins od\u0105 ir pad\u0117s i\u0161laikyti j\u016bs\u0173 rankin\u0117s \u017eaves\u012f.<\/p><p>Jei oda su\u0161lapo, leiskite jai nat\u016braliai i\u0161d\u017ei\u016bti. Jokiu b\u016bdu odini\u0173 gamini\u0173 ned\u017eiovinkite plauk\u0173 d\u017eiovintuvu ar ned\u0117kite ant kar\u0161to radiatoriaus.<\/p><\/div>\n\t\t\t\t<\/div>\n\t\t\t\t<\/div>\n\t\t\t\t\t\t<\/div>\n\t\t\t\t\t<\/div>\n\t\t<\/div>\n\t\t\t\t<div class=\"elementor-column elementor-col-50 elementor-top-column elementor-element elementor-element-c461b76\" data-id=\"c461b76\" data-element_type=\"column\">\n\t\t\t<div class=\"elementor-column-wrap elementor-element-populated\">\n\t\t\t\t\t\t\t<div class=\"elementor-widget-wrap\">\n\t\t\t\t\t\t<div class=\"elementor-element elementor-element-8d7aef0 elementor-widget elementor-widget-image\" data-id=\"8d7aef0\" data-element_type=\"widget\" data-widget_type=\"image.default\">\n\t\t\t\t<div class=\"elementor-widget-container\">\n\t\t\t\t\t<div class=\"elementor-image\">\n\t\t\t\t\t\t\t\t\t\t<img decoding=\"async\" src=\"https:\/\/lavaflow.lt\/wp-content\/uploads\/elementor\/thumbs\/IMG_6844-2-scaled-r5ihyjnlk3bvfysbh3refwxipbtgr7shbgqr4rwjfc.jpg\" title=\"IMG_6844-2\" alt=\"IMG_6844-2\" \/>\t\t\t\t\t\t\t\t\t\t\t<\/div>\n\t\t\t\t<\/div>\n\t\t\t\t<\/div>\n\t\t\t\t<div class=\"elementor-element elementor-element-b0bc4ff elementor-widget elementor-widget-image\" data-id=\"b0bc4ff\" data-element_type=\"widget\" data-widget_type=\"image.default\">\n\t\t\t\t<div class=\"elementor-widget-container\">\n\t\t\t\t\t<div class=\"elementor-image\">\n\t\t\t\t\t\t\t\t\t\t<img decoding=\"async\" src=\"https:\/\/lavaflow.lt\/wp-content\/uploads\/elementor\/thumbs\/IMG_6849-2-scaled-r5ihyuxnu3q6e3ncz3a07mf129dgrt2w61kwu6dv9k.jpg\" title=\"IMG_6849-2\" alt=\"IMG_6849-2\" \/>\t\t\t\t\t\t\t\t\t\t\t<\/div>\n\t\t\t\t<\/div>\n\t\t\t\t<\/div>\n\t\t\t\t\t\t<\/div>\n\t\t\t\t\t<\/div>\n\t\t<\/div>\n\t\t\t\t\t\t\t\t<\/div>\n\t\t\t\t\t<\/div>\n\t\t<\/section>\n\t\t\t\t\t\t<\/div>\n\t\t\t\t\t\t<\/div>\n\t\t\t\t\t<\/div>","protected":false},"excerpt":{"rendered":"<p>Leather care Vegetable tanned leather is known for its durability and rich patina that develops over time. You might have heard of \u201cvegetable tanned leather\u201d and wonder what exactly it is. It is a type of leather that is tanned using natural tannins found in trees or plants, instead of chemicals like chrome. Vegetable-tanning is [&hellip;]<\/p>","protected":false},"author":1,"featured_media":0,"parent":0,"menu_order":0,"comment_status":"closed","ping_status":"closed","template":"elementor_header_footer","meta":{"_monsterinsights_skip_tracking":false,"_monsterinsights_sitenote_active":false,"_monsterinsights_sitenote_note":"","_monsterinsights_sitenote_category":0,"footnotes":""},"class_list":["post-782","page","type-page","status-publish","hentry","entry","owp-thumbs-layout-horizontal","owp-btn-normal","owp-tabs-layout-horizontal","has-no-thumbnails","has-product-nav"],"acf":[],"_links":{"self":[{"href":"https:\/\/lavaflow.lt\/lt\/wp-json\/wp\/v2\/pages\/782","targetHints":{"allow":["GET"]}}],"collection":[{"href":"https:\/\/lavaflow.lt\/lt\/wp-json\/wp\/v2\/pages"}],"about":[{"href":"https:\/\/lavaflow.lt\/lt\/wp-json\/wp\/v2\/types\/page"}],"author":[{"embeddable":true,"href":"https:\/\/lavaflow.lt\/lt\/wp-json\/wp\/v2\/users\/1"}],"replies":[{"embeddable":true,"href":"https:\/\/lavaflow.lt\/lt\/wp-json\/wp\/v2\/comments?post=782"}],"version-history":[{"count":5,"href":"https:\/\/lavaflow.lt\/lt\/wp-json\/wp\/v2\/pages\/782\/revisions"}],"predecessor-version":[{"id":8714,"href":"https:\/\/lavaflow.lt\/lt\/wp-json\/wp\/v2\/pages\/782\/revisions\/8714"}],"wp:attachment":[{"href":"https:\/\/lavaflow.lt\/lt\/wp-json\/wp\/v2\/media?parent=782"}],"curies":[{"name":"wp","href":"https:\/\/api.w.org\/{rel}","templated":true}]}}