{"id":940,"date":"2018-10-24T15:21:11","date_gmt":"2018-10-24T15:21:11","guid":{"rendered":"https:\/\/lavaflow.lt\/?page_id=940"},"modified":"2021-11-16T17:04:34","modified_gmt":"2021-11-16T15:04:34","slug":"cookies-policy","status":"publish","type":"page","link":"https:\/\/lavaflow.lt\/lt\/cookies-policy\/","title":{"rendered":"Slapuk\u0173 politika"},"content":{"rendered":"<div data-elementor-type=\"wp-post\" data-elementor-id=\"940\" class=\"elementor elementor-940\" data-elementor-settings=\"[]\">\n\t\t\t\t\t\t<div class=\"elementor-inner\">\n\t\t\t\t\t\t\t<div class=\"elementor-section-wrap\">\n\t\t\t\t\t\t\t<section class=\"elementor-section elementor-top-section elementor-element elementor-element-6ba8cce elementor-section-boxed elementor-section-height-default elementor-section-height-default\" data-id=\"6ba8cce\" data-element_type=\"section\">\n\t\t\t\t\t\t<div class=\"elementor-container elementor-column-gap-default\">\n\t\t\t\t\t\t\t<div class=\"elementor-row\">\n\t\t\t\t\t<div class=\"elementor-column elementor-col-33 elementor-top-column elementor-element elementor-element-afcd0eb\" data-id=\"afcd0eb\" data-element_type=\"column\">\n\t\t\t<div class=\"elementor-column-wrap\">\n\t\t\t\t\t\t\t<div class=\"elementor-widget-wrap\">\n\t\t\t\t\t\t\t\t<\/div>\n\t\t\t\t\t<\/div>\n\t\t<\/div>\n\t\t\t\t<div class=\"elementor-column elementor-col-33 elementor-top-column elementor-element elementor-element-340a3be\" data-id=\"340a3be\" data-element_type=\"column\">\n\t\t\t<div class=\"elementor-column-wrap elementor-element-populated\">\n\t\t\t\t\t\t\t<div class=\"elementor-widget-wrap\">\n\t\t\t\t\t\t<div class=\"elementor-element elementor-element-d8acd88 elementor-widget elementor-widget-spacer\" data-id=\"d8acd88\" data-element_type=\"widget\" data-widget_type=\"spacer.default\">\n\t\t\t\t<div class=\"elementor-widget-container\">\n\t\t\t\t\t<div class=\"elementor-spacer\">\n\t\t\t<div class=\"elementor-spacer-inner\"><\/div>\n\t\t<\/div>\n\t\t\t\t<\/div>\n\t\t\t\t<\/div>\n\t\t\t\t<div class=\"elementor-element elementor-element-43c6355 elementor-widget elementor-widget-text-editor\" data-id=\"43c6355\" data-element_type=\"widget\" data-widget_type=\"text-editor.default\">\n\t\t\t\t<div class=\"elementor-widget-container\">\n\t\t\t\t\t<div class=\"elementor-text-editor elementor-clearfix\"><p><a href=\"https:\/\/lavaflow.lt\/lt\/shop\/\">\u2190\u00a0 Gr\u012f\u017eti \u012f parduotuv\u0119\u00a0\u00a0<\/a><\/p><\/div>\n\t\t\t\t<\/div>\n\t\t\t\t<\/div>\n\t\t\t\t<div class=\"elementor-element elementor-element-76eaf9d elementor-widget elementor-widget-heading\" data-id=\"76eaf9d\" data-element_type=\"widget\" data-widget_type=\"heading.default\">\n\t\t\t\t<div class=\"elementor-widget-container\">\n\t\t\t<h1 class=\"elementor-heading-title elementor-size-default\">Slapuk\u0173 politika<\/h1>\t\t<\/div>\n\t\t\t\t<\/div>\n\t\t\t\t<div class=\"elementor-element elementor-element-9012734 elementor-widget elementor-widget-spacer\" data-id=\"9012734\" data-element_type=\"widget\" data-widget_type=\"spacer.default\">\n\t\t\t\t<div class=\"elementor-widget-container\">\n\t\t\t\t\t<div class=\"elementor-spacer\">\n\t\t\t<div class=\"elementor-spacer-inner\"><\/div>\n\t\t<\/div>\n\t\t\t\t<\/div>\n\t\t\t\t<\/div>\n\t\t\t\t\t\t<\/div>\n\t\t\t\t\t<\/div>\n\t\t<\/div>\n\t\t\t\t<div class=\"elementor-column elementor-col-33 elementor-top-column elementor-element elementor-element-6700f90\" data-id=\"6700f90\" data-element_type=\"column\">\n\t\t\t<div class=\"elementor-column-wrap\">\n\t\t\t\t\t\t\t<div class=\"elementor-widget-wrap\">\n\t\t\t\t\t\t\t\t<\/div>\n\t\t\t\t\t<\/div>\n\t\t<\/div>\n\t\t\t\t\t\t\t\t<\/div>\n\t\t\t\t\t<\/div>\n\t\t<\/section>\n\t\t\t\t<section class=\"elementor-section elementor-top-section elementor-element elementor-element-ebcd9f3 elementor-section-full_width elementor-section-height-default elementor-section-height-default\" data-id=\"ebcd9f3\" data-element_type=\"section\">\n\t\t\t\t\t\t<div class=\"elementor-container elementor-column-gap-default\">\n\t\t\t\t\t\t\t<div class=\"elementor-row\">\n\t\t\t\t\t<div class=\"elementor-column elementor-col-100 elementor-top-column elementor-element elementor-element-b0af3dc\" data-id=\"b0af3dc\" data-element_type=\"column\">\n\t\t\t<div class=\"elementor-column-wrap elementor-element-populated\">\n\t\t\t\t\t\t\t<div class=\"elementor-widget-wrap\">\n\t\t\t\t\t\t<div class=\"elementor-element elementor-element-5387f41 elementor-widget-divider--view-line elementor-widget elementor-widget-divider\" data-id=\"5387f41\" data-element_type=\"widget\" data-widget_type=\"divider.default\">\n\t\t\t\t<div class=\"elementor-widget-container\">\n\t\t\t\t\t<div class=\"elementor-divider\">\n\t\t\t<span class=\"elementor-divider-separator\">\n\t\t\t\t\t\t<\/span>\n\t\t<\/div>\n\t\t\t\t<\/div>\n\t\t\t\t<\/div>\n\t\t\t\t\t\t<\/div>\n\t\t\t\t\t<\/div>\n\t\t<\/div>\n\t\t\t\t\t\t\t\t<\/div>\n\t\t\t\t\t<\/div>\n\t\t<\/section>\n\t\t\t\t<section class=\"elementor-section elementor-top-section elementor-element elementor-element-1f6e516 elementor-section-boxed elementor-section-height-default elementor-section-height-default\" data-id=\"1f6e516\" data-element_type=\"section\">\n\t\t\t\t\t\t<div class=\"elementor-container elementor-column-gap-default\">\n\t\t\t\t\t\t\t<div class=\"elementor-row\">\n\t\t\t\t\t<div class=\"elementor-column elementor-col-100 elementor-top-column elementor-element elementor-element-dc9cf90\" data-id=\"dc9cf90\" data-element_type=\"column\">\n\t\t\t<div class=\"elementor-column-wrap elementor-element-populated\">\n\t\t\t\t\t\t\t<div class=\"elementor-widget-wrap\">\n\t\t\t\t\t\t<div class=\"elementor-element elementor-element-1a65e7a elementor-widget elementor-widget-text-editor\" data-id=\"1a65e7a\" data-element_type=\"widget\" data-widget_type=\"text-editor.default\">\n\t\t\t\t<div class=\"elementor-widget-container\">\n\t\t\t\t\t<div class=\"elementor-text-editor elementor-clearfix\"><p><span style=\"font-size: 14px;\">\u201eSlapukas\u201c yra informacijos eilut\u0117, kuri jums priskiria unikal\u0173 identifikatori\u0173, kur\u012f saugome j\u016bs\u0173 kompiuteryje. Tada j\u016bs\u0173 nar\u0161ykl\u0117 pateikia t\u0105 unikal\u0173 identifikatori\u0173, kuris bus naudojamas kiekvien\u0105 kart\u0105, kai pateikiate u\u017eklaus\u0105 svetain\u0117je. Svetain\u0117je naudojame slapukus, kad gal\u0117tume, sekti j\u016bs\u0173 naudotas paslaugas, \u012fra\u0161yti registracijos informacij\u0105, \u012fra\u0161yti j\u016bs\u0173 vartotojo nuostatas, palengvinti pirkimo proced\u016bras ir sekti lankomus puslapius. Slapukai padeda mums suprasti, kaip naudojama svetain\u0117, ir pagerinti J\u016bs\u0173 vartotojo patirt\u012f.\u00a0<\/span><span style=\"font-style: normal; font-variant-caps: normal; caret-color: #626366; color: #626366; font-family: 'Nunito Sans', -apple-system, BlinkMacSystemFont, 'Segoe UI', Helvetica, Arial, sans-serif, 'Apple Color Emoji', 'Segoe UI Emoji', 'Segoe UI Symbol'; font-size: 14.399999618530273px; background-color: #fdfdfd;\">\u00a0<\/span><\/p><p><b>SLAPUKAI IR NAUDOJAMI DUOMENYS<\/b><\/p><p><span style=\"text-decoration: underline;\">Naudojami duomenys<\/span><\/p><p>Taip pat galime rinkti informacij\u0105, kaip pasiekiama Paslauga ir kaip ji naudojama (\"Naudojimo duomenys\"). \u0160ie naudojimo duomenys gali apimti toki\u0105 informacij\u0105 kaip j\u016bs\u0173 kompiuterio interneto protokolo adresas (pvz., IP adresas), nar\u0161ykl\u0117s tipas, nar\u0161ykl\u0117s versija, m\u016bs\u0173 Paslaugos puslapiai, kuriuose lankot\u0117s, j\u016bs\u0173 apsilankymo laikas ir data, laikas, praleistas tuose puslapiuose, unikalus \u012frengini\u0173 identifikatoriai ir kiti diagnostikos duomenys.<\/p><p><span style=\"text-decoration: underline;\">Sekimo ir slapuk\u0173 duomenys<\/span><\/p><p>Naudojame slapukus ir pana\u0161ias sekimo technologijas, kad gal\u0117tume sekti veikl\u0105 m\u016bs\u0173 Paslaugoje ir saugoti tam tikr\u0105 informacij\u0105. Slapukai yra failai su nedideliu duomen\u0173 kiekiu, kurie gali tur\u0117ti anonimin\u012f unikal\u0173 identifikatori\u0173. Slapukai siun\u010diami \u012f j\u016bs\u0173 nar\u0161ykl\u0119 i\u0161 svetain\u0117s ir i\u0161saugomi j\u016bs\u0173 \u012frenginyje. Taip pat naudojamos sekimo technologijos yra \u0161vyturiai, \u017eymos ir scenarijai, skirti rinkti ir sekti informacij\u0105 bei tobulinti ir analizuoti m\u016bs\u0173 paslaug\u0105. Galite nurodyti savo nar\u0161yklei atsisakyti vis\u0173 slapuk\u0173 arba nurodyti, kada slapukas siun\u010diamas. Ta\u010diau jei nepriimsite slapuk\u0173, galb\u016bt negal\u0117site naudotis kai kuriomis m\u016bs\u0173 Paslaugos dalimis.<\/p><p><span style=\"text-decoration: underline;\">M\u016bs\u0173 naudojam\u0173 slapuk\u0173 pavyzd\u017eiai:<\/span><\/p><ol><li><strong>Seanso slapukai.<\/strong> Paslaugai teikti naudojame seanso slapukus.<\/li><li><strong>Nustatym\u0173 slapukai.<\/strong> Naudojame nustatym\u0173 slapukus, kad prisimintume j\u016bs\u0173 nuostatas ir \u012fvairius nustatymus.<\/li><li><strong>Saugumo slapukai.<\/strong> Saugumo tikslais naudojame saugos slapukus.<\/li><\/ol><p><span style=\"text-decoration: underline;\">Duomen\u0173 naudojimas<\/span><\/p><p>\u201eLava flow\u201c naudoja surinktus duomenis \u012fvairiais tikslais:<\/p><ol><li>Teikti ir pri\u017ei\u016br\u0117ti Paslaug\u0105<\/li><li>Nor\u0117dami prane\u0161ti apie m\u016bs\u0173 Paslaugos pakeitimus<\/li><li>Kad gal\u0117tum\u0117te naudotis interaktyviomis m\u016bs\u0173 Paslaugos funkcijomis, kai pasirenkate tai daryti<\/li><li>Teikti klient\u0173 aptarnavim\u0105 ir palaikym\u0105<\/li><li>Pateikti analiz\u0119 ar verting\u0105 informacij\u0105, kad gal\u0117tume pagerinti Paslaug\u0105<\/li><li>Steb\u0117ti Paslaugos naudojim\u0105<\/li><li>Aptikti, u\u017ekirsti keli\u0105 ir spr\u0119sti technines problemas<\/li><\/ol><\/div>\n\t\t\t\t<\/div>\n\t\t\t\t<\/div>\n\t\t\t\t\t\t<\/div>\n\t\t\t\t\t<\/div>\n\t\t<\/div>\n\t\t\t\t\t\t\t\t<\/div>\n\t\t\t\t\t<\/div>\n\t\t<\/section>\n\t\t\t\t<section class=\"elementor-section elementor-top-section elementor-element elementor-element-7b5ae0e elementor-section-boxed elementor-section-height-default elementor-section-height-default\" data-id=\"7b5ae0e\" data-element_type=\"section\">\n\t\t\t\t\t\t<div class=\"elementor-container elementor-column-gap-default\">\n\t\t\t\t\t\t\t<div class=\"elementor-row\">\n\t\t\t\t\t<div class=\"elementor-column elementor-col-100 elementor-top-column elementor-element elementor-element-daf7b79\" data-id=\"daf7b79\" data-element_type=\"column\">\n\t\t\t<div class=\"elementor-column-wrap elementor-element-populated\">\n\t\t\t\t\t\t\t<div class=\"elementor-widget-wrap\">\n\t\t\t\t\t\t<div class=\"elementor-element elementor-element-3197572 elementor-widget elementor-widget-spacer\" data-id=\"3197572\" data-element_type=\"widget\" data-widget_type=\"spacer.default\">\n\t\t\t\t<div class=\"elementor-widget-container\">\n\t\t\t\t\t<div class=\"elementor-spacer\">\n\t\t\t<div class=\"elementor-spacer-inner\"><\/div>\n\t\t<\/div>\n\t\t\t\t<\/div>\n\t\t\t\t<\/div>\n\t\t\t\t<div class=\"elementor-element elementor-element-58284f6 elementor-widget elementor-widget-text-editor\" data-id=\"58284f6\" data-element_type=\"widget\" data-widget_type=\"text-editor.default\">\n\t\t\t\t<div class=\"elementor-widget-container\">\n\t\t\t\t\t<div class=\"elementor-text-editor elementor-clearfix\"><p><a href=\"https:\/\/lavaflow.lt\/lt\/shop\/\">\u2190\u00a0 Gr\u012f\u017eti \u012f parduotuv\u0119\u00a0\u00a0<\/a><\/p><\/div>\n\t\t\t\t<\/div>\n\t\t\t\t<\/div>\n\t\t\t\t<div class=\"elementor-element elementor-element-5c108c6 elementor-widget elementor-widget-spacer\" data-id=\"5c108c6\" data-element_type=\"widget\" data-widget_type=\"spacer.default\">\n\t\t\t\t<div class=\"elementor-widget-container\">\n\t\t\t\t\t<div class=\"elementor-spacer\">\n\t\t\t<div class=\"elementor-spacer-inner\"><\/div>\n\t\t<\/div>\n\t\t\t\t<\/div>\n\t\t\t\t<\/div>\n\t\t\t\t\t\t<\/div>\n\t\t\t\t\t<\/div>\n\t\t<\/div>\n\t\t\t\t\t\t\t\t<\/div>\n\t\t\t\t\t<\/div>\n\t\t<\/section>\n\t\t\t\t\t\t<\/div>\n\t\t\t\t\t\t<\/div>\n\t\t\t\t\t<\/div>","protected":false},"excerpt":{"rendered":"<p>\u2190\u00a0 Back to shop\u00a0\u00a0 Cookies policy A &#8220;Cookie&#8221; is a string of information which assigns you unique identfier that we store on your computer. Your browser then provides that unique identifier to use each time you submit a query to the site. We use cookies on the site to, among other things, keep track of [&hellip;]<\/p>","protected":false},"author":1,"featured_media":0,"parent":0,"menu_order":0,"comment_status":"closed","ping_status":"closed","template":"elementor_header_footer","meta":{"_monsterinsights_skip_tracking":false,"_monsterinsights_sitenote_active":false,"_monsterinsights_sitenote_note":"","_monsterinsights_sitenote_category":0,"footnotes":""},"class_list":["post-940","page","type-page","status-publish","hentry","entry","owp-thumbs-layout-horizontal","owp-btn-normal","owp-tabs-layout-horizontal","has-no-thumbnails","has-product-nav"],"acf":[],"_links":{"self":[{"href":"https:\/\/lavaflow.lt\/lt\/wp-json\/wp\/v2\/pages\/940","targetHints":{"allow":["GET"]}}],"collection":[{"href":"https:\/\/lavaflow.lt\/lt\/wp-json\/wp\/v2\/pages"}],"about":[{"href":"https:\/\/lavaflow.lt\/lt\/wp-json\/wp\/v2\/types\/page"}],"author":[{"embeddable":true,"href":"https:\/\/lavaflow.lt\/lt\/wp-json\/wp\/v2\/users\/1"}],"replies":[{"embeddable":true,"href":"https:\/\/lavaflow.lt\/lt\/wp-json\/wp\/v2\/comments?post=940"}],"version-history":[{"count":21,"href":"https:\/\/lavaflow.lt\/lt\/wp-json\/wp\/v2\/pages\/940\/revisions"}],"predecessor-version":[{"id":3798,"href":"https:\/\/lavaflow.lt\/lt\/wp-json\/wp\/v2\/pages\/940\/revisions\/3798"}],"wp:attachment":[{"href":"https:\/\/lavaflow.lt\/lt\/wp-json\/wp\/v2\/media?parent=940"}],"curies":[{"name":"wp","href":"https:\/\/api.w.org\/{rel}","templated":true}]}}