{"id":3169,"date":"2021-10-01T17:20:23","date_gmt":"2021-10-01T14:20:23","guid":{"rendered":"https:\/\/lavaflow.lt\/?post_type=product&#038;p=3169"},"modified":"2025-12-14T20:45:57","modified_gmt":"2025-12-14T18:45:57","slug":"wallet-taal-croco","status":"publish","type":"product","link":"https:\/\/lavaflow.lt\/lt\/shop\/wallet-taal-croco\/","title":{"rendered":"Pinigin\u0117 Taal"},"content":{"rendered":"<p><strong>Pinigin\u0117s Taal viduje yra 6 skyreliai kortel\u0117ms, 1  skyrelis pinigams ar telefonui bei vienas u\u017esegamas skyrelis monetoms.\u00a0<\/strong><\/p>\n<p>Kiekvienas m\u016bs\u0173 gaminys yra rank\u0173 darbo ir pagamintas i\u0161 nat\u016bralios, sertifikuotos, auk\u0161\u010diausios kokyb\u0117s itali\u0161kos augalinio rauginimo odos, kuri yra apdorota tik nat\u016braliais b\u016bdais ir nekenksminga aplinkai.<\/p>\n<p>Kadangi oda yra organi\u0161kos kilm\u0117s med\u017eiaga, kiekvienas odos gabalas gali tur\u0117ti skirting\u0173 savybi\u0173, toki\u0173 kaip gyv\u016bno strijos ar kitos \u017eym\u0117s. Visa tai parodo, kad kiekvienas m\u016bs\u0173 gaminys yra unikalus.<\/p>\n<p>Kiekvienas m\u016bs\u0173 gaminys pagamintas taip, kad tarnaut\u0173 ir i\u0161likt\u0173 naudingas kuo ilgiau.<\/p>\n<p>&nbsp;<\/p>","protected":false},"excerpt":{"rendered":"<p>Rank\u0173 darbo, nat\u016bralios odos pinigin\u0117. Viduje yra 6 skyreliai kortel\u0117ms, 1 didelis skyrelis pinigams ar telefonui bei vienas u\u017esegamas skyrelis monetoms.<\/p>","protected":false},"featured_media":8324,"comment_status":"open","ping_status":"closed","template":"","meta":{"_monsterinsights_skip_tracking":false,"_monsterinsights_sitenote_active":false,"_monsterinsights_sitenote_note":"","_monsterinsights_sitenote_category":0},"product_brand":[],"product_cat":[61,57],"product_tag":[],"class_list":{"0":"post-3169","1":"product","2":"type-product","3":"status-publish","4":"has-post-thumbnail","6":"product_cat-ready-to-ship","7":"product_cat-wallets","9":"entry","10":"has-media","12":"first","13":"instock","14":"shipping-taxable","15":"purchasable","16":"product-type-simple","17":"has-product-nav","18":"col","19":"span_1_of_3","20":"owp-content-center","21":"owp-thumbs-layout-horizontal","22":"owp-btn-normal","23":"owp-tabs-layout-horizontal"},"acf":[],"_links":{"self":[{"href":"https:\/\/lavaflow.lt\/lt\/wp-json\/wp\/v2\/product\/3169","targetHints":{"allow":["GET"]}}],"collection":[{"href":"https:\/\/lavaflow.lt\/lt\/wp-json\/wp\/v2\/product"}],"about":[{"href":"https:\/\/lavaflow.lt\/lt\/wp-json\/wp\/v2\/types\/product"}],"replies":[{"embeddable":true,"href":"https:\/\/lavaflow.lt\/lt\/wp-json\/wp\/v2\/comments?post=3169"}],"wp:featuredmedia":[{"embeddable":true,"href":"https:\/\/lavaflow.lt\/lt\/wp-json\/wp\/v2\/media\/8324"}],"wp:attachment":[{"href":"https:\/\/lavaflow.lt\/lt\/wp-json\/wp\/v2\/media?parent=3169"}],"wp:term":[{"taxonomy":"product_brand","embeddable":true,"href":"https:\/\/lavaflow.lt\/lt\/wp-json\/wp\/v2\/product_brand?post=3169"},{"taxonomy":"product_cat","embeddable":true,"href":"https:\/\/lavaflow.lt\/lt\/wp-json\/wp\/v2\/product_cat?post=3169"},{"taxonomy":"product_tag","embeddable":true,"href":"https:\/\/lavaflow.lt\/lt\/wp-json\/wp\/v2\/product_tag?post=3169"}],"curies":[{"name":"wp","href":"https:\/\/api.w.org\/{rel}","templated":true}]}}