{"id":4383,"date":"2022-02-13T12:03:16","date_gmt":"2022-02-13T10:03:16","guid":{"rendered":"https:\/\/lavaflow.lt\/?post_type=product&#038;p=4383"},"modified":"2025-02-03T13:49:48","modified_gmt":"2025-02-03T11:49:48","slug":"crossbody-bag-asama-no-1","status":"publish","type":"product","link":"https:\/\/lavaflow.lt\/lt\/shop\/crossbody-bag-asama-no-1\/","title":{"rendered":"Rankin\u0117 Asama no.1"},"content":{"rendered":"<p><strong>Savo klientams norime kurti gaminius, kuriuos b\u016bt\u0173 kuo lengviau prisiderinti savo kasdienyb\u0117je \u2013 daugum\u0105 produkt\u0173 suk\u016br\u0117me su rankenos pasirinkimo galimybe. \u0160i rankin\u0117 n\u0117ra i\u0161imtis \u2013 j\u0105 galite rinktis tiek su trumpa, tiek su ilga rankena.<\/strong><\/p>\n<ul>\n<li><strong>\u2022\u00a0Trumpa rankena yra 40 cm ilgio ir yra skirta laikyti rankoje<\/strong><\/li>\n<li><strong>\u2022\u00a0Ilga rankena yra 82 cm ilgio ir yra skirta d\u0117v\u0117jimui per pet\u012f ir ant peties (kartu \u012fskai\u010diuota ir grandin\u0117 prailginimui)<\/strong><\/li>\n<li><strong>\u2022\u00a0Maksimaliam i\u0161naudojimui galite pasirinkti abiej\u0173 ilgi\u0173 rankenas<\/strong><\/li>\n<\/ul>\n<p>Kiekvienas m\u016bs\u0173 gaminys yra rank\u0173 darbo ir pagamintas i\u0161 nat\u016bralios, sertifikuotos, auk\u0161\u010diausios kokyb\u0117s itali\u0161kos augalinio rauginimo odos, kuri yra apdorota tik nat\u016braliais b\u016bdais ir nekenksminga aplinkai.<\/p>\n<p>Kadangi oda yra organi\u0161kos kilm\u0117s med\u017eiaga, kiekvienas odos gabalas gali tur\u0117ti skirting\u0173 savybi\u0173, toki\u0173 kaip gyv\u016bno strijos ar kitos \u017eym\u0117s. Visa tai parodo, kad kiekvienas m\u016bs\u0173 gaminys yra unikalus.<\/p>\n<p>Kiekvienas m\u016bs\u0173 gaminys pagamintas taip, kad tarnaut\u0173 ir i\u0161likt\u0173 naudingas kuo ilgiau.<\/p>\n<p>GAMINAMA PO U\u017dSAKYMO (\u0161\u012f produkt\u0105 pagaminsime ir i\u0161si\u0173sime per 12 darbo dien\u0173 po u\u017esakymo pateikimo).<\/p>","protected":false},"excerpt":{"rendered":"<p>You can choose the strap You want to wear the bag Asama with. All the straps are adjustable and You can add or change it whenever You want. \u2022\u00a0The short strap is 40 cm and is suitable for hand wearing. \u2022\u00a0The long strap is 82 cm long and is suitable for crossbody or shoulder wearing [&hellip;]<\/p>","protected":false},"featured_media":4390,"comment_status":"open","ping_status":"closed","template":"","meta":{"_monsterinsights_skip_tracking":false,"_monsterinsights_sitenote_active":false,"_monsterinsights_sitenote_note":"","_monsterinsights_sitenote_category":0},"product_brand":[],"product_cat":[65,60],"product_tag":[],"class_list":{"0":"post-4383","1":"product","2":"type-product","3":"status-publish","4":"has-post-thumbnail","6":"product_cat-last-call","7":"product_cat-crossbody-bags","9":"entry","10":"has-media","12":"first","13":"instock","14":"shipping-taxable","15":"purchasable","16":"product-type-variable","17":"has-product-nav","18":"col","19":"span_1_of_3","20":"owp-content-center","21":"owp-thumbs-layout-horizontal","22":"owp-btn-normal","23":"owp-tabs-layout-horizontal"},"acf":[],"_links":{"self":[{"href":"https:\/\/lavaflow.lt\/lt\/wp-json\/wp\/v2\/product\/4383","targetHints":{"allow":["GET"]}}],"collection":[{"href":"https:\/\/lavaflow.lt\/lt\/wp-json\/wp\/v2\/product"}],"about":[{"href":"https:\/\/lavaflow.lt\/lt\/wp-json\/wp\/v2\/types\/product"}],"replies":[{"embeddable":true,"href":"https:\/\/lavaflow.lt\/lt\/wp-json\/wp\/v2\/comments?post=4383"}],"wp:featuredmedia":[{"embeddable":true,"href":"https:\/\/lavaflow.lt\/lt\/wp-json\/wp\/v2\/media\/4390"}],"wp:attachment":[{"href":"https:\/\/lavaflow.lt\/lt\/wp-json\/wp\/v2\/media?parent=4383"}],"wp:term":[{"taxonomy":"product_brand","embeddable":true,"href":"https:\/\/lavaflow.lt\/lt\/wp-json\/wp\/v2\/product_brand?post=4383"},{"taxonomy":"product_cat","embeddable":true,"href":"https:\/\/lavaflow.lt\/lt\/wp-json\/wp\/v2\/product_cat?post=4383"},{"taxonomy":"product_tag","embeddable":true,"href":"https:\/\/lavaflow.lt\/lt\/wp-json\/wp\/v2\/product_tag?post=4383"}],"curies":[{"name":"wp","href":"https:\/\/api.w.org\/{rel}","templated":true}]}}