{"id":5069,"date":"2022-09-12T14:08:36","date_gmt":"2022-09-12T11:08:36","guid":{"rendered":"https:\/\/lavaflow.lt\/?post_type=product&#038;p=5069"},"modified":"2024-08-03T17:13:45","modified_gmt":"2024-08-03T14:13:45","slug":"backpack-alice-arm","status":"publish","type":"product","link":"https:\/\/lavaflow.lt\/lt\/shop\/backpack-alice-arm\/","title":{"rendered":"Kuprin\u0117 Alice Arm"},"content":{"rendered":"<p><b>Minimalistin\u0117 kuprin\u0117 dekoruota mazgais. Smulki kuprin\u0117s odos tekst\u016bra yra labiau atspari \u012fbr\u0117\u017eimams. Kuprin\u0117s viduje yra vienas bendras skyrius bei vienas ma\u017eas skyrelis su u\u017etrauktuku.<\/b><\/p>\n<p>Kiekvienas m\u016bs\u0173 gaminys yra rank\u0173 darbo ir pagamintas i\u0161 nat\u016bralios, sertifikuotos, auk\u0161\u010diausios kokyb\u0117s itali\u0161kos augalinio rauginimo odos, kuri yra apdorota tik nat\u016braliais b\u016bdais ir nekenksminga aplinkai.<\/p>\n<p>Kadangi oda yra organi\u0161kos kilm\u0117s med\u017eiaga, kiekvienas odos gabalas gali tur\u0117ti skirting\u0173 savybi\u0173, toki\u0173 kaip gyv\u016bno strijos ar kitos \u017eym\u0117s. Visa tai parodo, kad kiekvienas m\u016bs\u0173 gaminys yra unikalus.<\/p>\n<p>Kiekvienas m\u016bs\u0173 gaminys pagamintas taip, kad tarnaut\u0173 ir i\u0161likt\u0173 naudingas kuo ilgiau.<\/p>\n<p>GAMINAMA PO U\u017dSAKYMO (\u0161\u012f produkt\u0105 pagaminsime ir i\u0161si\u0173sime per 12 darbo dien\u0173 po u\u017esakymo pateikimo).<\/p>","protected":false},"excerpt":{"rendered":"<p>Minimalist backpack designed with knots. The grain texture\u00a0of leather is more proof of scratches. There is one main section and one small\u00a0zipper pocket\u00a0inside. Each of our\u00a0products is handmade with ethically sourced, 100% natural, certificated Italian vegetable tanned leather, which is the most naturally processed, highest quality, and environmentally friendly. Because natural leather is minimally processed, [&hellip;]<\/p>","protected":false},"featured_media":6794,"comment_status":"open","ping_status":"closed","template":"","meta":{"_monsterinsights_skip_tracking":false,"_monsterinsights_sitenote_active":false,"_monsterinsights_sitenote_note":"","_monsterinsights_sitenote_category":0},"product_brand":[],"product_cat":[46],"product_tag":[],"class_list":{"0":"post-5069","1":"product","2":"type-product","3":"status-publish","4":"has-post-thumbnail","6":"product_cat-backpaks","8":"entry","9":"has-media","11":"first","12":"instock","13":"shipping-taxable","14":"purchasable","15":"product-type-simple","16":"has-product-nav","17":"col","18":"span_1_of_3","19":"owp-content-center","20":"owp-thumbs-layout-horizontal","21":"owp-btn-normal","22":"owp-tabs-layout-horizontal"},"acf":[],"_links":{"self":[{"href":"https:\/\/lavaflow.lt\/lt\/wp-json\/wp\/v2\/product\/5069","targetHints":{"allow":["GET"]}}],"collection":[{"href":"https:\/\/lavaflow.lt\/lt\/wp-json\/wp\/v2\/product"}],"about":[{"href":"https:\/\/lavaflow.lt\/lt\/wp-json\/wp\/v2\/types\/product"}],"replies":[{"embeddable":true,"href":"https:\/\/lavaflow.lt\/lt\/wp-json\/wp\/v2\/comments?post=5069"}],"wp:featuredmedia":[{"embeddable":true,"href":"https:\/\/lavaflow.lt\/lt\/wp-json\/wp\/v2\/media\/6794"}],"wp:attachment":[{"href":"https:\/\/lavaflow.lt\/lt\/wp-json\/wp\/v2\/media?parent=5069"}],"wp:term":[{"taxonomy":"product_brand","embeddable":true,"href":"https:\/\/lavaflow.lt\/lt\/wp-json\/wp\/v2\/product_brand?post=5069"},{"taxonomy":"product_cat","embeddable":true,"href":"https:\/\/lavaflow.lt\/lt\/wp-json\/wp\/v2\/product_cat?post=5069"},{"taxonomy":"product_tag","embeddable":true,"href":"https:\/\/lavaflow.lt\/lt\/wp-json\/wp\/v2\/product_tag?post=5069"}],"curies":[{"name":"wp","href":"https:\/\/api.w.org\/{rel}","templated":true}]}}