{"id":5075,"date":"2022-09-12T14:50:03","date_gmt":"2022-09-12T11:50:03","guid":{"rendered":"https:\/\/lavaflow.lt\/?post_type=product&#038;p=5075"},"modified":"2024-08-02T14:46:53","modified_gmt":"2024-08-02T11:46:53","slug":"crossbody-bag-meru","status":"publish","type":"product","link":"https:\/\/lavaflow.lt\/lt\/shop\/crossbody-bag-meru\/","title":{"rendered":"Rankin\u0117 Meru"},"content":{"rendered":"<p class=\"translation-block\">Paprastoji, minimalistin\u0117 rankin\u0117 Meru. Rankin\u0119 galima d\u0117v\u0117ti keliais b\u016bdais: per pet\u012f naudojant ilg\u0105j\u0105 ranken\u0105 arba kaip delnin\u0119 su trumpaja rankena. Rankin\u0117 u\u017esisega magnetuku.\nIlgosios rankenos ilgis 122cm. J\u012f galima reguliuoti mazgeli\u0173 pagalba.<\/p>\n<p>GAMINAMA PO U\u017dSAKYMO (\u0161\u012f produkt\u0105 pagaminsime ir i\u0161si\u0173sime per 12 darbo dien\u0173 po u\u017esakymo pateikimo).<\/p>\n<p>Kiekvienas m\u016bs\u0173 gaminys yra rank\u0173 darbo ir pagamintas i\u0161 nat\u016bralios, sertifikuotos, auk\u0161\u010diausios kokyb\u0117s itali\u0161kos augalinio rauginimo odos, kuri yra apdorota tik nat\u016braliais b\u016bdais ir nekenksminga aplinkai.<\/p>\n<p>Kadangi oda yra organi\u0161kos kilm\u0117s med\u017eiaga, kiekvienas odos gabalas gali tur\u0117ti skirting\u0173 savybi\u0173, toki\u0173 kaip gyv\u016bno strijos ar kitos \u017eym\u0117s. Visa tai parodo, kad kiekvienas m\u016bs\u0173 gaminys yra unikalus.<\/p>\n<p>Kiekvienas m\u016bs\u0173 gaminys pagamintas taip, kad tarnaut\u0173 ir i\u0161likt\u0173 naudingas kuo ilgiau.<\/p>","protected":false},"excerpt":{"rendered":"<p>Simple and minimalist crossbody bag Meru. There are two different\u00a0options to\u00a0wear the bag: crossbody with a long strap and hand-wear with a short\u00a0handle. The bag closes with the magnet clasp. The long strap is 122 cm long. You can\u00a0adjust the\u00a0length\u00a0using\u00a0knots. MADE TO ORDER (We will\u00a0manufacture and ship the item within 12\u00a0business days\u00a0after payment is received.) [&hellip;]<\/p>","protected":false},"featured_media":6727,"comment_status":"open","ping_status":"closed","template":"","meta":{"_monsterinsights_skip_tracking":false,"_monsterinsights_sitenote_active":false,"_monsterinsights_sitenote_note":"","_monsterinsights_sitenote_category":0},"product_brand":[],"product_cat":[63,60],"product_tag":[],"class_list":{"0":"post-5075","1":"product","2":"type-product","3":"status-publish","4":"has-post-thumbnail","6":"product_cat-favourites","7":"product_cat-crossbody-bags","9":"entry","10":"has-media","12":"first","13":"instock","14":"shipping-taxable","15":"purchasable","16":"product-type-simple","17":"has-product-nav","18":"col","19":"span_1_of_3","20":"owp-content-center","21":"owp-thumbs-layout-horizontal","22":"owp-btn-normal","23":"owp-tabs-layout-horizontal"},"acf":[],"_links":{"self":[{"href":"https:\/\/lavaflow.lt\/lt\/wp-json\/wp\/v2\/product\/5075","targetHints":{"allow":["GET"]}}],"collection":[{"href":"https:\/\/lavaflow.lt\/lt\/wp-json\/wp\/v2\/product"}],"about":[{"href":"https:\/\/lavaflow.lt\/lt\/wp-json\/wp\/v2\/types\/product"}],"replies":[{"embeddable":true,"href":"https:\/\/lavaflow.lt\/lt\/wp-json\/wp\/v2\/comments?post=5075"}],"wp:featuredmedia":[{"embeddable":true,"href":"https:\/\/lavaflow.lt\/lt\/wp-json\/wp\/v2\/media\/6727"}],"wp:attachment":[{"href":"https:\/\/lavaflow.lt\/lt\/wp-json\/wp\/v2\/media?parent=5075"}],"wp:term":[{"taxonomy":"product_brand","embeddable":true,"href":"https:\/\/lavaflow.lt\/lt\/wp-json\/wp\/v2\/product_brand?post=5075"},{"taxonomy":"product_cat","embeddable":true,"href":"https:\/\/lavaflow.lt\/lt\/wp-json\/wp\/v2\/product_cat?post=5075"},{"taxonomy":"product_tag","embeddable":true,"href":"https:\/\/lavaflow.lt\/lt\/wp-json\/wp\/v2\/product_tag?post=5075"}],"curies":[{"name":"wp","href":"https:\/\/api.w.org\/{rel}","templated":true}]}}