{"id":5758,"date":"2023-08-02T09:40:30","date_gmt":"2023-08-02T06:40:30","guid":{"rendered":"https:\/\/lavaflow.lt\/?post_type=product&#038;p=5758"},"modified":"2025-12-14T20:43:55","modified_gmt":"2025-12-14T18:43:55","slug":"crossbody-bag-meru-brown","status":"publish","type":"product","link":"https:\/\/lavaflow.lt\/lt\/shop\/crossbody-bag-meru-brown\/","title":{"rendered":"Rankin\u0117 Meru"},"content":{"rendered":"<p class=\"translation-block\">Paprastoji, minimalistin\u0117 rankin\u0117 Meru. Rankin\u0119 galima d\u0117v\u0117ti keliais b\u016bdais: per pet\u012f naudojant ilg\u0105j\u0105 ranken\u0105 arba kaip delnin\u0119 su trumpaja rankena. Rankin\u0117 u\u017esisega magnetuku.\nIlgosios rankenos ilgis 122cm. J\u012f galima reguliuoti mazgeli\u0173 pagalba.<\/p>\n<p>Kiekvienas m\u016bs\u0173 gaminys yra rank\u0173 darbo ir pagamintas i\u0161 nat\u016bralios, sertifikuotos, auk\u0161\u010diausios kokyb\u0117s itali\u0161kos augalinio rauginimo odos, kuri yra apdorota tik nat\u016braliais b\u016bdais ir nekenksminga aplinkai.<\/p>\n<p>\u0160i oda yra apdirbama nat\u016braliais b\u016bdais, tod\u0117l kiekvienas gaminys turi skirtingas savybes ir yra unikalus. Spalva gali b\u016bti \u0161iek tiek skirtinga nei nuotraukoje.<\/p>\n<p>Kiekvienas m\u016bs\u0173 gaminys pagamintas taip, kad tarnaut\u0173 ir i\u0161likt\u0173 naudingas kuo ilgiau.<\/p>","protected":false},"excerpt":{"rendered":"<p>Simple and minimalist crossbody bag Meru. There are two different\u00a0options to\u00a0wear the bag: crossbody with a long strap and hand-wear with a short\u00a0handle. The bag closes with the magnet clasp. The long strap is 122 cm long. You can\u00a0adjust the\u00a0length\u00a0using\u00a0knots. Each of our\u00a0products is handmade with ethically sourced, 100% natural, certificated Italian vegetable tanned leather, [&hellip;]<\/p>","protected":false},"featured_media":6714,"comment_status":"open","ping_status":"closed","template":"","meta":{"_monsterinsights_skip_tracking":false,"_monsterinsights_sitenote_active":false,"_monsterinsights_sitenote_note":"","_monsterinsights_sitenote_category":0},"product_brand":[],"product_cat":[61,60],"product_tag":[],"class_list":{"0":"post-5758","1":"product","2":"type-product","3":"status-publish","4":"has-post-thumbnail","6":"product_cat-ready-to-ship","7":"product_cat-crossbody-bags","9":"entry","10":"has-media","12":"first","13":"instock","14":"shipping-taxable","15":"purchasable","16":"product-type-simple","17":"has-product-nav","18":"col","19":"span_1_of_3","20":"owp-content-center","21":"owp-thumbs-layout-horizontal","22":"owp-btn-normal","23":"owp-tabs-layout-horizontal"},"acf":[],"_links":{"self":[{"href":"https:\/\/lavaflow.lt\/lt\/wp-json\/wp\/v2\/product\/5758","targetHints":{"allow":["GET"]}}],"collection":[{"href":"https:\/\/lavaflow.lt\/lt\/wp-json\/wp\/v2\/product"}],"about":[{"href":"https:\/\/lavaflow.lt\/lt\/wp-json\/wp\/v2\/types\/product"}],"replies":[{"embeddable":true,"href":"https:\/\/lavaflow.lt\/lt\/wp-json\/wp\/v2\/comments?post=5758"}],"wp:featuredmedia":[{"embeddable":true,"href":"https:\/\/lavaflow.lt\/lt\/wp-json\/wp\/v2\/media\/6714"}],"wp:attachment":[{"href":"https:\/\/lavaflow.lt\/lt\/wp-json\/wp\/v2\/media?parent=5758"}],"wp:term":[{"taxonomy":"product_brand","embeddable":true,"href":"https:\/\/lavaflow.lt\/lt\/wp-json\/wp\/v2\/product_brand?post=5758"},{"taxonomy":"product_cat","embeddable":true,"href":"https:\/\/lavaflow.lt\/lt\/wp-json\/wp\/v2\/product_cat?post=5758"},{"taxonomy":"product_tag","embeddable":true,"href":"https:\/\/lavaflow.lt\/lt\/wp-json\/wp\/v2\/product_tag?post=5758"}],"curies":[{"name":"wp","href":"https:\/\/api.w.org\/{rel}","templated":true}]}}