{"id":5989,"date":"2023-09-11T13:39:18","date_gmt":"2023-09-11T10:39:18","guid":{"rendered":"https:\/\/lavaflow.lt\/?post_type=product&#038;p=5989"},"modified":"2024-11-06T09:18:33","modified_gmt":"2024-11-06T07:18:33","slug":"tote-bag-laguna-darkbrown","status":"publish","type":"product","link":"https:\/\/lavaflow.lt\/lt\/shop\/tote-bag-laguna-darkbrown\/","title":{"rendered":"Rankin\u0117 Laguna"},"content":{"rendered":"<p class=\"translation-block\">Rankin\u0117 Laguna pagaminta i\u0161 mink\u0161tos odos. Patogi rankin\u0117s forma puikiai tiks kasdienai. Viduje yra vienas skyrelis su u\u017etrauktuku bei viena ki\u0161en\u0117l\u0117.<\/p>\n<p>Kiekvienas m\u016bs\u0173 gaminys yra rank\u0173 darbo ir pagamintas i\u0161 nat\u016bralios, sertifikuotos, auk\u0161\u010diausios kokyb\u0117s itali\u0161kos augalinio rauginimo odos, kuri yra apdorota tik nat\u016braliais b\u016bdais ir nekenksminga aplinkai.<\/p>\n<p>\u0160i oda yra apdirbama nat\u016braliais b\u016bdais, tod\u0117l kiekvienas gaminys turi skirtingas savybes ir yra unikalus. Spalva gali b\u016bti \u0161iek tiek skirtinga nei nuotraukoje.<\/p>\n<p>Kiekvienas m\u016bs\u0173 gaminys pagamintas taip, kad tarnaut\u0173 ir i\u0161likt\u0173 naudingas kuo ilgiau.<\/p>\n<p>GAMINAMA PO U\u017dSAKYMO! (Gamin\u012f pagaminsime ir i\u0161si\u0173sime per 12 darbo dien\u0173 po u\u017esakymo gavimo).<\/p>","protected":false},"excerpt":{"rendered":"<p>Tote bag Laguna is made of soft leather. The\u00a0comfortable shape of the bag perfectly fits for everyday. There is one zippered pocket and one simple pocket inside. Each of our\u00a0products is handmade with ethically sourced, 100% natural, certificated Italian vegetable tanned leather, which is the most naturally processed, highest quality, and environmentally friendly. Because natural [&hellip;]<\/p>","protected":false},"featured_media":6670,"comment_status":"open","ping_status":"closed","template":"","meta":{"_monsterinsights_skip_tracking":false,"_monsterinsights_sitenote_active":false,"_monsterinsights_sitenote_note":"","_monsterinsights_sitenote_category":0},"product_brand":[],"product_cat":[63,55],"product_tag":[],"class_list":{"0":"post-5989","1":"product","2":"type-product","3":"status-publish","4":"has-post-thumbnail","6":"product_cat-favourites","7":"product_cat-bags","9":"entry","10":"has-media","12":"first","13":"instock","14":"shipping-taxable","15":"purchasable","16":"product-type-simple","17":"has-product-nav","18":"col","19":"span_1_of_3","20":"owp-content-center","21":"owp-thumbs-layout-horizontal","22":"owp-btn-normal","23":"owp-tabs-layout-horizontal"},"acf":[],"_links":{"self":[{"href":"https:\/\/lavaflow.lt\/lt\/wp-json\/wp\/v2\/product\/5989","targetHints":{"allow":["GET"]}}],"collection":[{"href":"https:\/\/lavaflow.lt\/lt\/wp-json\/wp\/v2\/product"}],"about":[{"href":"https:\/\/lavaflow.lt\/lt\/wp-json\/wp\/v2\/types\/product"}],"replies":[{"embeddable":true,"href":"https:\/\/lavaflow.lt\/lt\/wp-json\/wp\/v2\/comments?post=5989"}],"wp:featuredmedia":[{"embeddable":true,"href":"https:\/\/lavaflow.lt\/lt\/wp-json\/wp\/v2\/media\/6670"}],"wp:attachment":[{"href":"https:\/\/lavaflow.lt\/lt\/wp-json\/wp\/v2\/media?parent=5989"}],"wp:term":[{"taxonomy":"product_brand","embeddable":true,"href":"https:\/\/lavaflow.lt\/lt\/wp-json\/wp\/v2\/product_brand?post=5989"},{"taxonomy":"product_cat","embeddable":true,"href":"https:\/\/lavaflow.lt\/lt\/wp-json\/wp\/v2\/product_cat?post=5989"},{"taxonomy":"product_tag","embeddable":true,"href":"https:\/\/lavaflow.lt\/lt\/wp-json\/wp\/v2\/product_tag?post=5989"}],"curies":[{"name":"wp","href":"https:\/\/api.w.org\/{rel}","templated":true}]}}