{"id":6212,"date":"2023-11-13T14:37:04","date_gmt":"2023-11-13T12:37:04","guid":{"rendered":"https:\/\/lavaflow.lt\/?post_type=product&#038;p=6212"},"modified":"2026-01-27T15:35:48","modified_gmt":"2026-01-27T13:35:48","slug":"backpack-oshima","status":"publish","type":"product","link":"https:\/\/lavaflow.lt\/lt\/shop\/backpack-oshima\/","title":{"rendered":"Kuprin\u0117 oshima"},"content":{"rendered":"<p><b>Vidutinio dyd\u017eio, minimalistinio dizaino kuprin\u0117 Oshima u\u017esegama magnetuko bei virveli\u0173 pagalba. Viduje turi vien\u0105 bendr\u0105 skyri\u0173 bei vien\u0105 ma\u017eesn\u012f skyrel\u012f u\u017esegam\u0105 u\u017etrauktuku.<\/b><\/p>\n<p>Kiekvienas m\u016bs\u0173 gaminys yra rank\u0173 darbo ir pagamintas i\u0161 nat\u016bralios, sertifikuotos, auk\u0161\u010diausios kokyb\u0117s itali\u0161kos augalinio rauginimo odos, kuri yra apdorota tik nat\u016braliais b\u016bdais ir nekenksminga aplinkai.<\/p>\n<p>Kadangi oda yra organi\u0161kos kilm\u0117s med\u017eiaga, kiekvienas odos gabalas gali tur\u0117ti skirting\u0173 savybi\u0173, toki\u0173 kaip gyv\u016bno strijos ar kitos \u017eym\u0117s. Visa tai parodo, kad kiekvienas m\u016bs\u0173 gaminys yra unikalus.<\/p>\n<p>Kiekvienas m\u016bs\u0173 gaminys pagamintas taip, kad tarnaut\u0173 ir i\u0161likt\u0173 naudingas kuo ilgiau.<\/p>\n<p>GAMINAMA PO U\u017dSAKYMO! (Gamin\u012f pagaminsime ir i\u0161si\u0173sime per 12 darbo dien\u0173 po u\u017esakymo gavimo).<\/p>","protected":false},"excerpt":{"rendered":"<p>Medium size backpack designed in a soft, minimalistic shape. Fastened with a magnet and leather cords. \u00a0Equipped with a small zipper pocket inside. Each of our\u00a0products is handmade with ethically sourced, 100% natural, certificated Italian vegetable tanned leather, which is the most naturally processed, highest quality, and environmentally friendly. Because natural leather is minimally processed, [&hellip;]<\/p>","protected":false},"featured_media":6804,"comment_status":"open","ping_status":"closed","template":"","meta":{"_monsterinsights_skip_tracking":false,"_monsterinsights_sitenote_active":false,"_monsterinsights_sitenote_note":"","_monsterinsights_sitenote_category":0},"product_brand":[],"product_cat":[59,46,61],"product_tag":[],"class_list":{"0":"post-6212","1":"product","2":"type-product","3":"status-publish","4":"has-post-thumbnail","6":"product_cat-archive-sale","7":"product_cat-backpaks","8":"product_cat-ready-to-ship","10":"entry","11":"has-media","13":"first","14":"instock","15":"sale","16":"shipping-taxable","17":"purchasable","18":"product-type-simple","19":"has-product-nav","20":"col","21":"span_1_of_3","22":"owp-content-center","23":"owp-thumbs-layout-horizontal","24":"owp-btn-normal","25":"owp-tabs-layout-horizontal"},"acf":[],"_links":{"self":[{"href":"https:\/\/lavaflow.lt\/lt\/wp-json\/wp\/v2\/product\/6212","targetHints":{"allow":["GET"]}}],"collection":[{"href":"https:\/\/lavaflow.lt\/lt\/wp-json\/wp\/v2\/product"}],"about":[{"href":"https:\/\/lavaflow.lt\/lt\/wp-json\/wp\/v2\/types\/product"}],"replies":[{"embeddable":true,"href":"https:\/\/lavaflow.lt\/lt\/wp-json\/wp\/v2\/comments?post=6212"}],"wp:featuredmedia":[{"embeddable":true,"href":"https:\/\/lavaflow.lt\/lt\/wp-json\/wp\/v2\/media\/6804"}],"wp:attachment":[{"href":"https:\/\/lavaflow.lt\/lt\/wp-json\/wp\/v2\/media?parent=6212"}],"wp:term":[{"taxonomy":"product_brand","embeddable":true,"href":"https:\/\/lavaflow.lt\/lt\/wp-json\/wp\/v2\/product_brand?post=6212"},{"taxonomy":"product_cat","embeddable":true,"href":"https:\/\/lavaflow.lt\/lt\/wp-json\/wp\/v2\/product_cat?post=6212"},{"taxonomy":"product_tag","embeddable":true,"href":"https:\/\/lavaflow.lt\/lt\/wp-json\/wp\/v2\/product_tag?post=6212"}],"curies":[{"name":"wp","href":"https:\/\/api.w.org\/{rel}","templated":true}]}}