{"id":6956,"date":"2024-04-10T12:59:28","date_gmt":"2024-04-10T09:59:28","guid":{"rendered":"https:\/\/lavaflow.lt\/?post_type=product&#038;p=6956"},"modified":"2024-04-11T15:16:29","modified_gmt":"2024-04-11T12:16:29","slug":"shoes-nantai-brown","status":"publish","type":"product","link":"https:\/\/lavaflow.lt\/lt\/shop\/shoes-nantai-brown\/","title":{"rendered":"batai nantai"},"content":{"rendered":"<p><strong>Su trenksmu pristatome pirmuosius m\u016bs\u0173 rank\u0173 darbo batus! Nesenstan\u010dio, klasikinio dizaino, derbio stiliaus batai - aktual\u016bs visiems met\u0173 laikams.<\/strong><\/p>\n<p><strong>Kiekviena bat\u0173 si\u016bl\u0117 bei detal\u0117 apgalvota iki smulkmen\u0173, kad batai b\u016bt\u0173 ypa\u010d patog\u016bs ir malon\u016bs d\u0117v\u0117jimo metu. Ypatinga augalinio rauginimo oda ypa\u010d maloniai prisitaiko prie kojos p\u0117dos, sukurdama maksimal\u0173 komfort\u0105 vaik\u0161\u010diojant. Lengvi bei elastingi padai neapsunkina p\u0117d\u0173.<\/strong><\/p>\n<p><strong>GAMINAMA PO U\u017dSAKYMO! (Gamin\u012f pagaminsime ir i\u0161si\u0173sime per 20 darbo dien\u0173 po u\u017esakymo gavimo).<\/strong><\/p>\n<p>Kiekvienas m\u016bs\u0173 gaminys yra rank\u0173 darbo ir pagamintas i\u0161 nat\u016bralios, sertifikuotos, auk\u0161\u010diausios kokyb\u0117s itali\u0161kos augalinio rauginimo odos, kuri yra apdorota tik nat\u016braliais b\u016bdais ir nekenksminga aplinkai.<\/p>\n<p>Kadangi oda yra organi\u0161kos kilm\u0117s med\u017eiaga, kiekvienas odos gabalas gali tur\u0117ti skirting\u0173 savybi\u0173, toki\u0173 kaip gyv\u016bno strijos ar kitos \u017eym\u0117s. Visa tai parodo, kad kiekvienas m\u016bs\u0173 gaminys yra unikalus.<\/p>\n<p>Kiekvienas m\u016bs\u0173 gaminys pagamintas taip, kad tarnaut\u0173 ir i\u0161likt\u0173 naudingas kuo ilgiau.<\/p>","protected":false},"excerpt":{"rendered":"<p>Embarking on a journey into craftsmanship, our very first pair of handmade shoes from premium vegetable-tanned leather. Inspired by timeless design principles and a passion for artisanal work, these shoes are a testament to both tradition and innovation. Every stitch and detail was infused with care and attention, creating a pair of shoes that not [&hellip;]<\/p>","protected":false},"featured_media":6867,"comment_status":"open","ping_status":"closed","template":"","meta":{"_monsterinsights_skip_tracking":false,"_monsterinsights_sitenote_active":false,"_monsterinsights_sitenote_note":"","_monsterinsights_sitenote_category":0},"product_brand":[],"product_cat":[62],"product_tag":[],"class_list":{"0":"post-6956","1":"product","2":"type-product","3":"status-publish","4":"has-post-thumbnail","6":"product_cat-shoes","8":"entry","9":"has-media","11":"first","12":"instock","13":"shipping-taxable","14":"purchasable","15":"product-type-variable","16":"has-product-nav","17":"col","18":"span_1_of_3","19":"owp-content-center","20":"owp-thumbs-layout-horizontal","21":"owp-btn-normal","22":"owp-tabs-layout-horizontal"},"acf":[],"_links":{"self":[{"href":"https:\/\/lavaflow.lt\/lt\/wp-json\/wp\/v2\/product\/6956","targetHints":{"allow":["GET"]}}],"collection":[{"href":"https:\/\/lavaflow.lt\/lt\/wp-json\/wp\/v2\/product"}],"about":[{"href":"https:\/\/lavaflow.lt\/lt\/wp-json\/wp\/v2\/types\/product"}],"replies":[{"embeddable":true,"href":"https:\/\/lavaflow.lt\/lt\/wp-json\/wp\/v2\/comments?post=6956"}],"wp:featuredmedia":[{"embeddable":true,"href":"https:\/\/lavaflow.lt\/lt\/wp-json\/wp\/v2\/media\/6867"}],"wp:attachment":[{"href":"https:\/\/lavaflow.lt\/lt\/wp-json\/wp\/v2\/media?parent=6956"}],"wp:term":[{"taxonomy":"product_brand","embeddable":true,"href":"https:\/\/lavaflow.lt\/lt\/wp-json\/wp\/v2\/product_brand?post=6956"},{"taxonomy":"product_cat","embeddable":true,"href":"https:\/\/lavaflow.lt\/lt\/wp-json\/wp\/v2\/product_cat?post=6956"},{"taxonomy":"product_tag","embeddable":true,"href":"https:\/\/lavaflow.lt\/lt\/wp-json\/wp\/v2\/product_tag?post=6956"}],"curies":[{"name":"wp","href":"https:\/\/api.w.org\/{rel}","templated":true}]}}