{"id":6977,"date":"2024-04-11T10:47:02","date_gmt":"2024-04-11T07:47:02","guid":{"rendered":"https:\/\/lavaflow.lt\/?post_type=product&#038;p=6977"},"modified":"2025-12-14T20:37:53","modified_gmt":"2025-12-14T18:37:53","slug":"tote-bag-laguna-seude","status":"publish","type":"product","link":"https:\/\/lavaflow.lt\/lt\/shop\/tote-bag-laguna-seude\/","title":{"rendered":"Rankin\u0117 Laguna"},"content":{"rendered":"<p><strong>LIMITUOTO LEIDIMO! Rankin\u0117 Laguna pagaminta i\u0161 mink\u0161tos zom\u0161o odos. Patogi rankin\u0117s forma puikiai tiks kasdienai. Viduje yra vienas skyrelis su <\/strong><b>u\u017etrauktuku bei paprasta ki\u0161en\u0117le.<\/b><\/p>\n<div class=\"flex-shrink-0 flex flex-col relative items-end\">\n<div class=\"pt-0.5\">\n<div class=\"gizmo-shadow-stroke flex h-6 w-6 items-center justify-center overflow-hidden rounded-full\">\n<div class=\"relative p-1 rounded-sm h-9 w-9 text-white flex items-center justify-center\">Norint, kad zom\u0161in\u0117 rankin\u0117 tarnaut\u0173 kuo ilgiau, svarbu j\u0105 tinkamai pri\u017ei\u016br\u0117ti. Prie\u0161 pradedant naudoti patariame rankin\u0119 i\u0161purk\u0161ti nano impregnantu (svarbu - leisti pilnai i\u0161d\u017ei\u016bti). V\u0117liau ma\u017eesnes d\u0117meles valyti tik sausuoju b\u016bdu, specialiu zom\u0161ui \u0161epet\u0117liu ar trintuku. Jei rankinei reikalingas \u0161lapias valymas, rinkit\u0117s specializuot\u0105 zom\u0161o valikl\u012f ar putas. Tokiu atveju, kad i\u0161vengti papildom\u0173 valiklio d\u0117mi\u0173, rekomenduojame valyti i\u0161 karto vis\u0105 rankin\u0119.<\/div>\n<div><\/div>\n<div>TURIME PAGAMINT\u0104!<\/div>\n<\/div>\n<\/div>\n<\/div>","protected":false},"excerpt":{"rendered":"<p>LIMITED! Tote bag Laguna is made of soft seude leather. The comfortable shape of the bag perfectly fits for everyday. There is one zippered pocket and one simple pocket inside. Caring for suede leather is essential to maintain its luxurious texture and appearance. Use a suede brush to gently remove dirt and restore the nap. [&hellip;]<\/p>","protected":false},"featured_media":8867,"comment_status":"open","ping_status":"closed","template":"","meta":{"_monsterinsights_skip_tracking":false,"_monsterinsights_sitenote_active":false,"_monsterinsights_sitenote_note":"","_monsterinsights_sitenote_category":0},"product_brand":[],"product_cat":[55,48,61],"product_tag":[],"class_list":{"0":"post-6977","1":"product","2":"type-product","3":"status-publish","4":"has-post-thumbnail","6":"product_cat-bags","7":"product_cat-limited-edition","8":"product_cat-ready-to-ship","10":"entry","11":"has-media","13":"first","14":"instock","15":"shipping-taxable","16":"purchasable","17":"product-type-simple","18":"has-product-nav","19":"col","20":"span_1_of_3","21":"owp-content-center","22":"owp-thumbs-layout-horizontal","23":"owp-btn-normal","24":"owp-tabs-layout-horizontal"},"acf":[],"_links":{"self":[{"href":"https:\/\/lavaflow.lt\/lt\/wp-json\/wp\/v2\/product\/6977","targetHints":{"allow":["GET"]}}],"collection":[{"href":"https:\/\/lavaflow.lt\/lt\/wp-json\/wp\/v2\/product"}],"about":[{"href":"https:\/\/lavaflow.lt\/lt\/wp-json\/wp\/v2\/types\/product"}],"replies":[{"embeddable":true,"href":"https:\/\/lavaflow.lt\/lt\/wp-json\/wp\/v2\/comments?post=6977"}],"wp:featuredmedia":[{"embeddable":true,"href":"https:\/\/lavaflow.lt\/lt\/wp-json\/wp\/v2\/media\/8867"}],"wp:attachment":[{"href":"https:\/\/lavaflow.lt\/lt\/wp-json\/wp\/v2\/media?parent=6977"}],"wp:term":[{"taxonomy":"product_brand","embeddable":true,"href":"https:\/\/lavaflow.lt\/lt\/wp-json\/wp\/v2\/product_brand?post=6977"},{"taxonomy":"product_cat","embeddable":true,"href":"https:\/\/lavaflow.lt\/lt\/wp-json\/wp\/v2\/product_cat?post=6977"},{"taxonomy":"product_tag","embeddable":true,"href":"https:\/\/lavaflow.lt\/lt\/wp-json\/wp\/v2\/product_tag?post=6977"}],"curies":[{"name":"wp","href":"https:\/\/api.w.org\/{rel}","templated":true}]}}