{"id":7136,"date":"2024-05-24T12:15:01","date_gmt":"2024-05-24T09:15:01","guid":{"rendered":"https:\/\/lavaflow.lt\/?post_type=product&#038;p=7136"},"modified":"2024-08-02T14:45:29","modified_gmt":"2024-08-02T11:45:29","slug":"crossbody-bag-meru-cognacbrown","status":"publish","type":"product","link":"https:\/\/lavaflow.lt\/lt\/shop\/crossbody-bag-meru-cognacbrown\/","title":{"rendered":"Rankin\u0117 Meru"},"content":{"rendered":"<p class=\"translation-block\">Paprastoji, minimalistin\u0117 rankin\u0117 Meru. Rankin\u0119 galima d\u0117v\u0117ti keliais b\u016bdais: per pet\u012f naudojant ilg\u0105j\u0105 ranken\u0105 arba kaip delnin\u0119 su trumpaja rankena. Rankin\u0117 u\u017esisega magnetuku.\nIlgosios rankenos ilgis 122cm. J\u012f galima reguliuoti mazgeli\u0173 pagalba.<\/p>\n<p>GAMINAMA PAGAL U\u017dSAKYM\u0104 (produktas bus pagamintas ir i\u0161si\u0173stas per 30 darbo dien\u0173 po apmok\u0117jimo).<\/p>\n<p>Kiekvienas m\u016bs\u0173 gaminys yra rank\u0173 darbo ir pagamintas i\u0161 nat\u016bralios, sertifikuotos, auk\u0161\u010diausios kokyb\u0117s itali\u0161kos augalinio rauginimo odos, kuri yra apdorota tik nat\u016braliais b\u016bdais ir nekenksminga aplinkai.<\/p>\n<p>\u0160i oda yra apdirbama nat\u016braliais b\u016bdais, tod\u0117l kiekvienas gaminys turi skirtingas savybes ir yra unikalus. Spalva gali b\u016bti \u0161iek tiek skirtinga nei nuotraukoje.<\/p>\n<p>Kiekvienas m\u016bs\u0173 gaminys pagamintas taip, kad tarnaut\u0173 ir i\u0161likt\u0173 naudingas kuo ilgiau.<\/p>","protected":false},"excerpt":{"rendered":"<p>Simple and minimalist crossbody bag Meru. There are two different\u00a0options to\u00a0wear the bag: crossbody with a long strap and hand-wear with a short\u00a0handle. The bag closes with the magnet clasp. The long strap is 122 cm long. You can\u00a0adjust the\u00a0length\u00a0using\u00a0knots. MADE TO ORDER (We will manufacture and ship the item within 30 business days after [&hellip;]<\/p>","protected":false},"featured_media":7137,"comment_status":"open","ping_status":"closed","template":"","meta":{"_monsterinsights_skip_tracking":false,"_monsterinsights_sitenote_active":false,"_monsterinsights_sitenote_note":"","_monsterinsights_sitenote_category":0},"product_brand":[],"product_cat":[60],"product_tag":[],"class_list":{"0":"post-7136","1":"product","2":"type-product","3":"status-publish","4":"has-post-thumbnail","6":"product_cat-crossbody-bags","8":"entry","9":"has-media","11":"first","12":"instock","13":"shipping-taxable","14":"purchasable","15":"product-type-simple","16":"has-product-nav","17":"col","18":"span_1_of_3","19":"owp-content-center","20":"owp-thumbs-layout-horizontal","21":"owp-btn-normal","22":"owp-tabs-layout-horizontal"},"acf":[],"_links":{"self":[{"href":"https:\/\/lavaflow.lt\/lt\/wp-json\/wp\/v2\/product\/7136","targetHints":{"allow":["GET"]}}],"collection":[{"href":"https:\/\/lavaflow.lt\/lt\/wp-json\/wp\/v2\/product"}],"about":[{"href":"https:\/\/lavaflow.lt\/lt\/wp-json\/wp\/v2\/types\/product"}],"replies":[{"embeddable":true,"href":"https:\/\/lavaflow.lt\/lt\/wp-json\/wp\/v2\/comments?post=7136"}],"wp:featuredmedia":[{"embeddable":true,"href":"https:\/\/lavaflow.lt\/lt\/wp-json\/wp\/v2\/media\/7137"}],"wp:attachment":[{"href":"https:\/\/lavaflow.lt\/lt\/wp-json\/wp\/v2\/media?parent=7136"}],"wp:term":[{"taxonomy":"product_brand","embeddable":true,"href":"https:\/\/lavaflow.lt\/lt\/wp-json\/wp\/v2\/product_brand?post=7136"},{"taxonomy":"product_cat","embeddable":true,"href":"https:\/\/lavaflow.lt\/lt\/wp-json\/wp\/v2\/product_cat?post=7136"},{"taxonomy":"product_tag","embeddable":true,"href":"https:\/\/lavaflow.lt\/lt\/wp-json\/wp\/v2\/product_tag?post=7136"}],"curies":[{"name":"wp","href":"https:\/\/api.w.org\/{rel}","templated":true}]}}