{"id":7457,"date":"2024-11-29T10:34:14","date_gmt":"2024-11-29T08:34:14","guid":{"rendered":"https:\/\/lavaflow.lt\/?post_type=product&#038;p=7457"},"modified":"2025-12-14T20:28:30","modified_gmt":"2025-12-14T18:28:30","slug":"backpack-oshima-seude","status":"publish","type":"product","link":"https:\/\/lavaflow.lt\/lt\/shop\/backpack-oshima-seude\/","title":{"rendered":"Kuprin\u0117 oshima"},"content":{"rendered":"<p><b>Vidutinio dyd\u017eio, minimalistinio dizaino kuprin\u0117 Oshima u\u017esegama magnetuko bei virveli\u0173 pagalba. Viduje turi vien\u0105 bendr\u0105 skyri\u0173 bei vien\u0105 ma\u017eesn\u012f skyrel\u012f u\u017esegam\u0105 u\u017etrauktuku.<\/b><\/p>\n<p>Pagaminti produktai<\/p>","protected":false},"excerpt":{"rendered":"<p>Medium size backpack designed in a soft, minimalistic shape. Fastened with a magnet and leather cords. \u00a0Equipped with a small zipper pocket inside. READY TO SHIP<\/p>","protected":false},"featured_media":8291,"comment_status":"open","ping_status":"closed","template":"","meta":{"_monsterinsights_skip_tracking":false,"_monsterinsights_sitenote_active":false,"_monsterinsights_sitenote_note":"","_monsterinsights_sitenote_category":0},"product_brand":[],"product_cat":[46],"product_tag":[],"class_list":{"0":"post-7457","1":"product","2":"type-product","3":"status-publish","4":"has-post-thumbnail","6":"product_cat-backpaks","8":"entry","9":"has-media","11":"first","12":"instock","13":"shipping-taxable","14":"purchasable","15":"product-type-simple","16":"has-product-nav","17":"col","18":"span_1_of_3","19":"owp-content-center","20":"owp-thumbs-layout-horizontal","21":"owp-btn-normal","22":"owp-tabs-layout-horizontal"},"acf":[],"_links":{"self":[{"href":"https:\/\/lavaflow.lt\/lt\/wp-json\/wp\/v2\/product\/7457","targetHints":{"allow":["GET"]}}],"collection":[{"href":"https:\/\/lavaflow.lt\/lt\/wp-json\/wp\/v2\/product"}],"about":[{"href":"https:\/\/lavaflow.lt\/lt\/wp-json\/wp\/v2\/types\/product"}],"replies":[{"embeddable":true,"href":"https:\/\/lavaflow.lt\/lt\/wp-json\/wp\/v2\/comments?post=7457"}],"wp:featuredmedia":[{"embeddable":true,"href":"https:\/\/lavaflow.lt\/lt\/wp-json\/wp\/v2\/media\/8291"}],"wp:attachment":[{"href":"https:\/\/lavaflow.lt\/lt\/wp-json\/wp\/v2\/media?parent=7457"}],"wp:term":[{"taxonomy":"product_brand","embeddable":true,"href":"https:\/\/lavaflow.lt\/lt\/wp-json\/wp\/v2\/product_brand?post=7457"},{"taxonomy":"product_cat","embeddable":true,"href":"https:\/\/lavaflow.lt\/lt\/wp-json\/wp\/v2\/product_cat?post=7457"},{"taxonomy":"product_tag","embeddable":true,"href":"https:\/\/lavaflow.lt\/lt\/wp-json\/wp\/v2\/product_tag?post=7457"}],"curies":[{"name":"wp","href":"https:\/\/api.w.org\/{rel}","templated":true}]}}