{"id":7932,"date":"2025-03-25T13:59:18","date_gmt":"2025-03-25T11:59:18","guid":{"rendered":"https:\/\/lavaflow.lt\/?post_type=product&#038;p=7932"},"modified":"2025-12-14T20:36:48","modified_gmt":"2025-12-14T18:36:48","slug":"laguna-beige","status":"publish","type":"product","link":"https:\/\/lavaflow.lt\/lt\/shop\/laguna-beige\/","title":{"rendered":"Rankin\u0117 Laguna"},"content":{"rendered":"<p><strong>LIMITUOTO LEIDIMO! Rankin\u0117 Laguna pagaminta i\u0161 mink\u0161tos zom\u0161o odos. Patogi rankin\u0117s forma puikiai tiks kasdienai. Viduje yra vienas skyrelis su <\/strong><b>u\u017etrauktuku bei paprasta ki\u0161en\u0117le.<\/b><\/p>\n<div class=\"flex-shrink-0 flex flex-col relative items-end\">\n<div class=\"pt-0.5\">\n<div class=\"gizmo-shadow-stroke flex h-6 w-6 items-center justify-center overflow-hidden rounded-full\">\n<div class=\"relative p-1 rounded-sm h-9 w-9 text-white flex items-center justify-center\">Caring for suede leather is essential to maintain its luxurious texture and appearance. Use a suede brush to gently remove dirt and restore the nap. Avoid water and opt for specialized suede cleaner for stains. Additionally, apply a suede protector spray to repel moisture and prevent damage. Regular maintenance ensures your suede leather stays soft, supple, and stylish for years to come. Before using, it\u2019s recommended to apply a nano leather care spray to protect the suede leather from moisture and stains, ensuring long-lasting beauty and durability.<\/div>\n<div><\/div>\n<\/div>\n<div>GAMINAMA PO U\u017dSAKYMO! (Gamin\u012f pagaminsime ir i\u0161si\u0173sime per 12 darbo dien\u0173 po u\u017esakymo gavimo).<\/div>\n<div class=\"gizmo-shadow-stroke flex h-6 w-6 items-center justify-center overflow-hidden rounded-full\">\n<div><\/div>\n<div><\/div>\n<\/div>\n<\/div>\n<\/div>","protected":false},"excerpt":{"rendered":"<p>LIMITED! Tote bag Laguna is made of soft seude leather. The comfortable shape of the bag perfectly fits for everyday. There is one zippered pocket and one simple pocket inside. Caring for suede leather is essential to maintain its luxurious texture and appearance. Use a suede brush to gently remove dirt and restore the nap. [&hellip;]<\/p>","protected":false},"featured_media":7933,"comment_status":"open","ping_status":"closed","template":"","meta":{"_monsterinsights_skip_tracking":false,"_monsterinsights_sitenote_active":false,"_monsterinsights_sitenote_note":"","_monsterinsights_sitenote_category":0},"product_brand":[],"product_cat":[63,55],"product_tag":[],"class_list":{"0":"post-7932","1":"product","2":"type-product","3":"status-publish","4":"has-post-thumbnail","6":"product_cat-favourites","7":"product_cat-bags","9":"entry","10":"has-media","12":"first","13":"instock","14":"shipping-taxable","15":"purchasable","16":"product-type-simple","17":"has-product-nav","18":"col","19":"span_1_of_3","20":"owp-content-center","21":"owp-thumbs-layout-horizontal","22":"owp-btn-normal","23":"owp-tabs-layout-horizontal"},"acf":[],"_links":{"self":[{"href":"https:\/\/lavaflow.lt\/lt\/wp-json\/wp\/v2\/product\/7932","targetHints":{"allow":["GET"]}}],"collection":[{"href":"https:\/\/lavaflow.lt\/lt\/wp-json\/wp\/v2\/product"}],"about":[{"href":"https:\/\/lavaflow.lt\/lt\/wp-json\/wp\/v2\/types\/product"}],"replies":[{"embeddable":true,"href":"https:\/\/lavaflow.lt\/lt\/wp-json\/wp\/v2\/comments?post=7932"}],"wp:featuredmedia":[{"embeddable":true,"href":"https:\/\/lavaflow.lt\/lt\/wp-json\/wp\/v2\/media\/7933"}],"wp:attachment":[{"href":"https:\/\/lavaflow.lt\/lt\/wp-json\/wp\/v2\/media?parent=7932"}],"wp:term":[{"taxonomy":"product_brand","embeddable":true,"href":"https:\/\/lavaflow.lt\/lt\/wp-json\/wp\/v2\/product_brand?post=7932"},{"taxonomy":"product_cat","embeddable":true,"href":"https:\/\/lavaflow.lt\/lt\/wp-json\/wp\/v2\/product_cat?post=7932"},{"taxonomy":"product_tag","embeddable":true,"href":"https:\/\/lavaflow.lt\/lt\/wp-json\/wp\/v2\/product_tag?post=7932"}],"curies":[{"name":"wp","href":"https:\/\/api.w.org\/{rel}","templated":true}]}}