{"id":8159,"date":"2025-06-25T15:30:52","date_gmt":"2025-06-25T12:30:52","guid":{"rendered":"https:\/\/lavaflow.lt\/?post_type=product&#038;p=8159"},"modified":"2025-06-25T21:47:59","modified_gmt":"2025-06-25T18:47:59","slug":"leather-impregnation","status":"publish","type":"product","link":"https:\/\/lavaflow.lt\/lt\/shop\/leather-impregnation\/","title":{"rendered":"odos impregnantas"},"content":{"rendered":"<div><strong>NANOTEKO HIDROFOBIN\u0116 NANO DANGA<\/strong>\u00a0 yra puiki priemon\u0117 ilgalaikei avalyn\u0117s impregnacijai \u2013 padengtas pavir\u0161ius bus kur kas atsparesnis purvo d\u0117m\u0117ms, ne\u0161variam vandeniui ir druskoms.<\/div>\n<div><\/div>\n<div><strong>D\u0117mesio<\/strong> \u2013 nerekomenduojame impregnanto naudoti nud\u0117v\u0117tiems pavir\u0161iams dengti, kadangi nano danga nerestauruoja, tik apsaugo pavir\u0161i\u0173. Kadangi impregnantas yra vandens pagrindu, tinkamas tik vanden\u012f sugeriantiems pavir\u0161iams dengti. Kadangi m\u016bs\u0173 impregnantas yra vandens pagrindu, nenaudokite \u0161ios priemon\u0117s, jei J\u016bs\u0173 avalyn\u0117 impregnuota va\u0161ku\/tepalu\/silikonu arba nesugeria vandens.<\/div>\n<div><\/div>\n<div><strong>Kaip naudoti: <\/strong>tiesiog reikia nupurk\u0161ti rankin\u0117s pavir\u0161i\u0173, nu\u0161luostyti (tap\u0161nojant) pertekli\u0173 ir leisti gerai nud\u017ei\u016bti.<\/div>\n<p>&nbsp;<\/p>\n<p>&nbsp;<\/p>","protected":false},"excerpt":{"rendered":"<p>NANOTEKAS HYDROPHOBIC NANO COATING\u00a0 is an excellent tool for long-term impregnation of leather bags or footwear \u2013 the coated surface will be much more resistant to dirt stains, dirty water and salts. Attention \u2013 we do not recommend using the coating to cover worn surfaces, as the nano coating does not restore or repair (it [&hellip;]<\/p>","protected":false},"featured_media":8162,"comment_status":"open","ping_status":"closed","template":"","meta":{"_monsterinsights_skip_tracking":false,"_monsterinsights_sitenote_active":false,"_monsterinsights_sitenote_note":"","_monsterinsights_sitenote_category":0},"product_brand":[],"product_cat":[54],"product_tag":[],"class_list":{"0":"post-8159","1":"product","2":"type-product","3":"status-publish","4":"has-post-thumbnail","6":"product_cat-accessories","8":"entry","9":"has-media","11":"first","12":"instock","13":"shipping-taxable","14":"purchasable","15":"product-type-simple","16":"has-product-nav","17":"col","18":"span_1_of_3","19":"owp-content-center","20":"owp-thumbs-layout-horizontal","21":"owp-btn-normal","22":"owp-tabs-layout-horizontal"},"acf":[],"_links":{"self":[{"href":"https:\/\/lavaflow.lt\/lt\/wp-json\/wp\/v2\/product\/8159","targetHints":{"allow":["GET"]}}],"collection":[{"href":"https:\/\/lavaflow.lt\/lt\/wp-json\/wp\/v2\/product"}],"about":[{"href":"https:\/\/lavaflow.lt\/lt\/wp-json\/wp\/v2\/types\/product"}],"replies":[{"embeddable":true,"href":"https:\/\/lavaflow.lt\/lt\/wp-json\/wp\/v2\/comments?post=8159"}],"wp:featuredmedia":[{"embeddable":true,"href":"https:\/\/lavaflow.lt\/lt\/wp-json\/wp\/v2\/media\/8162"}],"wp:attachment":[{"href":"https:\/\/lavaflow.lt\/lt\/wp-json\/wp\/v2\/media?parent=8159"}],"wp:term":[{"taxonomy":"product_brand","embeddable":true,"href":"https:\/\/lavaflow.lt\/lt\/wp-json\/wp\/v2\/product_brand?post=8159"},{"taxonomy":"product_cat","embeddable":true,"href":"https:\/\/lavaflow.lt\/lt\/wp-json\/wp\/v2\/product_cat?post=8159"},{"taxonomy":"product_tag","embeddable":true,"href":"https:\/\/lavaflow.lt\/lt\/wp-json\/wp\/v2\/product_tag?post=8159"}],"curies":[{"name":"wp","href":"https:\/\/api.w.org\/{rel}","templated":true}]}}