{"id":8918,"date":"2025-12-04T13:22:21","date_gmt":"2025-12-04T11:22:21","guid":{"rendered":"https:\/\/lavaflow.lt\/?post_type=product&#038;p=8918"},"modified":"2025-12-04T14:22:53","modified_gmt":"2025-12-04T12:22:53","slug":"bag-cameroon-black","status":"publish","type":"product","link":"https:\/\/lavaflow.lt\/lt\/shop\/bag-cameroon-black\/","title":{"rendered":"Delnin\u0117 Cameroon"},"content":{"rendered":"<p data-start=\"119\" data-end=\"364\">Cameroon \u2013 tai eleganti\u0161ka, grie\u017etesn\u0117s formos rankin\u0117\/delnin\u0117, akcentuota subtiliomis rankenomis su mazgeliais, leid\u017eian\u010diomis j\u0105 ne\u0161ioti ant peties arba rankoje. Pagaminta i\u0161 auk\u0161\u010diausios kokyb\u0117s augalinio rauginimo odos.\nViduje tvarkingai i\u0161d\u0117styti skyriai, tarp j\u0173 \u2013 u\u017esegamas skyrelis su u\u017etrauktuku, skirtas saugiam b\u016btiniausi\u0173 daikt\u0173 laikymui.<\/p>\n<p>GAMINAMA PO U\u017dSAKYMO! (Gamin\u012f pagaminsime ir i\u0161si\u0173sime per 12 darbo dien\u0173 po u\u017esakymo gavimo).<\/p>","protected":false},"excerpt":{"rendered":"<p>The Cameroon bag features an elegant, lengthwise silhouette with a solid, structured form, elevated by refined straps that allow it to be worn on the shoulder or carried in hand. It is crafted from the highest-quality vegetable-tanned leather. Inside, neatly arranged compartments include a zippered pocket designed to keep your essentials secure. MADE TO ORDER [&hellip;]<\/p>","protected":false},"featured_media":8921,"comment_status":"open","ping_status":"closed","template":"","meta":{"_monsterinsights_skip_tracking":false,"_monsterinsights_sitenote_active":false,"_monsterinsights_sitenote_note":"","_monsterinsights_sitenote_category":0},"product_brand":[],"product_cat":[60],"product_tag":[],"class_list":{"0":"post-8918","1":"product","2":"type-product","3":"status-publish","4":"has-post-thumbnail","6":"product_cat-crossbody-bags","8":"entry","9":"has-media","11":"first","12":"instock","13":"shipping-taxable","14":"purchasable","15":"product-type-simple","16":"has-product-nav","17":"col","18":"span_1_of_3","19":"owp-content-center","20":"owp-thumbs-layout-horizontal","21":"owp-btn-normal","22":"owp-tabs-layout-horizontal"},"acf":[],"_links":{"self":[{"href":"https:\/\/lavaflow.lt\/lt\/wp-json\/wp\/v2\/product\/8918","targetHints":{"allow":["GET"]}}],"collection":[{"href":"https:\/\/lavaflow.lt\/lt\/wp-json\/wp\/v2\/product"}],"about":[{"href":"https:\/\/lavaflow.lt\/lt\/wp-json\/wp\/v2\/types\/product"}],"replies":[{"embeddable":true,"href":"https:\/\/lavaflow.lt\/lt\/wp-json\/wp\/v2\/comments?post=8918"}],"wp:featuredmedia":[{"embeddable":true,"href":"https:\/\/lavaflow.lt\/lt\/wp-json\/wp\/v2\/media\/8921"}],"wp:attachment":[{"href":"https:\/\/lavaflow.lt\/lt\/wp-json\/wp\/v2\/media?parent=8918"}],"wp:term":[{"taxonomy":"product_brand","embeddable":true,"href":"https:\/\/lavaflow.lt\/lt\/wp-json\/wp\/v2\/product_brand?post=8918"},{"taxonomy":"product_cat","embeddable":true,"href":"https:\/\/lavaflow.lt\/lt\/wp-json\/wp\/v2\/product_cat?post=8918"},{"taxonomy":"product_tag","embeddable":true,"href":"https:\/\/lavaflow.lt\/lt\/wp-json\/wp\/v2\/product_tag?post=8918"}],"curies":[{"name":"wp","href":"https:\/\/api.w.org\/{rel}","templated":true}]}}