{"id":8929,"date":"2025-12-04T14:25:07","date_gmt":"2025-12-04T12:25:07","guid":{"rendered":"https:\/\/lavaflow.lt\/?post_type=product&#038;p=8929"},"modified":"2025-12-14T20:42:25","modified_gmt":"2025-12-14T18:42:25","slug":"bag-cameroon-blackseude","status":"publish","type":"product","link":"https:\/\/lavaflow.lt\/lt\/shop\/bag-cameroon-blackseude\/","title":{"rendered":"Delnin\u0117 Cameroon"},"content":{"rendered":"<p data-start=\"119\" data-end=\"364\">Cameroon \u2013 tai eleganti\u0161ka, grie\u017etesn\u0117s formos rankin\u0117\/delnin\u0117, akcentuota subtiliomis rankenomis su mazgeliais, leid\u017eian\u010diomis j\u0105 ne\u0161ioti ant peties arba rankoje. Pagaminta i\u0161 auk\u0161\u010diausios kokyb\u0117s augalinio rauginimo odos.\nViduje tvarkingai i\u0161d\u0117styti skyriai, tarp j\u0173 \u2013 u\u017esegamas skyrelis su u\u017etrauktuku, skirtas saugiam b\u016btiniausi\u0173 daikt\u0173 laikymui.<\/p>","protected":false},"excerpt":{"rendered":"<p>Cameroon \u2013 tai eleganti\u0161ka, grie\u017etesn\u0117s formos rankin\u0117\/delnin\u0117, akcentuota subtiliomis rankenomis su mazgeliais, leid\u017eian\u010diomis j\u0105 ne\u0161ioti ant peties arba rankoje. Pagaminta i\u0161 auk\u0161\u010diausios kokyb\u0117s augalinio rauginimo odos.\nViduje tvarkingai i\u0161d\u0117styti skyriai, tarp j\u0173 \u2013 u\u017esegamas skyrelis su u\u017etrauktuku, skirtas saugiam b\u016btiniausi\u0173 daikt\u0173 laikymui.<\/p>","protected":false},"featured_media":8922,"comment_status":"open","ping_status":"closed","template":"","meta":{"_monsterinsights_skip_tracking":false,"_monsterinsights_sitenote_active":false,"_monsterinsights_sitenote_note":"","_monsterinsights_sitenote_category":0},"product_brand":[],"product_cat":[61,60],"product_tag":[],"class_list":{"0":"post-8929","1":"product","2":"type-product","3":"status-publish","4":"has-post-thumbnail","6":"product_cat-ready-to-ship","7":"product_cat-crossbody-bags","9":"entry","10":"has-media","12":"first","13":"instock","14":"shipping-taxable","15":"purchasable","16":"product-type-simple","17":"has-product-nav","18":"col","19":"span_1_of_3","20":"owp-content-center","21":"owp-thumbs-layout-horizontal","22":"owp-btn-normal","23":"owp-tabs-layout-horizontal"},"acf":[],"_links":{"self":[{"href":"https:\/\/lavaflow.lt\/lt\/wp-json\/wp\/v2\/product\/8929","targetHints":{"allow":["GET"]}}],"collection":[{"href":"https:\/\/lavaflow.lt\/lt\/wp-json\/wp\/v2\/product"}],"about":[{"href":"https:\/\/lavaflow.lt\/lt\/wp-json\/wp\/v2\/types\/product"}],"replies":[{"embeddable":true,"href":"https:\/\/lavaflow.lt\/lt\/wp-json\/wp\/v2\/comments?post=8929"}],"wp:featuredmedia":[{"embeddable":true,"href":"https:\/\/lavaflow.lt\/lt\/wp-json\/wp\/v2\/media\/8922"}],"wp:attachment":[{"href":"https:\/\/lavaflow.lt\/lt\/wp-json\/wp\/v2\/media?parent=8929"}],"wp:term":[{"taxonomy":"product_brand","embeddable":true,"href":"https:\/\/lavaflow.lt\/lt\/wp-json\/wp\/v2\/product_brand?post=8929"},{"taxonomy":"product_cat","embeddable":true,"href":"https:\/\/lavaflow.lt\/lt\/wp-json\/wp\/v2\/product_cat?post=8929"},{"taxonomy":"product_tag","embeddable":true,"href":"https:\/\/lavaflow.lt\/lt\/wp-json\/wp\/v2\/product_tag?post=8929"}],"curies":[{"name":"wp","href":"https:\/\/api.w.org\/{rel}","templated":true}]}}