{"id":9001,"date":"2026-01-27T14:37:53","date_gmt":"2026-01-27T12:37:53","guid":{"rendered":"https:\/\/lavaflow.lt\/?post_type=product&#038;p=9001"},"modified":"2026-01-30T14:07:01","modified_gmt":"2026-01-30T12:07:01","slug":"women-belt-adwa-sale","status":"publish","type":"product","link":"https:\/\/lavaflow.lt\/lt\/shop\/women-belt-adwa-sale\/","title":{"rendered":"Women Belt Adwa"},"content":{"rendered":"<p>Kiekvienas m\u016bs\u0173 gaminys yra rank\u0173 darbo ir pagamintas i\u0161 nat\u016bralios, sertifikuotos, auk\u0161\u010diausios kokyb\u0117s itali\u0161kos augalinio rauginimo odos, kuri yra apdorota tik nat\u016braliais b\u016bdais ir nekenksminga aplinkai.<\/p>\n<p>Kadangi oda yra organi\u0161kos kilm\u0117s med\u017eiaga, kiekvienas odos gabalas gali tur\u0117ti skirting\u0173 savybi\u0173, toki\u0173 kaip gyv\u016bno strijos ar kitos \u017eym\u0117s. Visa tai parodo, kad kiekvienas m\u016bs\u0173 gaminys yra unikalus.<\/p>\n<p>Kiekvienas m\u016bs\u0173 gaminys pagamintas taip, kad tarnaut\u0173 ir i\u0161likt\u0173 naudingas kuo ilgiau.<\/p>","protected":false},"excerpt":{"rendered":"<p>Each of our\u00a0products is handmade with ethically sourced, 100% natural, certificated Italian vegetable tanned leather, which is the most naturally processed, highest quality, and environmentally friendly. Because natural leather is minimally processed, each\u00a0piece will have individual characteristics that make it unique. Designed and handcrafted to last a lifetime and only gets better with time.<\/p>","protected":false},"featured_media":8895,"comment_status":"open","ping_status":"closed","template":"","meta":{"_monsterinsights_skip_tracking":false,"_monsterinsights_sitenote_active":false,"_monsterinsights_sitenote_note":"","_monsterinsights_sitenote_category":0},"product_brand":[],"product_cat":[59],"product_tag":[],"class_list":{"0":"post-9001","1":"product","2":"type-product","3":"status-publish","4":"has-post-thumbnail","6":"product_cat-archive-sale","8":"entry","9":"has-media","11":"first","12":"outofstock","13":"sale","14":"shipping-taxable","15":"purchasable","16":"product-type-variable","17":"has-product-nav","18":"col","19":"span_1_of_3","20":"owp-content-center","21":"owp-thumbs-layout-horizontal","22":"owp-btn-normal","23":"owp-tabs-layout-horizontal"},"acf":[],"_links":{"self":[{"href":"https:\/\/lavaflow.lt\/lt\/wp-json\/wp\/v2\/product\/9001","targetHints":{"allow":["GET"]}}],"collection":[{"href":"https:\/\/lavaflow.lt\/lt\/wp-json\/wp\/v2\/product"}],"about":[{"href":"https:\/\/lavaflow.lt\/lt\/wp-json\/wp\/v2\/types\/product"}],"replies":[{"embeddable":true,"href":"https:\/\/lavaflow.lt\/lt\/wp-json\/wp\/v2\/comments?post=9001"}],"wp:featuredmedia":[{"embeddable":true,"href":"https:\/\/lavaflow.lt\/lt\/wp-json\/wp\/v2\/media\/8895"}],"wp:attachment":[{"href":"https:\/\/lavaflow.lt\/lt\/wp-json\/wp\/v2\/media?parent=9001"}],"wp:term":[{"taxonomy":"product_brand","embeddable":true,"href":"https:\/\/lavaflow.lt\/lt\/wp-json\/wp\/v2\/product_brand?post=9001"},{"taxonomy":"product_cat","embeddable":true,"href":"https:\/\/lavaflow.lt\/lt\/wp-json\/wp\/v2\/product_cat?post=9001"},{"taxonomy":"product_tag","embeddable":true,"href":"https:\/\/lavaflow.lt\/lt\/wp-json\/wp\/v2\/product_tag?post=9001"}],"curies":[{"name":"wp","href":"https:\/\/api.w.org\/{rel}","templated":true}]}}