{"id":9142,"date":"2026-03-28T22:20:07","date_gmt":"2026-03-28T20:20:07","guid":{"rendered":"https:\/\/lavaflow.lt\/?post_type=product&#038;p=9142"},"modified":"2026-03-28T22:32:13","modified_gmt":"2026-03-28T20:32:13","slug":"crossbody-bag-raja-seudedark","status":"publish","type":"product","link":"https:\/\/lavaflow.lt\/lt\/shop\/crossbody-bag-raja-seudedark\/","title":{"rendered":"Rankin\u0117 Raja"},"content":{"rendered":"<p><strong>Savo klientams norime kurti gaminius, kuriuos b\u016bt\u0173 kuo lengviau prisiderinti savo kasdienyb\u0117je \u2013 daugum\u0105 produkt\u0173 suk\u016br\u0117me su rankenos pasirinkimo galimybe. \u0160i rankin\u0117 n\u0117ra i\u0161imtis \u2013 j\u0105 galite rinktis tiek su trumpa, tiek su ilga rankena.<\/strong><\/p>\n<ul>\n<li><strong>\u2022\u00a0Trumpa rankena yra 40 cm ilgio ir yra skirta laikyti rankoje<\/strong><\/li>\n<li><strong>\u2022 The long strap is 102 cm long and is suitable for crossbody or shoulder wearing.<\/strong><\/li>\n<li><strong>\u2022\u00a0Maksimaliam i\u0161naudojimui galite pasirinkti abiej\u0173 ilgi\u0173 rankenas<\/strong><\/li>\n<\/ul>\n<p>MADE TO ORDER<\/p>","protected":false},"excerpt":{"rendered":"<p>You can choose the strap You want to wear the bag Raja with. All the straps are adjustable and You can add or change it whenever You want. \u2022\u00a0The short strap is 40 cm and is suitable for hand wearing. \u2022 The long strap is 102 cm long and is suitable for crossbody or shoulder [&hellip;]<\/p>","protected":false},"featured_media":9147,"comment_status":"open","ping_status":"closed","template":"","meta":{"_monsterinsights_skip_tracking":false,"_monsterinsights_sitenote_active":false,"_monsterinsights_sitenote_note":"","_monsterinsights_sitenote_category":0},"product_brand":[],"product_cat":[63,60],"product_tag":[],"class_list":{"0":"post-9142","1":"product","2":"type-product","3":"status-publish","4":"has-post-thumbnail","6":"product_cat-favourites","7":"product_cat-crossbody-bags","9":"entry","10":"has-media","12":"first","13":"instock","14":"shipping-taxable","15":"purchasable","16":"product-type-variable","17":"has-product-nav","18":"col","19":"span_1_of_3","20":"owp-content-center","21":"owp-thumbs-layout-horizontal","22":"owp-btn-normal","23":"owp-tabs-layout-horizontal"},"acf":[],"_links":{"self":[{"href":"https:\/\/lavaflow.lt\/lt\/wp-json\/wp\/v2\/product\/9142","targetHints":{"allow":["GET"]}}],"collection":[{"href":"https:\/\/lavaflow.lt\/lt\/wp-json\/wp\/v2\/product"}],"about":[{"href":"https:\/\/lavaflow.lt\/lt\/wp-json\/wp\/v2\/types\/product"}],"replies":[{"embeddable":true,"href":"https:\/\/lavaflow.lt\/lt\/wp-json\/wp\/v2\/comments?post=9142"}],"wp:featuredmedia":[{"embeddable":true,"href":"https:\/\/lavaflow.lt\/lt\/wp-json\/wp\/v2\/media\/9147"}],"wp:attachment":[{"href":"https:\/\/lavaflow.lt\/lt\/wp-json\/wp\/v2\/media?parent=9142"}],"wp:term":[{"taxonomy":"product_brand","embeddable":true,"href":"https:\/\/lavaflow.lt\/lt\/wp-json\/wp\/v2\/product_brand?post=9142"},{"taxonomy":"product_cat","embeddable":true,"href":"https:\/\/lavaflow.lt\/lt\/wp-json\/wp\/v2\/product_cat?post=9142"},{"taxonomy":"product_tag","embeddable":true,"href":"https:\/\/lavaflow.lt\/lt\/wp-json\/wp\/v2\/product_tag?post=9142"}],"curies":[{"name":"wp","href":"https:\/\/api.w.org\/{rel}","templated":true}]}}