{"id":9173,"date":"2026-04-09T14:48:13","date_gmt":"2026-04-09T11:48:13","guid":{"rendered":"https:\/\/lavaflow.lt\/?post_type=product&#038;p=9173"},"modified":"2026-04-09T15:54:05","modified_gmt":"2026-04-09T12:54:05","slug":"crossbody-bag-meru-sale-2","status":"publish","type":"product","link":"https:\/\/lavaflow.lt\/lt\/shop\/crossbody-bag-meru-sale-2\/","title":{"rendered":"Rankin\u0117 Meru"},"content":{"rendered":"<p class=\"translation-block\">Paprastoji, minimalistin\u0117 rankin\u0117 Meru. Rankin\u0119 galima d\u0117v\u0117ti keliais b\u016bdais: per pet\u012f naudojant ilg\u0105j\u0105 ranken\u0105 arba kaip delnin\u0119 su trumpaja rankena. Rankin\u0117 u\u017esisega magnetuku.\nIlgosios rankenos ilgis 122cm. J\u012f galima reguliuoti mazgeli\u0173 pagalba.<\/p>\n<p>Caring for suede leather is essential to maintain its luxurious texture and appearance. Use a suede brush to gently remove dirt and restore the nap. Avoid water and opt for specialized suede cleaner for stains. Additionally, apply a suede protector spray to repel moisture and prevent damage. Regular maintenance ensures your suede leather stays soft, supple, and stylish for years to come. Before using, it\u2019s recommended to apply a nano leather care spray to protect the suede leather from moisture and stains, ensuring long-lasting beauty and durability.<\/p>","protected":false},"excerpt":{"rendered":"<p>Simple and minimalist crossbody bag Meru. There are two different\u00a0options to\u00a0wear the bag: crossbody with a long strap and hand-wear with a short\u00a0handle. The bag closes with the magnet clasp. The long strap is 122 cm long. You can\u00a0adjust the\u00a0length\u00a0using\u00a0knots. Caring for suede leather is essential to maintain its luxurious texture and appearance. Use a [&hellip;]<\/p>","protected":false},"featured_media":7877,"comment_status":"open","ping_status":"closed","template":"","meta":{"_monsterinsights_skip_tracking":false,"_monsterinsights_sitenote_active":false,"_monsterinsights_sitenote_note":"","_monsterinsights_sitenote_category":0},"product_brand":[],"product_cat":[59],"product_tag":[],"class_list":{"0":"post-9173","1":"product","2":"type-product","3":"status-publish","4":"has-post-thumbnail","6":"product_cat-archive-sale","8":"entry","9":"has-media","11":"first","12":"outofstock","13":"sale","14":"shipping-taxable","15":"purchasable","16":"product-type-simple","17":"has-product-nav","18":"col","19":"span_1_of_3","20":"owp-content-center","21":"owp-thumbs-layout-horizontal","22":"owp-btn-normal","23":"owp-tabs-layout-horizontal"},"acf":[],"_links":{"self":[{"href":"https:\/\/lavaflow.lt\/lt\/wp-json\/wp\/v2\/product\/9173","targetHints":{"allow":["GET"]}}],"collection":[{"href":"https:\/\/lavaflow.lt\/lt\/wp-json\/wp\/v2\/product"}],"about":[{"href":"https:\/\/lavaflow.lt\/lt\/wp-json\/wp\/v2\/types\/product"}],"replies":[{"embeddable":true,"href":"https:\/\/lavaflow.lt\/lt\/wp-json\/wp\/v2\/comments?post=9173"}],"wp:featuredmedia":[{"embeddable":true,"href":"https:\/\/lavaflow.lt\/lt\/wp-json\/wp\/v2\/media\/7877"}],"wp:attachment":[{"href":"https:\/\/lavaflow.lt\/lt\/wp-json\/wp\/v2\/media?parent=9173"}],"wp:term":[{"taxonomy":"product_brand","embeddable":true,"href":"https:\/\/lavaflow.lt\/lt\/wp-json\/wp\/v2\/product_brand?post=9173"},{"taxonomy":"product_cat","embeddable":true,"href":"https:\/\/lavaflow.lt\/lt\/wp-json\/wp\/v2\/product_cat?post=9173"},{"taxonomy":"product_tag","embeddable":true,"href":"https:\/\/lavaflow.lt\/lt\/wp-json\/wp\/v2\/product_tag?post=9173"}],"curies":[{"name":"wp","href":"https:\/\/api.w.org\/{rel}","templated":true}]}}